	{"id":20463,"date":"2022-10-18T13:35:24","date_gmt":"2022-10-18T11:35:24","guid":{"rendered":"https:\/\/pyro-depot.de\/afdrukken\/"},"modified":"2025-09-22T16:42:08","modified_gmt":"2025-09-22T14:42:08","slug":"afdruk","status":"publish","type":"page","link":"https:\/\/pyro-depot.de\/nl\/afdruk\/","title":{"rendered":"Afdruk"},"content":{"rendered":"\n<p><strong>Pyro Depot GmbH<\/strong><br>Hengeloer Stra\u00dfe 4<br>48455 Bad Bentheim<br>Duitsland<\/p>\n\n\n\n<p>E-mail: info@pyro-depot.de<br>Handelsregister: Rechtbank Osnabr\u00fcck, HRB221091<br>BTW-identificatienummer: DE452884469<br>Bankgegevens: Sparkasse <br>IBAN:DE65 4015 4530 0036 2439 05<br>Verantwoordelijk volgens \u00a7 55 RStV:<br><\/p>\n\n\n\n<p><strong>Pyro Depot  GmbH<\/strong><br>Hengeloer Stra\u00dfe 4<br>48455 Bad Bentheim<\/p>\n\n\n\n<p>Verantwoordelijke toezichthoudende instantie: <br>Staatliches Gewerbeaufsichtsamt Osnabr\u00fcck<br>Gewerbeaufsichtsamt<br>Johann-Domann-Stra\u00dfe 2<br>49080 Osnabr\u00fcck <\/p>\n\n\n\n<p><\/p>\n","protected":false},"excerpt":{"rendered":"<p>Pyro Depot GmbHHengeloer Stra\u00dfe 448455 Bad BentheimDuitsland E-mail: info@pyro-depot.deHandelsregister: Rechtbank Osnabr\u00fcck, HRB221091BTW-identificatienummer: DE452884469Bankgegevens: Sparkasse IBAN:DE65 4015 4530 0036 2439 05Verantwoordelijk volgens \u00a7 55 RStV: Pyro Depot GmbHHengeloer Stra\u00dfe 448455 Bad Bentheim Verantwoordelijke toezichthoudende instantie: Staatliches Gewerbeaufsichtsamt Osnabr\u00fcckGewerbeaufsichtsamtJohann-Domann-Stra\u00dfe 249080 Osnabr\u00fcck<\/p>\n","protected":false},"author":983,"featured_media":0,"parent":0,"menu_order":0,"comment_status":"closed","ping_status":"closed","template":"template-smallwidth.php","meta":{"_acf_changed":false,"footnotes":""},"class_list":["post-20463","page","type-page","status-publish","hentry"],"acf":[],"yoast_head":"<!-- This site is optimized with the Yoast SEO plugin v26.2 - https:\/\/yoast.com\/wordpress\/plugins\/seo\/ -->\n<title>Afdruk - Pyro Depot<\/title>\n<meta name=\"description\" content=\"Afdruk\" \/>\n<meta name=\"robots\" content=\"index, follow, max-snippet:-1, max-image-preview:large, max-video-preview:-1\" \/>\n<link rel=\"canonical\" href=\"https:\/\/pyro-depot.de\/nl\/afdruk\/\" \/>\n<meta property=\"og:locale\" content=\"nl_NL\" \/>\n<meta property=\"og:type\" content=\"article\" \/>\n<meta property=\"og:title\" content=\"Afdruk - Pyro Depot\" \/>\n<meta property=\"og:description\" content=\"Afdruk\" \/>\n<meta property=\"og:url\" content=\"https:\/\/pyro-depot.de\/nl\/afdruk\/\" \/>\n<meta property=\"og:site_name\" content=\"Pyro Depot\" \/>\n<meta property=\"article:modified_time\" content=\"2025-09-22T14:42:08+00:00\" \/>\n<meta name=\"twitter:card\" content=\"summary_large_image\" \/>\n<meta name=\"twitter:label1\" content=\"Geschatte leestijd\" \/>\n\t<meta name=\"twitter:data1\" content=\"1 minuut\" \/>\n<script type=\"application\/ld+json\" class=\"yoast-schema-graph\">{\"@context\":\"https:\/\/schema.org\",\"@graph\":[{\"@type\":\"WebPage\",\"@id\":\"https:\/\/pyro-depot.de\/nl\/afdruk\/\",\"url\":\"https:\/\/pyro-depot.de\/nl\/afdruk\/\",\"name\":\"Afdruk - Pyro Depot\",\"isPartOf\":{\"@id\":\"https:\/\/pyro-depot.de\/nl\/#website\"},\"datePublished\":\"2022-10-18T11:35:24+00:00\",\"dateModified\":\"2025-09-22T14:42:08+00:00\",\"description\":\"Afdruk\",\"breadcrumb\":{\"@id\":\"https:\/\/pyro-depot.de\/nl\/afdruk\/#breadcrumb\"},\"inLanguage\":\"nl-NL\",\"potentialAction\":[{\"@type\":\"ReadAction\",\"target\":[\"https:\/\/pyro-depot.de\/nl\/afdruk\/\"]}]},{\"@type\":\"BreadcrumbList\",\"@id\":\"https:\/\/pyro-depot.de\/nl\/afdruk\/#breadcrumb\",\"itemListElement\":[{\"@type\":\"ListItem\",\"position\":1,\"name\":\"Home\",\"item\":\"https:\/\/pyro-depot.de\/nl\/\"},{\"@type\":\"ListItem\",\"position\":2,\"name\":\"Afdruk\"}]},{\"@type\":\"WebSite\",\"@id\":\"https:\/\/pyro-depot.de\/nl\/#website\",\"url\":\"https:\/\/pyro-depot.de\/nl\/\",\"name\":\"Pyro Depot\",\"description\":\"Feuerwerk vom Profi\",\"publisher\":{\"@id\":\"https:\/\/pyro-depot.de\/nl\/#organization\"},\"potentialAction\":[{\"@type\":\"SearchAction\",\"target\":{\"@type\":\"EntryPoint\",\"urlTemplate\":\"https:\/\/pyro-depot.de\/nl\/?s={search_term_string}\"},\"query-input\":{\"@type\":\"PropertyValueSpecification\",\"valueRequired\":true,\"valueName\":\"search_term_string\"}}],\"inLanguage\":\"nl-NL\"},{\"@type\":\"Organization\",\"@id\":\"https:\/\/pyro-depot.de\/nl\/#organization\",\"name\":\"Pyro Depot\",\"url\":\"https:\/\/pyro-depot.de\/nl\/\",\"logo\":{\"@type\":\"ImageObject\",\"inLanguage\":\"nl-NL\",\"@id\":\"https:\/\/pyro-depot.de\/nl\/#\/schema\/logo\/image\/\",\"url\":\"https:\/\/pyro-depot.de\/wp-content\/uploads\/2024\/10\/cropped-cropped-logo-pyro-elgato.png\",\"contentUrl\":\"https:\/\/pyro-depot.de\/wp-content\/uploads\/2024\/10\/cropped-cropped-logo-pyro-elgato.png\",\"width\":457,\"height\":292,\"caption\":\"Pyro Depot\"},\"image\":{\"@id\":\"https:\/\/pyro-depot.de\/nl\/#\/schema\/logo\/image\/\"}}]}<\/script>\n<!-- \/ Yoast SEO plugin. -->","yoast_head_json":{"title":"Afdruk - Pyro Depot","description":"Afdruk","robots":{"index":"index","follow":"follow","max-snippet":"max-snippet:-1","max-image-preview":"max-image-preview:large","max-video-preview":"max-video-preview:-1"},"canonical":"https:\/\/pyro-depot.de\/nl\/afdruk\/","og_locale":"nl_NL","og_type":"article","og_title":"Afdruk - Pyro Depot","og_description":"Afdruk","og_url":"https:\/\/pyro-depot.de\/nl\/afdruk\/","og_site_name":"Pyro Depot","article_modified_time":"2025-09-22T14:42:08+00:00","twitter_card":"summary_large_image","twitter_misc":{"Geschatte leestijd":"1 minuut"},"schema":{"@context":"https:\/\/schema.org","@graph":[{"@type":"WebPage","@id":"https:\/\/pyro-depot.de\/nl\/afdruk\/","url":"https:\/\/pyro-depot.de\/nl\/afdruk\/","name":"Afdruk - Pyro Depot","isPartOf":{"@id":"https:\/\/pyro-depot.de\/nl\/#website"},"datePublished":"2022-10-18T11:35:24+00:00","dateModified":"2025-09-22T14:42:08+00:00","description":"Afdruk","breadcrumb":{"@id":"https:\/\/pyro-depot.de\/nl\/afdruk\/#breadcrumb"},"inLanguage":"nl-NL","potentialAction":[{"@type":"ReadAction","target":["https:\/\/pyro-depot.de\/nl\/afdruk\/"]}]},{"@type":"BreadcrumbList","@id":"https:\/\/pyro-depot.de\/nl\/afdruk\/#breadcrumb","itemListElement":[{"@type":"ListItem","position":1,"name":"Home","item":"https:\/\/pyro-depot.de\/nl\/"},{"@type":"ListItem","position":2,"name":"Afdruk"}]},{"@type":"WebSite","@id":"https:\/\/pyro-depot.de\/nl\/#website","url":"https:\/\/pyro-depot.de\/nl\/","name":"Pyro Depot","description":"Feuerwerk vom Profi","publisher":{"@id":"https:\/\/pyro-depot.de\/nl\/#organization"},"potentialAction":[{"@type":"SearchAction","target":{"@type":"EntryPoint","urlTemplate":"https:\/\/pyro-depot.de\/nl\/?s={search_term_string}"},"query-input":{"@type":"PropertyValueSpecification","valueRequired":true,"valueName":"search_term_string"}}],"inLanguage":"nl-NL"},{"@type":"Organization","@id":"https:\/\/pyro-depot.de\/nl\/#organization","name":"Pyro Depot","url":"https:\/\/pyro-depot.de\/nl\/","logo":{"@type":"ImageObject","inLanguage":"nl-NL","@id":"https:\/\/pyro-depot.de\/nl\/#\/schema\/logo\/image\/","url":"https:\/\/pyro-depot.de\/wp-content\/uploads\/2024\/10\/cropped-cropped-logo-pyro-elgato.png","contentUrl":"https:\/\/pyro-depot.de\/wp-content\/uploads\/2024\/10\/cropped-cropped-logo-pyro-elgato.png","width":457,"height":292,"caption":"Pyro Depot"},"image":{"@id":"https:\/\/pyro-depot.de\/nl\/#\/schema\/logo\/image\/"}}]}},"_links":{"self":[{"href":"https:\/\/pyro-depot.de\/nl\/wp-json\/wp\/v2\/pages\/20463","targetHints":{"allow":["GET"]}}],"collection":[{"href":"https:\/\/pyro-depot.de\/nl\/wp-json\/wp\/v2\/pages"}],"about":[{"href":"https:\/\/pyro-depot.de\/nl\/wp-json\/wp\/v2\/types\/page"}],"author":[{"embeddable":true,"href":"https:\/\/pyro-depot.de\/nl\/wp-json\/wp\/v2\/users\/983"}],"replies":[{"embeddable":true,"href":"https:\/\/pyro-depot.de\/nl\/wp-json\/wp\/v2\/comments?post=20463"}],"version-history":[{"count":4,"href":"https:\/\/pyro-depot.de\/nl\/wp-json\/wp\/v2\/pages\/20463\/revisions"}],"predecessor-version":[{"id":22398,"href":"https:\/\/pyro-depot.de\/nl\/wp-json\/wp\/v2\/pages\/20463\/revisions\/22398"}],"wp:attachment":[{"href":"https:\/\/pyro-depot.de\/nl\/wp-json\/wp\/v2\/media?parent=20463"}],"curies":[{"name":"wp","href":"https:\/\/api.w.org\/{rel}","templated":true}]}}