	{"id":20542,"date":"2023-11-25T21:13:41","date_gmt":"2023-11-25T19:13:41","guid":{"rendered":"https:\/\/pyro-depot.de\/produkt\/screaming-chrysanthenum-100sh\/"},"modified":"2025-12-23T14:24:33","modified_gmt":"2025-12-23T12:24:33","slug":"screaming-chrysanthenum-100sh","status":"publish","type":"product","link":"https:\/\/pyro-depot.de\/nl\/product\/screaming-chrysanthenum-100sh\/","title":{"rendered":"Screaming chrysanthenum &#8211; 100Sh"},"content":{"rendered":"<div class=\"lyte-wrapper\" title=\"&amp;quot;Screaming chrysanthenum&amp;quot; - 100Sh 24mm Compound [Batch 2022]\" style=\"width:640px;max-width:100%;margin:5px;\"><div class=\"lyMe\" id=\"WYL_cO6-teMEV7c\" itemprop=\"video\" itemscope itemtype=\"https:\/\/schema.org\/VideoObject\"><div><meta itemprop=\"thumbnailUrl\" content=\"https:\/\/pyro-depot.de\/wp-content\/plugins\/wp-youtube-lyte\/lyteCache.php?origThumbUrl=https%3A%2F%2Fi.ytimg.com%2Fvi%2FcO6-teMEV7c%2Fhqdefault.jpg\" \/><meta itemprop=\"embedURL\" content=\"https:\/\/www.youtube.com\/embed\/cO6-teMEV7c\" \/><meta itemprop=\"duration\" content=\"PT2M21S\" \/><meta itemprop=\"uploadDate\" content=\"2022-11-24T14:10:31Z\" \/><\/div><div id=\"lyte_cO6-teMEV7c\" data-src=\"https:\/\/pyro-depot.de\/wp-content\/plugins\/wp-youtube-lyte\/lyteCache.php?origThumbUrl=https%3A%2F%2Fi.ytimg.com%2Fvi%2FcO6-teMEV7c%2Fhqdefault.jpg\" class=\"pL\"><div class=\"tC\"><div class=\"tT\" itemprop=\"name\">&quot;Screaming chrysanthenum&quot; - 100Sh 24mm Compound [Batch 2022]<\/div><\/div><div class=\"play\"><\/div><div class=\"ctrl\"><div class=\"Lctrl\"><\/div><div class=\"Rctrl\"><\/div><\/div><\/div><noscript><a href=\"https:\/\/youtu.be\/cO6-teMEV7c\" rel=\"nofollow\"><img decoding=\"async\" src=\"https:\/\/pyro-depot.de\/wp-content\/plugins\/wp-youtube-lyte\/lyteCache.php?origThumbUrl=https%3A%2F%2Fi.ytimg.com%2Fvi%2FcO6-teMEV7c%2F0.jpg\" alt=\"&amp;quot;Screaming chrysanthenum&amp;quot; - 100Sh 24mm Compound [Batch 2022]\" width=\"640\" height=\"340\" \/><br \/>Bekijk deze video op YouTube<\/a><\/noscript><meta itemprop=\"description\" content=\"DE: FC24-100-1 100 Schuss Verbundfeuerwerk &quot;Screaming chrysanthenum&quot;, Kal. 24mm, ca. 40 Sekunden, 1350g NEM, CE Kategorie F2, ADR 1.3G, Packing 1\/4 100 Schuss Verbundfeuerwerk im Kaliber 24mm. Rasant geschossene silberne Kreischwirbel-Aufstiege zu bunten Sternbuketts in Rot, Gr\u00fcn, Purpur, Gelb und Blau, immer kombiniert mit Silbercrackern und lautstarkem Zerleger. Vielleicht ist schon dem ein oder anderen aufgefallen, dass einige wenige unserer Artikel zuletzt ein kleines Link Triad Brand Logo auf dem Label hatten. Im Gegensatz zu anderen Firmen, die alte Logos wieder aufgreifen, ist dies jedoch kein reiner Marketing-Gag:. &quot;Link Triad Brand&quot; war die Marke, unter der die staatliche Export-Gesellschaft der Provinz Guangxi s\u00e4mtliches Feuerwerk aus dieser Region international vermarketet hat. Dies fand in den 1990er Jahren ein Ende durch die privatisierung der chinesischen Feuerwerksindustrie. Die Fabriken in der Guangxi-Provinz waren lange Zeit bekannt f\u00fcr besonders hochwertige Feuerwerksk\u00f6rper, und galten oft als besser als Feuerwerksk\u00f6rper aus Hunan oder Jiangxi. Viele beliebte Artikel kamen aus Guangxi - seien es die besten Feuerv\u00f6gel, Brummer, Schwarzpulver-Reibkopfknaller; die originalen Starkids, r\u00f6mische Lichter mit Goldfunken-Verz\u00f6gerung, Batterien mit verr\u00fccketen Heul- Und Brummeffekten, sowie vieles mehr. Heute jedoch sind sie entweder nicht mehr verf\u00fcgbar, oder die Produktion wurde nach Hunan\/Jiangxi verlagert, und die Qualit\u00e4t wurde deutlich schlechter. Der Grund hierf\u00fcr war oft, dass in Guangxi an aufwendigen, traditionellen Herstellungsmethoden festgehalten wurde, und somit die Preise nicht mehr wettbewerbsf\u00e4hig waren. Heute existieren in Guangxi nurnoch wenige Fabriken, etwa 10% der Anzahl an Fabriken, die es noch vor 10-15 Jahren gab. Deswegen ist es mittlerweile leider \u00e4u\u00dferst schwierig geworden, noch Artikel von dort zu beziehen, da es f\u00fcr vieles niemanden mehr gibt, der hierf\u00fcr noch die Lizenz h\u00e4tte oder \u00fcberhaupt in der Lage w\u00e4re, diese herzustellen. Trotzdem versuchen wir unser bestes, um unter dem Link Triad Brand und mit eigenst\u00e4ndigem Design f\u00fcr diese Linie unseren Kunden in Europa wieder einige Feuerwerksk\u00f6rper aus Guangxi anbieten zu k\u00f6nnen. Bei dem Artikel hier handelt es sich um einen 1350g Verbund mit dem f\u00fcr Guangxi typischen Kreischwirbel-Aufstieg, den manch einer vielleicht noch aus \u00e4lteren Batterien kennt, sowie bunten Sternbuketts mit Silbercrackern und starkem Zerleger. Die Farbsterne und Silbercracker sind hierbei bestenfalls durchschnittlich - generell sind die meisten Zerleger-Effekte, die in Guangxi verwendet werden, auf dem Stand der 90er Jahre stehen geblieben. Wir haben jedoch die ersten Artikel dieser Linie so gew\u00e4hlt, dass diese die klassischen, dort normalerweise verwendeten Effekte enthalten. Die Zerleger sind extrem laut und kr\u00e4ftig f\u00fcr dieses Kaliber, jedoch nicht so rund, da die Papph\u00fclsen recht dick sind (dies ist notwenig, um die Kreischwirbel zu pressen, da in Guangxi Pfeifer etc ohne Plastikh\u00fclsen gepresst werden) - zusammen mit den Kreischaufstiegen bietet dieser Verbund aber eine eindrucksvolle Akustik, die im Video leider nicht ansatzweise r\u00fcber kommt, da das Mikrofon alles komplett runterregelt. Definitiv nicht der am sch\u00f6nsten anzusehende Verbund - aber einer, der eine menge Spa\u00df bereitet, sobald man ihn schie\u00dft, und der durch seinen Aufstiegseffekt von den meisten aktuell am Markt befindlichen Batterien deutlich abhebt. EN: FC24-100-1 100 shots compound fireworks &quot;Screaming chrysanthenum&quot;, Cal. 24mm, ca. 40 seconds, 1350g NEC, CE certified, category F2, ADR 1.3G, Packing 1\/4 100 shots compound in caliber 24mm. Rapidly shooting silver screeching spinning tails, bursting with loud bangs to big silver chrysanthemum crackling combined with colored peonies in red, green, purple, yellow and blue. (The description is too long, you sadly have to translate the german text. Only a part is english:) This is a 1350g compound with the screeching spinners typical for Guangxi items, which maybe some people still know from old cakeboxes, as well as colored peonies with chrysanthemum crackling. The colors and chrys effects are actually not so good - in general the most stars which are being used in Guangxi now are stuck on the level of 1990s effects. But we intentionally chose the first items of thise line in a way, so that they contain the classic effects normally used there. The bursts are pretty loud and strong for this caliber, but not so round, as the paper tubes are quite thick (this is necessary, in order to press the screeching spinners, as Guangxi makes whistles etc without plastic tubes) - so combined with the screeching spinning tails this compound creates an impressive accoustics, which the video can\u00b4t show at all as the microphone can\u00b4t record it properly. Definately not the most beautiful compound - but one which is a lot of fun to shoot in person, and which by it\u00b4s rising effect is quite different from most other items on the market now.\"><\/div><\/div><div class=\"lL\" style=\"max-width:100%;width:640px;margin:5px;\"><\/div><\/p>\n","protected":false},"excerpt":{"rendered":"<p>Voor iedereen die van een kleurrijk leven houdt en dit graag terugziet in zijn vuurwerk. Klinkt een beetje als die knetterkauwgum van vroeger maar dan keihard en buiten je hoofd. Veel van die krulletjes en kleine balletjes die ontploffen en uit elkaar klappen tegen een kakafonie van hard zinvol lawaai zorgen ervoor dat dit een goeie investering is voor jouw oud en nieuw.<\/p>\n","protected":false},"featured_media":20294,"template":"","meta":{"_acf_changed":false},"product_brand":[],"product_cat":[1637],"product_tag":[],"class_list":{"0":"post-20542","1":"product","2":"type-product","3":"status-publish","4":"has-post-thumbnail","6":"product_cat-compoundcakeboxen","7":"pa_adr-funke","8":"pa_brand-funke","10":"first","11":"outofstock","12":"taxable","13":"shipping-taxable","14":"product-type-simple"},"acf":[],"yoast_head":"<!-- This site is optimized with the Yoast SEO plugin v26.2 - https:\/\/yoast.com\/wordpress\/plugins\/seo\/ -->\n<title>Screaming chrysanthenum - 100Sh - Pyro Depot<\/title>\n<meta name=\"description\" content=\"Screaming chrysanthenum - 100Sh\" \/>\n<meta name=\"robots\" content=\"index, follow, max-snippet:-1, max-image-preview:large, max-video-preview:-1\" \/>\n<link rel=\"canonical\" href=\"https:\/\/pyro-depot.de\/nl\/product\/screaming-chrysanthenum-100sh\/\" \/>\n<meta property=\"og:locale\" content=\"nl_NL\" \/>\n<meta property=\"og:type\" content=\"article\" \/>\n<meta property=\"og:title\" content=\"Screaming chrysanthenum - 100Sh - Pyro Depot\" \/>\n<meta property=\"og:description\" content=\"Screaming chrysanthenum - 100Sh\" \/>\n<meta property=\"og:url\" content=\"https:\/\/pyro-depot.de\/nl\/product\/screaming-chrysanthenum-100sh\/\" \/>\n<meta property=\"og:site_name\" content=\"Pyro Depot\" \/>\n<meta property=\"article:modified_time\" content=\"2025-12-23T12:24:33+00:00\" \/>\n<meta property=\"og:image\" content=\"https:\/\/pyro-depot.de\/wp-content\/uploads\/2023\/11\/funke-sreaming-chrysanthemum-fc24-100-1-1-scaled.webp\" \/>\n\t<meta property=\"og:image:width\" content=\"1463\" \/>\n\t<meta property=\"og:image:height\" content=\"2048\" \/>\n\t<meta property=\"og:image:type\" content=\"image\/webp\" \/>\n<meta name=\"twitter:card\" content=\"summary_large_image\" \/>\n<meta name=\"twitter:label1\" content=\"Geschatte leestijd\" \/>\n\t<meta name=\"twitter:data1\" content=\"1 minuut\" \/>\n<script type=\"application\/ld+json\" class=\"yoast-schema-graph\">{\"@context\":\"https:\/\/schema.org\",\"@graph\":[{\"@type\":\"WebPage\",\"@id\":\"https:\/\/pyro-depot.de\/nl\/product\/screaming-chrysanthenum-100sh\/\",\"url\":\"https:\/\/pyro-depot.de\/nl\/product\/screaming-chrysanthenum-100sh\/\",\"name\":\"Screaming chrysanthenum - 100Sh - Pyro Depot\",\"isPartOf\":{\"@id\":\"https:\/\/pyro-depot.de\/nl\/#website\"},\"primaryImageOfPage\":{\"@id\":\"https:\/\/pyro-depot.de\/nl\/product\/screaming-chrysanthenum-100sh\/#primaryimage\"},\"image\":{\"@id\":\"https:\/\/pyro-depot.de\/nl\/product\/screaming-chrysanthenum-100sh\/#primaryimage\"},\"thumbnailUrl\":\"https:\/\/pyro-depot.de\/wp-content\/uploads\/2023\/11\/funke-sreaming-chrysanthemum-fc24-100-1-1-scaled.webp\",\"datePublished\":\"2023-11-25T19:13:41+00:00\",\"dateModified\":\"2025-12-23T12:24:33+00:00\",\"description\":\"Screaming chrysanthenum - 100Sh\",\"breadcrumb\":{\"@id\":\"https:\/\/pyro-depot.de\/nl\/product\/screaming-chrysanthenum-100sh\/#breadcrumb\"},\"inLanguage\":\"nl-NL\",\"potentialAction\":[{\"@type\":\"ReadAction\",\"target\":[\"https:\/\/pyro-depot.de\/nl\/product\/screaming-chrysanthenum-100sh\/\"]}]},{\"@type\":\"ImageObject\",\"inLanguage\":\"nl-NL\",\"@id\":\"https:\/\/pyro-depot.de\/nl\/product\/screaming-chrysanthenum-100sh\/#primaryimage\",\"url\":\"https:\/\/pyro-depot.de\/wp-content\/uploads\/2023\/11\/funke-sreaming-chrysanthemum-fc24-100-1-1-scaled.webp\",\"contentUrl\":\"https:\/\/pyro-depot.de\/wp-content\/uploads\/2023\/11\/funke-sreaming-chrysanthemum-fc24-100-1-1-scaled.webp\",\"width\":1463,\"height\":2048},{\"@type\":\"BreadcrumbList\",\"@id\":\"https:\/\/pyro-depot.de\/nl\/product\/screaming-chrysanthenum-100sh\/#breadcrumb\",\"itemListElement\":[{\"@type\":\"ListItem\",\"position\":1,\"name\":\"Home\",\"item\":\"https:\/\/pyro-depot.de\/nl\/\"},{\"@type\":\"ListItem\",\"position\":2,\"name\":\"Winkel\",\"item\":\"https:\/\/new.pyro-depot.de\/nl\/winkel\/\"},{\"@type\":\"ListItem\",\"position\":3,\"name\":\"Screaming chrysanthenum &#8211; 100Sh\"}]},{\"@type\":\"WebSite\",\"@id\":\"https:\/\/pyro-depot.de\/nl\/#website\",\"url\":\"https:\/\/pyro-depot.de\/nl\/\",\"name\":\"Pyro Depot\",\"description\":\"Feuerwerk vom Profi\",\"publisher\":{\"@id\":\"https:\/\/pyro-depot.de\/nl\/#organization\"},\"potentialAction\":[{\"@type\":\"SearchAction\",\"target\":{\"@type\":\"EntryPoint\",\"urlTemplate\":\"https:\/\/pyro-depot.de\/nl\/?s={search_term_string}\"},\"query-input\":{\"@type\":\"PropertyValueSpecification\",\"valueRequired\":true,\"valueName\":\"search_term_string\"}}],\"inLanguage\":\"nl-NL\"},{\"@type\":\"Organization\",\"@id\":\"https:\/\/pyro-depot.de\/nl\/#organization\",\"name\":\"Pyro Depot\",\"url\":\"https:\/\/pyro-depot.de\/nl\/\",\"logo\":{\"@type\":\"ImageObject\",\"inLanguage\":\"nl-NL\",\"@id\":\"https:\/\/pyro-depot.de\/nl\/#\/schema\/logo\/image\/\",\"url\":\"https:\/\/pyro-depot.de\/wp-content\/uploads\/2024\/10\/cropped-cropped-logo-pyro-elgato.png\",\"contentUrl\":\"https:\/\/pyro-depot.de\/wp-content\/uploads\/2024\/10\/cropped-cropped-logo-pyro-elgato.png\",\"width\":457,\"height\":292,\"caption\":\"Pyro Depot\"},\"image\":{\"@id\":\"https:\/\/pyro-depot.de\/nl\/#\/schema\/logo\/image\/\"}}]}<\/script>\n<!-- \/ Yoast SEO plugin. -->","yoast_head_json":{"title":"Screaming chrysanthenum - 100Sh - Pyro Depot","description":"Screaming chrysanthenum - 100Sh","robots":{"index":"index","follow":"follow","max-snippet":"max-snippet:-1","max-image-preview":"max-image-preview:large","max-video-preview":"max-video-preview:-1"},"canonical":"https:\/\/pyro-depot.de\/nl\/product\/screaming-chrysanthenum-100sh\/","og_locale":"nl_NL","og_type":"article","og_title":"Screaming chrysanthenum - 100Sh - Pyro Depot","og_description":"Screaming chrysanthenum - 100Sh","og_url":"https:\/\/pyro-depot.de\/nl\/product\/screaming-chrysanthenum-100sh\/","og_site_name":"Pyro Depot","article_modified_time":"2025-12-23T12:24:33+00:00","og_image":[{"width":1463,"height":2048,"url":"https:\/\/pyro-depot.de\/wp-content\/uploads\/2023\/11\/funke-sreaming-chrysanthemum-fc24-100-1-1-scaled.webp","type":"image\/webp"}],"twitter_card":"summary_large_image","twitter_misc":{"Geschatte leestijd":"1 minuut"},"schema":{"@context":"https:\/\/schema.org","@graph":[{"@type":"WebPage","@id":"https:\/\/pyro-depot.de\/nl\/product\/screaming-chrysanthenum-100sh\/","url":"https:\/\/pyro-depot.de\/nl\/product\/screaming-chrysanthenum-100sh\/","name":"Screaming chrysanthenum - 100Sh - Pyro Depot","isPartOf":{"@id":"https:\/\/pyro-depot.de\/nl\/#website"},"primaryImageOfPage":{"@id":"https:\/\/pyro-depot.de\/nl\/product\/screaming-chrysanthenum-100sh\/#primaryimage"},"image":{"@id":"https:\/\/pyro-depot.de\/nl\/product\/screaming-chrysanthenum-100sh\/#primaryimage"},"thumbnailUrl":"https:\/\/pyro-depot.de\/wp-content\/uploads\/2023\/11\/funke-sreaming-chrysanthemum-fc24-100-1-1-scaled.webp","datePublished":"2023-11-25T19:13:41+00:00","dateModified":"2025-12-23T12:24:33+00:00","description":"Screaming chrysanthenum - 100Sh","breadcrumb":{"@id":"https:\/\/pyro-depot.de\/nl\/product\/screaming-chrysanthenum-100sh\/#breadcrumb"},"inLanguage":"nl-NL","potentialAction":[{"@type":"ReadAction","target":["https:\/\/pyro-depot.de\/nl\/product\/screaming-chrysanthenum-100sh\/"]}]},{"@type":"ImageObject","inLanguage":"nl-NL","@id":"https:\/\/pyro-depot.de\/nl\/product\/screaming-chrysanthenum-100sh\/#primaryimage","url":"https:\/\/pyro-depot.de\/wp-content\/uploads\/2023\/11\/funke-sreaming-chrysanthemum-fc24-100-1-1-scaled.webp","contentUrl":"https:\/\/pyro-depot.de\/wp-content\/uploads\/2023\/11\/funke-sreaming-chrysanthemum-fc24-100-1-1-scaled.webp","width":1463,"height":2048},{"@type":"BreadcrumbList","@id":"https:\/\/pyro-depot.de\/nl\/product\/screaming-chrysanthenum-100sh\/#breadcrumb","itemListElement":[{"@type":"ListItem","position":1,"name":"Home","item":"https:\/\/pyro-depot.de\/nl\/"},{"@type":"ListItem","position":2,"name":"Winkel","item":"https:\/\/new.pyro-depot.de\/nl\/winkel\/"},{"@type":"ListItem","position":3,"name":"Screaming chrysanthenum &#8211; 100Sh"}]},{"@type":"WebSite","@id":"https:\/\/pyro-depot.de\/nl\/#website","url":"https:\/\/pyro-depot.de\/nl\/","name":"Pyro Depot","description":"Feuerwerk vom Profi","publisher":{"@id":"https:\/\/pyro-depot.de\/nl\/#organization"},"potentialAction":[{"@type":"SearchAction","target":{"@type":"EntryPoint","urlTemplate":"https:\/\/pyro-depot.de\/nl\/?s={search_term_string}"},"query-input":{"@type":"PropertyValueSpecification","valueRequired":true,"valueName":"search_term_string"}}],"inLanguage":"nl-NL"},{"@type":"Organization","@id":"https:\/\/pyro-depot.de\/nl\/#organization","name":"Pyro Depot","url":"https:\/\/pyro-depot.de\/nl\/","logo":{"@type":"ImageObject","inLanguage":"nl-NL","@id":"https:\/\/pyro-depot.de\/nl\/#\/schema\/logo\/image\/","url":"https:\/\/pyro-depot.de\/wp-content\/uploads\/2024\/10\/cropped-cropped-logo-pyro-elgato.png","contentUrl":"https:\/\/pyro-depot.de\/wp-content\/uploads\/2024\/10\/cropped-cropped-logo-pyro-elgato.png","width":457,"height":292,"caption":"Pyro Depot"},"image":{"@id":"https:\/\/pyro-depot.de\/nl\/#\/schema\/logo\/image\/"}}]}},"_links":{"self":[{"href":"https:\/\/pyro-depot.de\/nl\/wp-json\/wp\/v2\/product\/20542","targetHints":{"allow":["GET"]}}],"collection":[{"href":"https:\/\/pyro-depot.de\/nl\/wp-json\/wp\/v2\/product"}],"about":[{"href":"https:\/\/pyro-depot.de\/nl\/wp-json\/wp\/v2\/types\/product"}],"wp:featuredmedia":[{"embeddable":true,"href":"https:\/\/pyro-depot.de\/nl\/wp-json\/wp\/v2\/media\/20294"}],"wp:attachment":[{"href":"https:\/\/pyro-depot.de\/nl\/wp-json\/wp\/v2\/media?parent=20542"}],"wp:term":[{"taxonomy":"product_brand","embeddable":true,"href":"https:\/\/pyro-depot.de\/nl\/wp-json\/wp\/v2\/product_brand?post=20542"},{"taxonomy":"product_cat","embeddable":true,"href":"https:\/\/pyro-depot.de\/nl\/wp-json\/wp\/v2\/product_cat?post=20542"},{"taxonomy":"product_tag","embeddable":true,"href":"https:\/\/pyro-depot.de\/nl\/wp-json\/wp\/v2\/product_tag?post=20542"}],"curies":[{"name":"wp","href":"https:\/\/api.w.org\/{rel}","templated":true}]}}