	{"id":20588,"date":"2020-03-17T20:16:27","date_gmt":"2020-03-17T18:16:27","guid":{"rendered":"https:\/\/pyro-depot.de\/produkt\/tifon\/"},"modified":"2025-12-26T19:27:50","modified_gmt":"2025-12-26T17:27:50","slug":"tifon","status":"publish","type":"product","link":"https:\/\/pyro-depot.de\/nl\/product\/tifon\/","title":{"rendered":"El Gaton Tifon"},"content":{"rendered":"<div class=\"lyte-wrapper\" title=\"EL GATO - TIFON \/ FINAL BATTERIE 10SEK (NEW BATCH 2020 \/ 1.4G) HEFTIG!\" style=\"width:640px;max-width:100%;margin:5px;\"><div class=\"lyMe\" id=\"WYL_0XsG6I0rHUM\" itemprop=\"video\" itemscope itemtype=\"https:\/\/schema.org\/VideoObject\"><div><meta itemprop=\"thumbnailUrl\" content=\"https:\/\/pyro-depot.de\/wp-content\/plugins\/wp-youtube-lyte\/lyteCache.php?origThumbUrl=https%3A%2F%2Fi.ytimg.com%2Fvi%2F0XsG6I0rHUM%2Fhqdefault.jpg\" \/><meta itemprop=\"embedURL\" content=\"https:\/\/www.youtube.com\/embed\/0XsG6I0rHUM\" \/><meta itemprop=\"duration\" content=\"PT53S\" \/><meta itemprop=\"uploadDate\" content=\"2021-11-23T12:40:35Z\" \/><\/div><div id=\"lyte_0XsG6I0rHUM\" data-src=\"https:\/\/pyro-depot.de\/wp-content\/plugins\/wp-youtube-lyte\/lyteCache.php?origThumbUrl=https%3A%2F%2Fi.ytimg.com%2Fvi%2F0XsG6I0rHUM%2Fhqdefault.jpg\" class=\"pL\"><div class=\"tC\"><div class=\"tT\" itemprop=\"name\">EL GATO - TIFON \/ FINAL BATTERIE 10SEK (NEW BATCH 2020 \/ 1.4G) HEFTIG!<\/div><\/div><div class=\"play\"><\/div><div class=\"ctrl\"><div class=\"Lctrl\"><\/div><div class=\"Rctrl\"><\/div><\/div><\/div><noscript><a href=\"https:\/\/youtu.be\/0XsG6I0rHUM\" rel=\"nofollow\"><img decoding=\"async\" src=\"https:\/\/pyro-depot.de\/wp-content\/plugins\/wp-youtube-lyte\/lyteCache.php?origThumbUrl=https%3A%2F%2Fi.ytimg.com%2Fvi%2F0XsG6I0rHUM%2F0.jpg\" alt=\"EL GATO - TIFON \/ FINAL BATTERIE 10SEK (NEW BATCH 2020 \/ 1.4G) HEFTIG!\" width=\"640\" height=\"340\" \/><br \/>Bekijk deze video op YouTube<\/a><\/noscript><meta itemprop=\"description\" content=\"Am 13.11.2021 erneut einen Artikeltest-Tag (Privat) in Delbr\u00fcck. Angezeigt wurde das ganze von North Coast Fireworks. Dort haben wir erneut El Gato Artikel getestet und verfilmt.So auch die El Gato - Tifon mit 50 Schuss in 20mm in ca 10 Sekunden. Dies war die neue Batch Version 2020! Diese ist nun in 1.4G erh\u00e4ltlich und hat sich zur Batch 2019 mit 1.3G nicht ver\u00e4ndert! Ich fand sie immer noch heftig &amp; klasse. F\u00fcr 20mm tolle Zerleger \/ Sch\u00f6ne Farben &amp; eine gute Ausbreitung! Preislich auch voll im Rahmen mit ca 28\u20ac. Danke hier nochmal an Sternenfeuerwerk. Hier k\u00f6nnt ihr das ganze Jahr \u00fcber FEUERWERK aus einem SEHR GRO\u00dfEN SORTIMENT bestellen: https:\/\/shop.roeder-feuerwerk.de\/?sPartner=tanzenderpfau https:\/\/www.pyroweb.de\/pkh (5% Rabatt auf die Gesammte Bestellung) https:\/\/pyrodealer.de\/?sPartner=pkh https:\/\/www.pyroland.de\/?ref=524 https:\/\/www.pyroteam-store.de\/?sPartner=pyrokreisheinsberg Auf den Links unterst\u00fctzt ihr mich ein wenig, wo dr\u00fcber ich mich sehr freuen w\u00fcrde! Es entstehen keine weiteren Kosten f\u00fcr euch wenn ihr \u00fcber diese Links bestellt! Es ist freiwillig und Ich bin NICHT Aufgekauft worden oder sonst etwas! Es existiert auch kein Vertrag etc! Ich bin frei und Ich bleibe Ich! Hier die Daten: Netto Explosiv Masse - 335gr Schuss Anzahl - 50 Kaliber - 20mm Kategorie - F2 (Silvester Feuerwerk) Lager Gruppe - 1.4G (New Batch 2020) Film Entfernung - ca 55m (Wurde Nachgemessen) Preis - ab ca 28\u20ac (Top!) An die etwas teuren Preise muss sich nun leider gew\u00f6hnen... Besucht doch auch mal meine Kollegen &amp; die Hersteller auf ihren Seiten: https:\/\/sternenfeuerwerk.de\/ https:\/\/pyrospecials.de\/ https:\/\/www.comet-feuerwerk.de\/ https:\/\/nc-fireworks.de\/ https:\/\/pyrotechnik-haan.de\/ http:\/\/www.rendels-pyrotechnik.de\/ https:\/\/www.youtube.com\/c\/PyrokanalFriesland https:\/\/www.youtube.com\/channel\/UC5C-KtI2-D1y6KwWVsfI1Lw https:\/\/www.youtube.com\/channel\/UCgrdebmnb7UKqPSCpJEUBVg #Werbung #ElGatoTifonNewBatch2020 #Tifon #SternenFeuerwerk #ElGato #NorthCoastFireworks #Artikeltest\"><\/div><\/div><div class=\"lL\" style=\"max-width:100%;width:640px;margin:5px;\"><\/div><\/p>\n","protected":false},"excerpt":{"rendered":"<div class=\"flex max-w-full flex-col flex-grow\">\n<div class=\"min-h-8 text-message flex w-full flex-col items-end gap-2 whitespace-normal break-words [.text-message+&amp;]:mt-5\" dir=\"auto\" data-message-author-role=\"assistant\" data-message-id=\"074e206c-da74-4e31-b142-18a08f51c79a\" data-message-model-slug=\"gpt-4o-mini\">\n<div class=\"flex w-full flex-col gap-1 empty:hidden first:pt-[3px]\">\n<div class=\"markdown prose w-full break-words dark:prose-invert light\">\n<p>Beleef een adembenemende vuurwerkcake die in slechts 10 seconden je zintuigen betovert! Deze explosieve cake schiet indrukwekkende kleuren en krachtige knallen de nachtelijke hemel in, en zorgt voor een onvergetelijke show die je gasten zeker zal verrassen.<\/p>\n<p>Met een verscheidenheid aan stralende effecten, vari\u00ebrend van fel rood en blauw tot schitterend groen en goud, wordt elke explosie een hoogtepunt van de avond. De scherpe en doordringende knallen cre\u00ebren een opwindende sfeer die het publiek in verwondering achterlaat.<\/p>\n<p>Perfect voor feesten, festiviteiten of speciale gelegenheden \u2013 deze vuurwerkcake is een absolute must voor iedereen die een spectaculair vuurwerk wil beleven. Haal deze unieke cake in huis en laat de hemel oplichten in volle pracht!<\/p>\n<p>Zorg nu voor jouw explosieve vuurwerkcake en maak je volgende evenement een onvergetelijke ervaring vol kleuren en geluiden!<\/p>\n<\/div>\n<\/div>\n<\/div>\n<\/div>\n","protected":false},"featured_media":20238,"template":"","meta":{"_acf_changed":false},"product_brand":[],"product_cat":[1635],"product_tag":[],"class_list":{"0":"post-20588","1":"product","2":"type-product","3":"status-publish","4":"has-post-thumbnail","6":"product_cat-cake","7":"pa_brand-el-gato-vuurwerk","8":"pa_nem-0-38kg","10":"first","11":"instock","12":"taxable","13":"shipping-taxable","14":"product-type-simple"},"acf":[],"yoast_head":"<!-- This site is optimized with the Yoast SEO plugin v26.2 - https:\/\/yoast.com\/wordpress\/plugins\/seo\/ -->\n<title>El Gaton Tifon - Pyro Depot<\/title>\n<meta name=\"description\" content=\"El Gaton Tifon\" \/>\n<meta name=\"robots\" content=\"index, follow, max-snippet:-1, max-image-preview:large, max-video-preview:-1\" \/>\n<link rel=\"canonical\" href=\"https:\/\/pyro-depot.de\/nl\/product\/tifon\/\" \/>\n<meta property=\"og:locale\" content=\"nl_NL\" \/>\n<meta property=\"og:type\" content=\"article\" \/>\n<meta property=\"og:title\" content=\"El Gaton Tifon - Pyro Depot\" \/>\n<meta property=\"og:description\" content=\"El Gaton Tifon\" \/>\n<meta property=\"og:url\" content=\"https:\/\/pyro-depot.de\/nl\/product\/tifon\/\" \/>\n<meta property=\"og:site_name\" content=\"Pyro Depot\" \/>\n<meta property=\"article:modified_time\" content=\"2025-12-26T17:27:50+00:00\" \/>\n<meta property=\"og:image\" content=\"https:\/\/pyro-depot.de\/wp-content\/uploads\/2021\/03\/5638N-1024x1024.png\" \/>\n\t<meta property=\"og:image:width\" content=\"1024\" \/>\n\t<meta property=\"og:image:height\" content=\"1024\" \/>\n\t<meta property=\"og:image:type\" content=\"image\/png\" \/>\n<meta name=\"twitter:card\" content=\"summary_large_image\" \/>\n<meta name=\"twitter:label1\" content=\"Geschatte leestijd\" \/>\n\t<meta name=\"twitter:data1\" content=\"1 minuut\" \/>\n<script type=\"application\/ld+json\" class=\"yoast-schema-graph\">{\"@context\":\"https:\/\/schema.org\",\"@graph\":[{\"@type\":\"WebPage\",\"@id\":\"https:\/\/pyro-depot.de\/nl\/product\/tifon\/\",\"url\":\"https:\/\/pyro-depot.de\/nl\/product\/tifon\/\",\"name\":\"El Gaton Tifon - Pyro Depot\",\"isPartOf\":{\"@id\":\"https:\/\/pyro-depot.de\/nl\/#website\"},\"primaryImageOfPage\":{\"@id\":\"https:\/\/pyro-depot.de\/nl\/product\/tifon\/#primaryimage\"},\"image\":{\"@id\":\"https:\/\/pyro-depot.de\/nl\/product\/tifon\/#primaryimage\"},\"thumbnailUrl\":\"https:\/\/pyro-depot.de\/wp-content\/uploads\/2021\/03\/5638N.png\",\"datePublished\":\"2020-03-17T18:16:27+00:00\",\"dateModified\":\"2025-12-26T17:27:50+00:00\",\"description\":\"El Gaton Tifon\",\"breadcrumb\":{\"@id\":\"https:\/\/pyro-depot.de\/nl\/product\/tifon\/#breadcrumb\"},\"inLanguage\":\"nl-NL\",\"potentialAction\":[{\"@type\":\"ReadAction\",\"target\":[\"https:\/\/pyro-depot.de\/nl\/product\/tifon\/\"]}]},{\"@type\":\"ImageObject\",\"inLanguage\":\"nl-NL\",\"@id\":\"https:\/\/pyro-depot.de\/nl\/product\/tifon\/#primaryimage\",\"url\":\"https:\/\/pyro-depot.de\/wp-content\/uploads\/2021\/03\/5638N.png\",\"contentUrl\":\"https:\/\/pyro-depot.de\/wp-content\/uploads\/2021\/03\/5638N.png\",\"width\":2000,\"height\":2000},{\"@type\":\"BreadcrumbList\",\"@id\":\"https:\/\/pyro-depot.de\/nl\/product\/tifon\/#breadcrumb\",\"itemListElement\":[{\"@type\":\"ListItem\",\"position\":1,\"name\":\"Home\",\"item\":\"https:\/\/pyro-depot.de\/nl\/\"},{\"@type\":\"ListItem\",\"position\":2,\"name\":\"Winkel\",\"item\":\"https:\/\/new.pyro-depot.de\/nl\/winkel\/\"},{\"@type\":\"ListItem\",\"position\":3,\"name\":\"El Gaton Tifon\"}]},{\"@type\":\"WebSite\",\"@id\":\"https:\/\/pyro-depot.de\/nl\/#website\",\"url\":\"https:\/\/pyro-depot.de\/nl\/\",\"name\":\"Pyro Depot\",\"description\":\"Feuerwerk vom Profi\",\"publisher\":{\"@id\":\"https:\/\/pyro-depot.de\/nl\/#organization\"},\"potentialAction\":[{\"@type\":\"SearchAction\",\"target\":{\"@type\":\"EntryPoint\",\"urlTemplate\":\"https:\/\/pyro-depot.de\/nl\/?s={search_term_string}\"},\"query-input\":{\"@type\":\"PropertyValueSpecification\",\"valueRequired\":true,\"valueName\":\"search_term_string\"}}],\"inLanguage\":\"nl-NL\"},{\"@type\":\"Organization\",\"@id\":\"https:\/\/pyro-depot.de\/nl\/#organization\",\"name\":\"Pyro Depot\",\"url\":\"https:\/\/pyro-depot.de\/nl\/\",\"logo\":{\"@type\":\"ImageObject\",\"inLanguage\":\"nl-NL\",\"@id\":\"https:\/\/pyro-depot.de\/nl\/#\/schema\/logo\/image\/\",\"url\":\"https:\/\/pyro-depot.de\/wp-content\/uploads\/2024\/10\/cropped-cropped-logo-pyro-elgato.png\",\"contentUrl\":\"https:\/\/pyro-depot.de\/wp-content\/uploads\/2024\/10\/cropped-cropped-logo-pyro-elgato.png\",\"width\":457,\"height\":292,\"caption\":\"Pyro Depot\"},\"image\":{\"@id\":\"https:\/\/pyro-depot.de\/nl\/#\/schema\/logo\/image\/\"}}]}<\/script>\n<!-- \/ Yoast SEO plugin. -->","yoast_head_json":{"title":"El Gaton Tifon - Pyro Depot","description":"El Gaton Tifon","robots":{"index":"index","follow":"follow","max-snippet":"max-snippet:-1","max-image-preview":"max-image-preview:large","max-video-preview":"max-video-preview:-1"},"canonical":"https:\/\/pyro-depot.de\/nl\/product\/tifon\/","og_locale":"nl_NL","og_type":"article","og_title":"El Gaton Tifon - Pyro Depot","og_description":"El Gaton Tifon","og_url":"https:\/\/pyro-depot.de\/nl\/product\/tifon\/","og_site_name":"Pyro Depot","article_modified_time":"2025-12-26T17:27:50+00:00","og_image":[{"width":1024,"height":1024,"url":"https:\/\/pyro-depot.de\/wp-content\/uploads\/2021\/03\/5638N-1024x1024.png","type":"image\/png"}],"twitter_card":"summary_large_image","twitter_misc":{"Geschatte leestijd":"1 minuut"},"schema":{"@context":"https:\/\/schema.org","@graph":[{"@type":"WebPage","@id":"https:\/\/pyro-depot.de\/nl\/product\/tifon\/","url":"https:\/\/pyro-depot.de\/nl\/product\/tifon\/","name":"El Gaton Tifon - Pyro Depot","isPartOf":{"@id":"https:\/\/pyro-depot.de\/nl\/#website"},"primaryImageOfPage":{"@id":"https:\/\/pyro-depot.de\/nl\/product\/tifon\/#primaryimage"},"image":{"@id":"https:\/\/pyro-depot.de\/nl\/product\/tifon\/#primaryimage"},"thumbnailUrl":"https:\/\/pyro-depot.de\/wp-content\/uploads\/2021\/03\/5638N.png","datePublished":"2020-03-17T18:16:27+00:00","dateModified":"2025-12-26T17:27:50+00:00","description":"El Gaton Tifon","breadcrumb":{"@id":"https:\/\/pyro-depot.de\/nl\/product\/tifon\/#breadcrumb"},"inLanguage":"nl-NL","potentialAction":[{"@type":"ReadAction","target":["https:\/\/pyro-depot.de\/nl\/product\/tifon\/"]}]},{"@type":"ImageObject","inLanguage":"nl-NL","@id":"https:\/\/pyro-depot.de\/nl\/product\/tifon\/#primaryimage","url":"https:\/\/pyro-depot.de\/wp-content\/uploads\/2021\/03\/5638N.png","contentUrl":"https:\/\/pyro-depot.de\/wp-content\/uploads\/2021\/03\/5638N.png","width":2000,"height":2000},{"@type":"BreadcrumbList","@id":"https:\/\/pyro-depot.de\/nl\/product\/tifon\/#breadcrumb","itemListElement":[{"@type":"ListItem","position":1,"name":"Home","item":"https:\/\/pyro-depot.de\/nl\/"},{"@type":"ListItem","position":2,"name":"Winkel","item":"https:\/\/new.pyro-depot.de\/nl\/winkel\/"},{"@type":"ListItem","position":3,"name":"El Gaton Tifon"}]},{"@type":"WebSite","@id":"https:\/\/pyro-depot.de\/nl\/#website","url":"https:\/\/pyro-depot.de\/nl\/","name":"Pyro Depot","description":"Feuerwerk vom Profi","publisher":{"@id":"https:\/\/pyro-depot.de\/nl\/#organization"},"potentialAction":[{"@type":"SearchAction","target":{"@type":"EntryPoint","urlTemplate":"https:\/\/pyro-depot.de\/nl\/?s={search_term_string}"},"query-input":{"@type":"PropertyValueSpecification","valueRequired":true,"valueName":"search_term_string"}}],"inLanguage":"nl-NL"},{"@type":"Organization","@id":"https:\/\/pyro-depot.de\/nl\/#organization","name":"Pyro Depot","url":"https:\/\/pyro-depot.de\/nl\/","logo":{"@type":"ImageObject","inLanguage":"nl-NL","@id":"https:\/\/pyro-depot.de\/nl\/#\/schema\/logo\/image\/","url":"https:\/\/pyro-depot.de\/wp-content\/uploads\/2024\/10\/cropped-cropped-logo-pyro-elgato.png","contentUrl":"https:\/\/pyro-depot.de\/wp-content\/uploads\/2024\/10\/cropped-cropped-logo-pyro-elgato.png","width":457,"height":292,"caption":"Pyro Depot"},"image":{"@id":"https:\/\/pyro-depot.de\/nl\/#\/schema\/logo\/image\/"}}]}},"_links":{"self":[{"href":"https:\/\/pyro-depot.de\/nl\/wp-json\/wp\/v2\/product\/20588","targetHints":{"allow":["GET"]}}],"collection":[{"href":"https:\/\/pyro-depot.de\/nl\/wp-json\/wp\/v2\/product"}],"about":[{"href":"https:\/\/pyro-depot.de\/nl\/wp-json\/wp\/v2\/types\/product"}],"wp:featuredmedia":[{"embeddable":true,"href":"https:\/\/pyro-depot.de\/nl\/wp-json\/wp\/v2\/media\/20238"}],"wp:attachment":[{"href":"https:\/\/pyro-depot.de\/nl\/wp-json\/wp\/v2\/media?parent=20588"}],"wp:term":[{"taxonomy":"product_brand","embeddable":true,"href":"https:\/\/pyro-depot.de\/nl\/wp-json\/wp\/v2\/product_brand?post=20588"},{"taxonomy":"product_cat","embeddable":true,"href":"https:\/\/pyro-depot.de\/nl\/wp-json\/wp\/v2\/product_cat?post=20588"},{"taxonomy":"product_tag","embeddable":true,"href":"https:\/\/pyro-depot.de\/nl\/wp-json\/wp\/v2\/product_tag?post=20588"}],"curies":[{"name":"wp","href":"https:\/\/api.w.org\/{rel}","templated":true}]}}