	{"id":20856,"date":"2024-10-17T21:54:52","date_gmt":"2024-10-17T19:54:52","guid":{"rendered":"https:\/\/pyro-depot.de\/produkt\/fiesta-la-sinfonia-colores\/"},"modified":"2025-12-25T16:31:45","modified_gmt":"2025-12-25T14:31:45","slug":"fiesta-la-sinfonia-colores","status":"publish","type":"product","link":"https:\/\/pyro-depot.de\/nl\/product\/fiesta-la-sinfonia-colores\/","title":{"rendered":"El Gato Fiesta La sinfonia Colores"},"content":{"rendered":"<div class=\"lyte-wrapper\" title=\"Fiesta La sinfonia Colores\" style=\"width:640px;max-width:100%;margin:5px;\"><div class=\"lyMe qsa_\\&amp;enablejsapi\\=1\\&amp;origin\\=https:\/\/pyro-depot.de\" id=\"WYL_v1FLkDb-RkY\" itemprop=\"video\" itemscope itemtype=\"https:\/\/schema.org\/VideoObject\"><div><meta itemprop=\"thumbnailUrl\" content=\"https:\/\/pyro-depot.de\/wp-content\/plugins\/wp-youtube-lyte\/lyteCache.php?origThumbUrl=https%3A%2F%2Fi.ytimg.com%2Fvi%2Fv1FLkDb-RkY%2Fhqdefault.jpg\" \/><meta itemprop=\"embedURL\" content=\"https:\/\/www.youtube.com\/embed\/v1FLkDb-RkY\" \/><meta itemprop=\"duration\" content=\"PT1M6S\" \/><meta itemprop=\"uploadDate\" content=\"2024-08-12T13:31:13Z\" \/><\/div><div id=\"lyte_v1FLkDb-RkY\" data-src=\"https:\/\/pyro-depot.de\/wp-content\/plugins\/wp-youtube-lyte\/lyteCache.php?origThumbUrl=https%3A%2F%2Fi.ytimg.com%2Fvi%2Fv1FLkDb-RkY%2Fhqdefault.jpg\" class=\"pL\"><div class=\"tC\"><div class=\"tT\" itemprop=\"name\">Fiesta La sinfonia Colores<\/div><\/div><div class=\"play\"><\/div><div class=\"ctrl\"><div class=\"Lctrl\"><\/div><div class=\"Rctrl\"><\/div><\/div><\/div><noscript><a href=\"https:\/\/youtu.be\/v1FLkDb-RkY\" rel=\"nofollow\"><img decoding=\"async\" src=\"https:\/\/pyro-depot.de\/wp-content\/plugins\/wp-youtube-lyte\/lyteCache.php?origThumbUrl=https%3A%2F%2Fi.ytimg.com%2Fvi%2Fv1FLkDb-RkY%2F0.jpg\" alt=\"Fiesta La sinfonia Colores\" width=\"640\" height=\"340\" \/><br \/>Bekijk deze video op YouTube<\/a><\/noscript><meta itemprop=\"description\" content=\"Gro\u00dfhandel von Feuerwerksk\u00f6rper www.pirotecniasterne.de (nur f\u00fcr H\u00e4ndler)\"><\/div><\/div><div class=\"lL\" style=\"max-width:100%;width:640px;margin:5px;\"><\/div><\/p>\n","protected":false},"excerpt":{"rendered":"<div class=\"flex-shrink-0 flex flex-col relative items-end\">\n<div class=\"pt-0\">\n<div class=\"gizmo-bot-avatar flex h-8 w-8 items-center justify-center overflow-hidden rounded-full\">\n<div class=\"relative p-1 rounded-sm flex items-center justify-center bg-token-main-surface-primary text-token-text-primary h-8 w-8\">\n<p>Groot spektakel: Stralende kleuren, fonkelend goud en krachtige saluutschoten als finale<\/p>\n<p>Beleef een vuurwerk van topklasse met een adembenemende mix van intense kleuren, sprankelend goud en een krachtig einde! Deze cake biedt heldere effecten in levendige kleuren die de hemel laten oplichten. Het hoogtepunt is een finale met indrukwekkende saluutschoten en krachtige knaleffecten die uw show afsluiten met een donderend spektakel.<\/p>\n<p>Perfect voor grote feesten en speciale gelegenheden \u2013 dit vuurwerk levert een indrukwekkende performance die op geen enkel evenement mag ontbreken.<\/p>\n<\/div>\n<\/div>\n<\/div>\n<\/div>\n","protected":false},"featured_media":20653,"template":"","meta":{"_acf_changed":false},"product_brand":[],"product_cat":[1637],"product_tag":[],"class_list":{"0":"post-20856","1":"product","2":"type-product","3":"status-publish","4":"has-post-thumbnail","6":"product_cat-compoundcakeboxen","7":"pa_brand-el-gato-vuurwerk","9":"first","10":"instock","11":"taxable","12":"shipping-taxable","13":"product-type-simple"},"acf":[],"yoast_head":"<!-- This site is optimized with the Yoast SEO plugin v26.2 - https:\/\/yoast.com\/wordpress\/plugins\/seo\/ -->\n<title>El Gato Fiesta La sinfonia Colores - Pyro Depot<\/title>\n<meta name=\"description\" content=\"El Gato Fiesta La sinfonia Colores\" \/>\n<meta name=\"robots\" content=\"index, follow, max-snippet:-1, max-image-preview:large, max-video-preview:-1\" \/>\n<link rel=\"canonical\" href=\"https:\/\/pyro-depot.de\/nl\/product\/fiesta-la-sinfonia-colores\/\" \/>\n<meta property=\"og:locale\" content=\"nl_NL\" \/>\n<meta property=\"og:type\" content=\"article\" \/>\n<meta property=\"og:title\" content=\"El Gato Fiesta La sinfonia Colores - Pyro Depot\" \/>\n<meta property=\"og:description\" content=\"El Gato Fiesta La sinfonia Colores\" \/>\n<meta property=\"og:url\" content=\"https:\/\/pyro-depot.de\/nl\/product\/fiesta-la-sinfonia-colores\/\" \/>\n<meta property=\"og:site_name\" content=\"Pyro Depot\" \/>\n<meta property=\"article:modified_time\" content=\"2025-12-25T14:31:45+00:00\" \/>\n<meta property=\"og:image\" content=\"https:\/\/pyro-depot.de\/wp-content\/uploads\/2024\/10\/SF.N1610055-3D.png\" \/>\n\t<meta property=\"og:image:width\" content=\"3000\" \/>\n\t<meta property=\"og:image:height\" content=\"3000\" \/>\n\t<meta property=\"og:image:type\" content=\"image\/png\" \/>\n<meta name=\"twitter:card\" content=\"summary_large_image\" \/>\n<meta name=\"twitter:label1\" content=\"Geschatte leestijd\" \/>\n\t<meta name=\"twitter:data1\" content=\"1 minuut\" \/>\n<script type=\"application\/ld+json\" class=\"yoast-schema-graph\">{\"@context\":\"https:\/\/schema.org\",\"@graph\":[{\"@type\":\"WebPage\",\"@id\":\"https:\/\/pyro-depot.de\/nl\/product\/fiesta-la-sinfonia-colores\/\",\"url\":\"https:\/\/pyro-depot.de\/nl\/product\/fiesta-la-sinfonia-colores\/\",\"name\":\"El Gato Fiesta La sinfonia Colores - Pyro Depot\",\"isPartOf\":{\"@id\":\"https:\/\/pyro-depot.de\/nl\/#website\"},\"primaryImageOfPage\":{\"@id\":\"https:\/\/pyro-depot.de\/nl\/product\/fiesta-la-sinfonia-colores\/#primaryimage\"},\"image\":{\"@id\":\"https:\/\/pyro-depot.de\/nl\/product\/fiesta-la-sinfonia-colores\/#primaryimage\"},\"thumbnailUrl\":\"https:\/\/pyro-depot.de\/wp-content\/uploads\/2024\/10\/SF.N1610055-3D.png\",\"datePublished\":\"2024-10-17T19:54:52+00:00\",\"dateModified\":\"2025-12-25T14:31:45+00:00\",\"description\":\"El Gato Fiesta La sinfonia Colores\",\"breadcrumb\":{\"@id\":\"https:\/\/pyro-depot.de\/nl\/product\/fiesta-la-sinfonia-colores\/#breadcrumb\"},\"inLanguage\":\"nl-NL\",\"potentialAction\":[{\"@type\":\"ReadAction\",\"target\":[\"https:\/\/pyro-depot.de\/nl\/product\/fiesta-la-sinfonia-colores\/\"]}]},{\"@type\":\"ImageObject\",\"inLanguage\":\"nl-NL\",\"@id\":\"https:\/\/pyro-depot.de\/nl\/product\/fiesta-la-sinfonia-colores\/#primaryimage\",\"url\":\"https:\/\/pyro-depot.de\/wp-content\/uploads\/2024\/10\/SF.N1610055-3D.png\",\"contentUrl\":\"https:\/\/pyro-depot.de\/wp-content\/uploads\/2024\/10\/SF.N1610055-3D.png\",\"width\":3000,\"height\":3000},{\"@type\":\"BreadcrumbList\",\"@id\":\"https:\/\/pyro-depot.de\/nl\/product\/fiesta-la-sinfonia-colores\/#breadcrumb\",\"itemListElement\":[{\"@type\":\"ListItem\",\"position\":1,\"name\":\"Home\",\"item\":\"https:\/\/pyro-depot.de\/nl\/\"},{\"@type\":\"ListItem\",\"position\":2,\"name\":\"Winkel\",\"item\":\"https:\/\/new.pyro-depot.de\/nl\/winkel\/\"},{\"@type\":\"ListItem\",\"position\":3,\"name\":\"El Gato Fiesta La sinfonia Colores\"}]},{\"@type\":\"WebSite\",\"@id\":\"https:\/\/pyro-depot.de\/nl\/#website\",\"url\":\"https:\/\/pyro-depot.de\/nl\/\",\"name\":\"Pyro Depot\",\"description\":\"Feuerwerk vom Profi\",\"publisher\":{\"@id\":\"https:\/\/pyro-depot.de\/nl\/#organization\"},\"potentialAction\":[{\"@type\":\"SearchAction\",\"target\":{\"@type\":\"EntryPoint\",\"urlTemplate\":\"https:\/\/pyro-depot.de\/nl\/?s={search_term_string}\"},\"query-input\":{\"@type\":\"PropertyValueSpecification\",\"valueRequired\":true,\"valueName\":\"search_term_string\"}}],\"inLanguage\":\"nl-NL\"},{\"@type\":\"Organization\",\"@id\":\"https:\/\/pyro-depot.de\/nl\/#organization\",\"name\":\"Pyro Depot\",\"url\":\"https:\/\/pyro-depot.de\/nl\/\",\"logo\":{\"@type\":\"ImageObject\",\"inLanguage\":\"nl-NL\",\"@id\":\"https:\/\/pyro-depot.de\/nl\/#\/schema\/logo\/image\/\",\"url\":\"https:\/\/pyro-depot.de\/wp-content\/uploads\/2024\/10\/cropped-cropped-logo-pyro-elgato.png\",\"contentUrl\":\"https:\/\/pyro-depot.de\/wp-content\/uploads\/2024\/10\/cropped-cropped-logo-pyro-elgato.png\",\"width\":457,\"height\":292,\"caption\":\"Pyro Depot\"},\"image\":{\"@id\":\"https:\/\/pyro-depot.de\/nl\/#\/schema\/logo\/image\/\"}}]}<\/script>\n<!-- \/ Yoast SEO plugin. -->","yoast_head_json":{"title":"El Gato Fiesta La sinfonia Colores - Pyro Depot","description":"El Gato Fiesta La sinfonia Colores","robots":{"index":"index","follow":"follow","max-snippet":"max-snippet:-1","max-image-preview":"max-image-preview:large","max-video-preview":"max-video-preview:-1"},"canonical":"https:\/\/pyro-depot.de\/nl\/product\/fiesta-la-sinfonia-colores\/","og_locale":"nl_NL","og_type":"article","og_title":"El Gato Fiesta La sinfonia Colores - Pyro Depot","og_description":"El Gato Fiesta La sinfonia Colores","og_url":"https:\/\/pyro-depot.de\/nl\/product\/fiesta-la-sinfonia-colores\/","og_site_name":"Pyro Depot","article_modified_time":"2025-12-25T14:31:45+00:00","og_image":[{"width":3000,"height":3000,"url":"https:\/\/pyro-depot.de\/wp-content\/uploads\/2024\/10\/SF.N1610055-3D.png","type":"image\/png"}],"twitter_card":"summary_large_image","twitter_misc":{"Geschatte leestijd":"1 minuut"},"schema":{"@context":"https:\/\/schema.org","@graph":[{"@type":"WebPage","@id":"https:\/\/pyro-depot.de\/nl\/product\/fiesta-la-sinfonia-colores\/","url":"https:\/\/pyro-depot.de\/nl\/product\/fiesta-la-sinfonia-colores\/","name":"El Gato Fiesta La sinfonia Colores - Pyro Depot","isPartOf":{"@id":"https:\/\/pyro-depot.de\/nl\/#website"},"primaryImageOfPage":{"@id":"https:\/\/pyro-depot.de\/nl\/product\/fiesta-la-sinfonia-colores\/#primaryimage"},"image":{"@id":"https:\/\/pyro-depot.de\/nl\/product\/fiesta-la-sinfonia-colores\/#primaryimage"},"thumbnailUrl":"https:\/\/pyro-depot.de\/wp-content\/uploads\/2024\/10\/SF.N1610055-3D.png","datePublished":"2024-10-17T19:54:52+00:00","dateModified":"2025-12-25T14:31:45+00:00","description":"El Gato Fiesta La sinfonia Colores","breadcrumb":{"@id":"https:\/\/pyro-depot.de\/nl\/product\/fiesta-la-sinfonia-colores\/#breadcrumb"},"inLanguage":"nl-NL","potentialAction":[{"@type":"ReadAction","target":["https:\/\/pyro-depot.de\/nl\/product\/fiesta-la-sinfonia-colores\/"]}]},{"@type":"ImageObject","inLanguage":"nl-NL","@id":"https:\/\/pyro-depot.de\/nl\/product\/fiesta-la-sinfonia-colores\/#primaryimage","url":"https:\/\/pyro-depot.de\/wp-content\/uploads\/2024\/10\/SF.N1610055-3D.png","contentUrl":"https:\/\/pyro-depot.de\/wp-content\/uploads\/2024\/10\/SF.N1610055-3D.png","width":3000,"height":3000},{"@type":"BreadcrumbList","@id":"https:\/\/pyro-depot.de\/nl\/product\/fiesta-la-sinfonia-colores\/#breadcrumb","itemListElement":[{"@type":"ListItem","position":1,"name":"Home","item":"https:\/\/pyro-depot.de\/nl\/"},{"@type":"ListItem","position":2,"name":"Winkel","item":"https:\/\/new.pyro-depot.de\/nl\/winkel\/"},{"@type":"ListItem","position":3,"name":"El Gato Fiesta La sinfonia Colores"}]},{"@type":"WebSite","@id":"https:\/\/pyro-depot.de\/nl\/#website","url":"https:\/\/pyro-depot.de\/nl\/","name":"Pyro Depot","description":"Feuerwerk vom Profi","publisher":{"@id":"https:\/\/pyro-depot.de\/nl\/#organization"},"potentialAction":[{"@type":"SearchAction","target":{"@type":"EntryPoint","urlTemplate":"https:\/\/pyro-depot.de\/nl\/?s={search_term_string}"},"query-input":{"@type":"PropertyValueSpecification","valueRequired":true,"valueName":"search_term_string"}}],"inLanguage":"nl-NL"},{"@type":"Organization","@id":"https:\/\/pyro-depot.de\/nl\/#organization","name":"Pyro Depot","url":"https:\/\/pyro-depot.de\/nl\/","logo":{"@type":"ImageObject","inLanguage":"nl-NL","@id":"https:\/\/pyro-depot.de\/nl\/#\/schema\/logo\/image\/","url":"https:\/\/pyro-depot.de\/wp-content\/uploads\/2024\/10\/cropped-cropped-logo-pyro-elgato.png","contentUrl":"https:\/\/pyro-depot.de\/wp-content\/uploads\/2024\/10\/cropped-cropped-logo-pyro-elgato.png","width":457,"height":292,"caption":"Pyro Depot"},"image":{"@id":"https:\/\/pyro-depot.de\/nl\/#\/schema\/logo\/image\/"}}]}},"_links":{"self":[{"href":"https:\/\/pyro-depot.de\/nl\/wp-json\/wp\/v2\/product\/20856","targetHints":{"allow":["GET"]}}],"collection":[{"href":"https:\/\/pyro-depot.de\/nl\/wp-json\/wp\/v2\/product"}],"about":[{"href":"https:\/\/pyro-depot.de\/nl\/wp-json\/wp\/v2\/types\/product"}],"wp:featuredmedia":[{"embeddable":true,"href":"https:\/\/pyro-depot.de\/nl\/wp-json\/wp\/v2\/media\/20653"}],"wp:attachment":[{"href":"https:\/\/pyro-depot.de\/nl\/wp-json\/wp\/v2\/media?parent=20856"}],"wp:term":[{"taxonomy":"product_brand","embeddable":true,"href":"https:\/\/pyro-depot.de\/nl\/wp-json\/wp\/v2\/product_brand?post=20856"},{"taxonomy":"product_cat","embeddable":true,"href":"https:\/\/pyro-depot.de\/nl\/wp-json\/wp\/v2\/product_cat?post=20856"},{"taxonomy":"product_tag","embeddable":true,"href":"https:\/\/pyro-depot.de\/nl\/wp-json\/wp\/v2\/product_tag?post=20856"}],"curies":[{"name":"wp","href":"https:\/\/api.w.org\/{rel}","templated":true}]}}