	{"id":21027,"date":"2024-10-27T18:40:31","date_gmt":"2024-10-27T16:40:31","guid":{"rendered":"https:\/\/pyro-depot.de\/product\/funke-springteufel2\/"},"modified":"2026-01-07T16:12:09","modified_gmt":"2026-01-07T15:12:09","slug":"funke-springteufel2","status":"publish","type":"product","link":"https:\/\/pyro-depot.de\/nl\/product\/funke-springteufel2\/","title":{"rendered":"Funke Springteufel2"},"content":{"rendered":"<div class=\"lyte-wrapper\" title=\"&amp;quot;Springteufel 2&amp;quot; - 45mm Fountain + suprise effect [Batch 2020]\" style=\"width:640px;max-width:100%;margin:5px;\"><div class=\"lyMe qsa_\\&amp;enablejsapi\\=1\\&amp;origin\\=https:\/\/pyro-depot.de\" id=\"WYL_aGGXSs9yWYU\" itemprop=\"video\" itemscope itemtype=\"https:\/\/schema.org\/VideoObject\"><div><meta itemprop=\"thumbnailUrl\" content=\"https:\/\/pyro-depot.de\/wp-content\/plugins\/wp-youtube-lyte\/lyteCache.php?origThumbUrl=https%3A%2F%2Fi.ytimg.com%2Fvi%2FaGGXSs9yWYU%2Fhqdefault.jpg\" \/><meta itemprop=\"embedURL\" content=\"https:\/\/www.youtube.com\/embed\/aGGXSs9yWYU\" \/><meta itemprop=\"duration\" content=\"PT1M37S\" \/><meta itemprop=\"uploadDate\" content=\"2021-10-31T17:00:01Z\" \/><\/div><div id=\"lyte_aGGXSs9yWYU\" data-src=\"https:\/\/pyro-depot.de\/wp-content\/plugins\/wp-youtube-lyte\/lyteCache.php?origThumbUrl=https%3A%2F%2Fi.ytimg.com%2Fvi%2FaGGXSs9yWYU%2Fhqdefault.jpg\" class=\"pL\"><div class=\"tC\"><div class=\"tT\" itemprop=\"name\">&quot;Springteufel 2&quot; - 45mm Fountain + suprise effect [Batch 2020]<\/div><\/div><div class=\"play\"><\/div><div class=\"ctrl\"><div class=\"Lctrl\"><\/div><div class=\"Rctrl\"><\/div><\/div><\/div><noscript><a href=\"https:\/\/youtu.be\/aGGXSs9yWYU\" rel=\"nofollow\"><img decoding=\"async\" src=\"https:\/\/pyro-depot.de\/wp-content\/plugins\/wp-youtube-lyte\/lyteCache.php?origThumbUrl=https%3A%2F%2Fi.ytimg.com%2Fvi%2FaGGXSs9yWYU%2F0.jpg\" alt=\"&amp;quot;Springteufel 2&amp;quot; - 45mm Fountain + suprise effect [Batch 2020]\" width=\"640\" height=\"340\" \/><br \/>Bekijk deze video op YouTube<\/a><\/noscript><meta itemprop=\"description\" content=\"FFC45-30-2 Kombination aus Font\u00e4ne und 8 Schuss Feuerwerksohrbatterie &quot;Springteufel 2&quot;, Kal. 45mm \/ Kal. 30mm, ca. 30 Sekunden, 300g NEM, CE Kategorie F2 Riesen-Goldfont\u00e4ne mit blauer Leuchtbasis, gefolgt von einer \u00dcberraschungssalve aus Feuert\u00f6pfen und Buketts in Titangold kombiniert mit tiefblauen Dahliensternen. Leider ist die Goldfont\u00e4ne schw\u00e4cher als die silberne Font\u00e4ne beim Sprinteufel 1, da wir kein Material finden konnten, was bei gr\u00f6berer K\u00f6rnung noch vern\u00fcnftig gez\u00fcndet hat, die Materialien in China scheinen einfach zu minderwertig zu sein.. Die feinere K\u00f6rnung allerdings f\u00fchrt zu einer k\u00fcrzeren Brenndauer der Funken, und somit auch einer geringeren Steigh\u00f6he. Ist trotzdem noch ok, aber die silberne Font\u00e4ne beim Springteufel 1 ist halt deutlich besser. Trotzdem noch ein sch\u00f6ner Artikel wie ich finde. EN: FFC45-30-2 Combination of fountain and 8 shots battery of shottubes &quot;Springteufel 2&quot;, ca. 45mm + cal. 30mm, ca. 30 seconds, 300g NEC, CE certified, category F2 Huge golden iron fountain with blue flame base, with a final suprise salvo of gold titanium willow with blue mines to golden tails to gold titanium willow with blue Dahlia. Sadly the the golden fountain is weaker than the silver fountain at the Springteufel 1, because we could not find any material for the golden sparks, which still ignites properly at a bigger size, the materials in china just seem to be too poor quality.. The smaller size of the material now leads to shorter burntime of the sparks, and thus also a lower height of the fountain. It\u00b4s still ok, but the silver fountain of the Sprinteufel 1 is much better. Despite this, it\u00b4s still a nice item I think.\"><\/div><\/div><div class=\"lL\" style=\"max-width:100%;width:640px;margin:5px;\"><\/div><\/p>\n<p>45mm<\/p>\n","protected":false},"excerpt":{"rendered":"<p>&quot;Springteufel 2&quot; &#8211; 45mm Fountain + suprise effect [Batch 2020]Bekijk deze video op YouTube 45mm<\/p>\n","protected":false},"featured_media":20948,"template":"","meta":{"_acf_changed":false},"product_brand":[],"product_cat":[1640],"product_tag":[],"class_list":{"0":"post-21027","1":"product","2":"type-product","3":"status-publish","4":"has-post-thumbnail","6":"product_cat-fonteinen","7":"pa_adr-funke","8":"pa_brand-funke","10":"first","11":"outofstock","12":"taxable","13":"shipping-taxable","14":"product-type-simple"},"acf":[],"yoast_head":"<!-- This site is optimized with the Yoast SEO plugin v26.2 - https:\/\/yoast.com\/wordpress\/plugins\/seo\/ -->\n<title>Funke Springteufel2 - Pyro Depot<\/title>\n<meta name=\"description\" content=\"Funke Springteufel2\" \/>\n<meta name=\"robots\" content=\"index, follow, max-snippet:-1, max-image-preview:large, max-video-preview:-1\" \/>\n<link rel=\"canonical\" href=\"https:\/\/pyro-depot.de\/nl\/product\/funke-springteufel2\/\" \/>\n<meta property=\"og:locale\" content=\"nl_NL\" \/>\n<meta property=\"og:type\" content=\"article\" \/>\n<meta property=\"og:title\" content=\"Funke Springteufel2 - Pyro Depot\" \/>\n<meta property=\"og:description\" content=\"Funke Springteufel2\" \/>\n<meta property=\"og:url\" content=\"https:\/\/pyro-depot.de\/nl\/product\/funke-springteufel2\/\" \/>\n<meta property=\"og:site_name\" content=\"Pyro Depot\" \/>\n<meta property=\"article:modified_time\" content=\"2026-01-07T15:12:09+00:00\" \/>\n<meta property=\"og:image\" content=\"https:\/\/pyro-depot.de\/wp-content\/uploads\/2024\/10\/Springteufel-2-550x550-1.png\" \/>\n\t<meta property=\"og:image:width\" content=\"550\" \/>\n\t<meta property=\"og:image:height\" content=\"550\" \/>\n\t<meta property=\"og:image:type\" content=\"image\/png\" \/>\n<meta name=\"twitter:card\" content=\"summary_large_image\" \/>\n<meta name=\"twitter:label1\" content=\"Geschatte leestijd\" \/>\n\t<meta name=\"twitter:data1\" content=\"1 minuut\" \/>\n<script type=\"application\/ld+json\" class=\"yoast-schema-graph\">{\"@context\":\"https:\/\/schema.org\",\"@graph\":[{\"@type\":\"WebPage\",\"@id\":\"https:\/\/pyro-depot.de\/nl\/product\/funke-springteufel2\/\",\"url\":\"https:\/\/pyro-depot.de\/nl\/product\/funke-springteufel2\/\",\"name\":\"Funke Springteufel2 - Pyro Depot\",\"isPartOf\":{\"@id\":\"https:\/\/pyro-depot.de\/nl\/#website\"},\"primaryImageOfPage\":{\"@id\":\"https:\/\/pyro-depot.de\/nl\/product\/funke-springteufel2\/#primaryimage\"},\"image\":{\"@id\":\"https:\/\/pyro-depot.de\/nl\/product\/funke-springteufel2\/#primaryimage\"},\"thumbnailUrl\":\"https:\/\/pyro-depot.de\/wp-content\/uploads\/2024\/10\/Springteufel-2-550x550-1.png\",\"datePublished\":\"2024-10-27T16:40:31+00:00\",\"dateModified\":\"2026-01-07T15:12:09+00:00\",\"description\":\"Funke Springteufel2\",\"breadcrumb\":{\"@id\":\"https:\/\/pyro-depot.de\/nl\/product\/funke-springteufel2\/#breadcrumb\"},\"inLanguage\":\"nl-NL\",\"potentialAction\":[{\"@type\":\"ReadAction\",\"target\":[\"https:\/\/pyro-depot.de\/nl\/product\/funke-springteufel2\/\"]}]},{\"@type\":\"ImageObject\",\"inLanguage\":\"nl-NL\",\"@id\":\"https:\/\/pyro-depot.de\/nl\/product\/funke-springteufel2\/#primaryimage\",\"url\":\"https:\/\/pyro-depot.de\/wp-content\/uploads\/2024\/10\/Springteufel-2-550x550-1.png\",\"contentUrl\":\"https:\/\/pyro-depot.de\/wp-content\/uploads\/2024\/10\/Springteufel-2-550x550-1.png\",\"width\":550,\"height\":550},{\"@type\":\"BreadcrumbList\",\"@id\":\"https:\/\/pyro-depot.de\/nl\/product\/funke-springteufel2\/#breadcrumb\",\"itemListElement\":[{\"@type\":\"ListItem\",\"position\":1,\"name\":\"Home\",\"item\":\"https:\/\/pyro-depot.de\/nl\/\"},{\"@type\":\"ListItem\",\"position\":2,\"name\":\"Winkel\",\"item\":\"https:\/\/new.pyro-depot.de\/nl\/winkel\/\"},{\"@type\":\"ListItem\",\"position\":3,\"name\":\"Funke Springteufel2\"}]},{\"@type\":\"WebSite\",\"@id\":\"https:\/\/pyro-depot.de\/nl\/#website\",\"url\":\"https:\/\/pyro-depot.de\/nl\/\",\"name\":\"Pyro Depot\",\"description\":\"Feuerwerk vom Profi\",\"publisher\":{\"@id\":\"https:\/\/pyro-depot.de\/nl\/#organization\"},\"potentialAction\":[{\"@type\":\"SearchAction\",\"target\":{\"@type\":\"EntryPoint\",\"urlTemplate\":\"https:\/\/pyro-depot.de\/nl\/?s={search_term_string}\"},\"query-input\":{\"@type\":\"PropertyValueSpecification\",\"valueRequired\":true,\"valueName\":\"search_term_string\"}}],\"inLanguage\":\"nl-NL\"},{\"@type\":\"Organization\",\"@id\":\"https:\/\/pyro-depot.de\/nl\/#organization\",\"name\":\"Pyro Depot\",\"url\":\"https:\/\/pyro-depot.de\/nl\/\",\"logo\":{\"@type\":\"ImageObject\",\"inLanguage\":\"nl-NL\",\"@id\":\"https:\/\/pyro-depot.de\/nl\/#\/schema\/logo\/image\/\",\"url\":\"https:\/\/pyro-depot.de\/wp-content\/uploads\/2024\/10\/cropped-cropped-logo-pyro-elgato.png\",\"contentUrl\":\"https:\/\/pyro-depot.de\/wp-content\/uploads\/2024\/10\/cropped-cropped-logo-pyro-elgato.png\",\"width\":457,\"height\":292,\"caption\":\"Pyro Depot\"},\"image\":{\"@id\":\"https:\/\/pyro-depot.de\/nl\/#\/schema\/logo\/image\/\"}}]}<\/script>\n<!-- \/ Yoast SEO plugin. -->","yoast_head_json":{"title":"Funke Springteufel2 - Pyro Depot","description":"Funke Springteufel2","robots":{"index":"index","follow":"follow","max-snippet":"max-snippet:-1","max-image-preview":"max-image-preview:large","max-video-preview":"max-video-preview:-1"},"canonical":"https:\/\/pyro-depot.de\/nl\/product\/funke-springteufel2\/","og_locale":"nl_NL","og_type":"article","og_title":"Funke Springteufel2 - Pyro Depot","og_description":"Funke Springteufel2","og_url":"https:\/\/pyro-depot.de\/nl\/product\/funke-springteufel2\/","og_site_name":"Pyro Depot","article_modified_time":"2026-01-07T15:12:09+00:00","og_image":[{"width":550,"height":550,"url":"https:\/\/pyro-depot.de\/wp-content\/uploads\/2024\/10\/Springteufel-2-550x550-1.png","type":"image\/png"}],"twitter_card":"summary_large_image","twitter_misc":{"Geschatte leestijd":"1 minuut"},"schema":{"@context":"https:\/\/schema.org","@graph":[{"@type":"WebPage","@id":"https:\/\/pyro-depot.de\/nl\/product\/funke-springteufel2\/","url":"https:\/\/pyro-depot.de\/nl\/product\/funke-springteufel2\/","name":"Funke Springteufel2 - Pyro Depot","isPartOf":{"@id":"https:\/\/pyro-depot.de\/nl\/#website"},"primaryImageOfPage":{"@id":"https:\/\/pyro-depot.de\/nl\/product\/funke-springteufel2\/#primaryimage"},"image":{"@id":"https:\/\/pyro-depot.de\/nl\/product\/funke-springteufel2\/#primaryimage"},"thumbnailUrl":"https:\/\/pyro-depot.de\/wp-content\/uploads\/2024\/10\/Springteufel-2-550x550-1.png","datePublished":"2024-10-27T16:40:31+00:00","dateModified":"2026-01-07T15:12:09+00:00","description":"Funke Springteufel2","breadcrumb":{"@id":"https:\/\/pyro-depot.de\/nl\/product\/funke-springteufel2\/#breadcrumb"},"inLanguage":"nl-NL","potentialAction":[{"@type":"ReadAction","target":["https:\/\/pyro-depot.de\/nl\/product\/funke-springteufel2\/"]}]},{"@type":"ImageObject","inLanguage":"nl-NL","@id":"https:\/\/pyro-depot.de\/nl\/product\/funke-springteufel2\/#primaryimage","url":"https:\/\/pyro-depot.de\/wp-content\/uploads\/2024\/10\/Springteufel-2-550x550-1.png","contentUrl":"https:\/\/pyro-depot.de\/wp-content\/uploads\/2024\/10\/Springteufel-2-550x550-1.png","width":550,"height":550},{"@type":"BreadcrumbList","@id":"https:\/\/pyro-depot.de\/nl\/product\/funke-springteufel2\/#breadcrumb","itemListElement":[{"@type":"ListItem","position":1,"name":"Home","item":"https:\/\/pyro-depot.de\/nl\/"},{"@type":"ListItem","position":2,"name":"Winkel","item":"https:\/\/new.pyro-depot.de\/nl\/winkel\/"},{"@type":"ListItem","position":3,"name":"Funke Springteufel2"}]},{"@type":"WebSite","@id":"https:\/\/pyro-depot.de\/nl\/#website","url":"https:\/\/pyro-depot.de\/nl\/","name":"Pyro Depot","description":"Feuerwerk vom Profi","publisher":{"@id":"https:\/\/pyro-depot.de\/nl\/#organization"},"potentialAction":[{"@type":"SearchAction","target":{"@type":"EntryPoint","urlTemplate":"https:\/\/pyro-depot.de\/nl\/?s={search_term_string}"},"query-input":{"@type":"PropertyValueSpecification","valueRequired":true,"valueName":"search_term_string"}}],"inLanguage":"nl-NL"},{"@type":"Organization","@id":"https:\/\/pyro-depot.de\/nl\/#organization","name":"Pyro Depot","url":"https:\/\/pyro-depot.de\/nl\/","logo":{"@type":"ImageObject","inLanguage":"nl-NL","@id":"https:\/\/pyro-depot.de\/nl\/#\/schema\/logo\/image\/","url":"https:\/\/pyro-depot.de\/wp-content\/uploads\/2024\/10\/cropped-cropped-logo-pyro-elgato.png","contentUrl":"https:\/\/pyro-depot.de\/wp-content\/uploads\/2024\/10\/cropped-cropped-logo-pyro-elgato.png","width":457,"height":292,"caption":"Pyro Depot"},"image":{"@id":"https:\/\/pyro-depot.de\/nl\/#\/schema\/logo\/image\/"}}]}},"_links":{"self":[{"href":"https:\/\/pyro-depot.de\/nl\/wp-json\/wp\/v2\/product\/21027","targetHints":{"allow":["GET"]}}],"collection":[{"href":"https:\/\/pyro-depot.de\/nl\/wp-json\/wp\/v2\/product"}],"about":[{"href":"https:\/\/pyro-depot.de\/nl\/wp-json\/wp\/v2\/types\/product"}],"wp:featuredmedia":[{"embeddable":true,"href":"https:\/\/pyro-depot.de\/nl\/wp-json\/wp\/v2\/media\/20948"}],"wp:attachment":[{"href":"https:\/\/pyro-depot.de\/nl\/wp-json\/wp\/v2\/media?parent=21027"}],"wp:term":[{"taxonomy":"product_brand","embeddable":true,"href":"https:\/\/pyro-depot.de\/nl\/wp-json\/wp\/v2\/product_brand?post=21027"},{"taxonomy":"product_cat","embeddable":true,"href":"https:\/\/pyro-depot.de\/nl\/wp-json\/wp\/v2\/product_cat?post=21027"},{"taxonomy":"product_tag","embeddable":true,"href":"https:\/\/pyro-depot.de\/nl\/wp-json\/wp\/v2\/product_tag?post=21027"}],"curies":[{"name":"wp","href":"https:\/\/api.w.org\/{rel}","templated":true}]}}