	{"id":21054,"date":"2024-10-21T20:49:50","date_gmt":"2024-10-21T18:49:50","guid":{"rendered":"https:\/\/pyro-depot.de\/product\/el-gato-fiesta-de-cracker\/"},"modified":"2025-12-22T16:32:21","modified_gmt":"2025-12-22T14:32:21","slug":"el-gato-fiesta-de-cracker","status":"publish","type":"product","link":"https:\/\/pyro-depot.de\/nl\/product\/el-gato-fiesta-de-cracker\/","title":{"rendered":"El Gato Fiesta de Cracker"},"content":{"rendered":"<div class=\"lyte-wrapper\" title=\"Fiesta de Cracker (SF N1610052) Batch 24\" style=\"width:640px;max-width:100%;margin:5px;\"><div class=\"lyMe\" id=\"WYL_TkZvkOD4hig\" itemprop=\"video\" itemscope itemtype=\"https:\/\/schema.org\/VideoObject\"><div><meta itemprop=\"thumbnailUrl\" content=\"https:\/\/pyro-depot.de\/wp-content\/plugins\/wp-youtube-lyte\/lyteCache.php?origThumbUrl=https%3A%2F%2Fi.ytimg.com%2Fvi%2FTkZvkOD4hig%2Fhqdefault.jpg\" \/><meta itemprop=\"embedURL\" content=\"https:\/\/www.youtube.com\/embed\/TkZvkOD4hig\" \/><meta itemprop=\"duration\" content=\"PT1M19S\" \/><meta itemprop=\"uploadDate\" content=\"2024-08-12T14:04:29Z\" \/><\/div><div id=\"lyte_TkZvkOD4hig\" data-src=\"https:\/\/pyro-depot.de\/wp-content\/plugins\/wp-youtube-lyte\/lyteCache.php?origThumbUrl=https%3A%2F%2Fi.ytimg.com%2Fvi%2FTkZvkOD4hig%2Fhqdefault.jpg\" class=\"pL\"><div class=\"tC\"><div class=\"tT\" itemprop=\"name\">Fiesta de Cracker (SF N1610052) Batch 24<\/div><\/div><div class=\"play\"><\/div><div class=\"ctrl\"><div class=\"Lctrl\"><\/div><div class=\"Rctrl\"><\/div><\/div><\/div><noscript><a href=\"https:\/\/youtu.be\/TkZvkOD4hig\" rel=\"nofollow\"><img decoding=\"async\" src=\"https:\/\/pyro-depot.de\/wp-content\/plugins\/wp-youtube-lyte\/lyteCache.php?origThumbUrl=https%3A%2F%2Fi.ytimg.com%2Fvi%2FTkZvkOD4hig%2F0.jpg\" alt=\"Fiesta de Cracker (SF N1610052) Batch 24\" width=\"640\" height=\"340\" \/><br \/>Bekijk deze video op YouTube<\/a><\/noscript><meta itemprop=\"description\" content=\"Gro\u00dfhandel von Feuerwerksk\u00f6rper www.pirotecniasterne.de (nur f\u00fcr H\u00e4ndler)\"><\/div><\/div><div class=\"lL\" style=\"max-width:100%;width:640px;margin:5px;\"><\/div><\/p>\n","protected":false},"excerpt":{"rendered":"<p>Voor iedereen die wil verrassen; kijk niet verder. Toch weer even anders dan anders; een atoom-wolk met allemaal kleuren maar vooral letterlijk overal sterren in allerlei kleuren. Ook hier komt de sterrenvorm duidelijk naar voren en wordt afgewisseld met kleine explosies van glitter en stof.\u00a0 Met recht een fiesta.<\/p>\n","protected":false},"featured_media":20918,"template":"","meta":{"_acf_changed":false},"product_brand":[],"product_cat":[1637],"product_tag":[],"class_list":{"0":"post-21054","1":"product","2":"type-product","3":"status-publish","4":"has-post-thumbnail","6":"product_cat-compoundcakeboxen","7":"pa_brand-el-gato-vuurwerk","9":"first","10":"instock","11":"taxable","12":"shipping-taxable","13":"product-type-simple"},"acf":[],"yoast_head":"<!-- This site is optimized with the Yoast SEO plugin v26.2 - https:\/\/yoast.com\/wordpress\/plugins\/seo\/ -->\n<title>El Gato Fiesta de Cracker - Pyro Depot<\/title>\n<meta name=\"description\" content=\"El Gato Fiesta de Cracker\" \/>\n<meta name=\"robots\" content=\"index, follow, max-snippet:-1, max-image-preview:large, max-video-preview:-1\" \/>\n<link rel=\"canonical\" href=\"https:\/\/pyro-depot.de\/nl\/product\/el-gato-fiesta-de-cracker\/\" \/>\n<meta property=\"og:locale\" content=\"nl_NL\" \/>\n<meta property=\"og:type\" content=\"article\" \/>\n<meta property=\"og:title\" content=\"El Gato Fiesta de Cracker - Pyro Depot\" \/>\n<meta property=\"og:description\" content=\"El Gato Fiesta de Cracker\" \/>\n<meta property=\"og:url\" content=\"https:\/\/pyro-depot.de\/nl\/product\/el-gato-fiesta-de-cracker\/\" \/>\n<meta property=\"og:site_name\" content=\"Pyro Depot\" \/>\n<meta property=\"article:modified_time\" content=\"2025-12-22T14:32:21+00:00\" \/>\n<meta property=\"og:image\" content=\"https:\/\/pyro-depot.de\/wp-content\/uploads\/2024\/10\/SF.N1610052-3D.png\" \/>\n\t<meta property=\"og:image:width\" content=\"3000\" \/>\n\t<meta property=\"og:image:height\" content=\"3000\" \/>\n\t<meta property=\"og:image:type\" content=\"image\/png\" \/>\n<meta name=\"twitter:card\" content=\"summary_large_image\" \/>\n<script type=\"application\/ld+json\" class=\"yoast-schema-graph\">{\"@context\":\"https:\/\/schema.org\",\"@graph\":[{\"@type\":\"WebPage\",\"@id\":\"https:\/\/pyro-depot.de\/nl\/product\/el-gato-fiesta-de-cracker\/\",\"url\":\"https:\/\/pyro-depot.de\/nl\/product\/el-gato-fiesta-de-cracker\/\",\"name\":\"El Gato Fiesta de Cracker - Pyro Depot\",\"isPartOf\":{\"@id\":\"https:\/\/pyro-depot.de\/nl\/#website\"},\"primaryImageOfPage\":{\"@id\":\"https:\/\/pyro-depot.de\/nl\/product\/el-gato-fiesta-de-cracker\/#primaryimage\"},\"image\":{\"@id\":\"https:\/\/pyro-depot.de\/nl\/product\/el-gato-fiesta-de-cracker\/#primaryimage\"},\"thumbnailUrl\":\"https:\/\/pyro-depot.de\/wp-content\/uploads\/2024\/10\/SF.N1610052-3D.png\",\"datePublished\":\"2024-10-21T18:49:50+00:00\",\"dateModified\":\"2025-12-22T14:32:21+00:00\",\"description\":\"El Gato Fiesta de Cracker\",\"breadcrumb\":{\"@id\":\"https:\/\/pyro-depot.de\/nl\/product\/el-gato-fiesta-de-cracker\/#breadcrumb\"},\"inLanguage\":\"nl-NL\",\"potentialAction\":[{\"@type\":\"ReadAction\",\"target\":[\"https:\/\/pyro-depot.de\/nl\/product\/el-gato-fiesta-de-cracker\/\"]}]},{\"@type\":\"ImageObject\",\"inLanguage\":\"nl-NL\",\"@id\":\"https:\/\/pyro-depot.de\/nl\/product\/el-gato-fiesta-de-cracker\/#primaryimage\",\"url\":\"https:\/\/pyro-depot.de\/wp-content\/uploads\/2024\/10\/SF.N1610052-3D.png\",\"contentUrl\":\"https:\/\/pyro-depot.de\/wp-content\/uploads\/2024\/10\/SF.N1610052-3D.png\",\"width\":3000,\"height\":3000},{\"@type\":\"BreadcrumbList\",\"@id\":\"https:\/\/pyro-depot.de\/nl\/product\/el-gato-fiesta-de-cracker\/#breadcrumb\",\"itemListElement\":[{\"@type\":\"ListItem\",\"position\":1,\"name\":\"Home\",\"item\":\"https:\/\/pyro-depot.de\/nl\/\"},{\"@type\":\"ListItem\",\"position\":2,\"name\":\"Winkel\",\"item\":\"https:\/\/new.pyro-depot.de\/nl\/winkel\/\"},{\"@type\":\"ListItem\",\"position\":3,\"name\":\"El Gato Fiesta de Cracker\"}]},{\"@type\":\"WebSite\",\"@id\":\"https:\/\/pyro-depot.de\/nl\/#website\",\"url\":\"https:\/\/pyro-depot.de\/nl\/\",\"name\":\"Pyro Depot\",\"description\":\"Feuerwerk vom Profi\",\"publisher\":{\"@id\":\"https:\/\/pyro-depot.de\/nl\/#organization\"},\"potentialAction\":[{\"@type\":\"SearchAction\",\"target\":{\"@type\":\"EntryPoint\",\"urlTemplate\":\"https:\/\/pyro-depot.de\/nl\/?s={search_term_string}\"},\"query-input\":{\"@type\":\"PropertyValueSpecification\",\"valueRequired\":true,\"valueName\":\"search_term_string\"}}],\"inLanguage\":\"nl-NL\"},{\"@type\":\"Organization\",\"@id\":\"https:\/\/pyro-depot.de\/nl\/#organization\",\"name\":\"Pyro Depot\",\"url\":\"https:\/\/pyro-depot.de\/nl\/\",\"logo\":{\"@type\":\"ImageObject\",\"inLanguage\":\"nl-NL\",\"@id\":\"https:\/\/pyro-depot.de\/nl\/#\/schema\/logo\/image\/\",\"url\":\"https:\/\/pyro-depot.de\/wp-content\/uploads\/2024\/10\/cropped-cropped-logo-pyro-elgato.png\",\"contentUrl\":\"https:\/\/pyro-depot.de\/wp-content\/uploads\/2024\/10\/cropped-cropped-logo-pyro-elgato.png\",\"width\":457,\"height\":292,\"caption\":\"Pyro Depot\"},\"image\":{\"@id\":\"https:\/\/pyro-depot.de\/nl\/#\/schema\/logo\/image\/\"}}]}<\/script>\n<!-- \/ Yoast SEO plugin. -->","yoast_head_json":{"title":"El Gato Fiesta de Cracker - Pyro Depot","description":"El Gato Fiesta de Cracker","robots":{"index":"index","follow":"follow","max-snippet":"max-snippet:-1","max-image-preview":"max-image-preview:large","max-video-preview":"max-video-preview:-1"},"canonical":"https:\/\/pyro-depot.de\/nl\/product\/el-gato-fiesta-de-cracker\/","og_locale":"nl_NL","og_type":"article","og_title":"El Gato Fiesta de Cracker - Pyro Depot","og_description":"El Gato Fiesta de Cracker","og_url":"https:\/\/pyro-depot.de\/nl\/product\/el-gato-fiesta-de-cracker\/","og_site_name":"Pyro Depot","article_modified_time":"2025-12-22T14:32:21+00:00","og_image":[{"width":3000,"height":3000,"url":"https:\/\/pyro-depot.de\/wp-content\/uploads\/2024\/10\/SF.N1610052-3D.png","type":"image\/png"}],"twitter_card":"summary_large_image","schema":{"@context":"https:\/\/schema.org","@graph":[{"@type":"WebPage","@id":"https:\/\/pyro-depot.de\/nl\/product\/el-gato-fiesta-de-cracker\/","url":"https:\/\/pyro-depot.de\/nl\/product\/el-gato-fiesta-de-cracker\/","name":"El Gato Fiesta de Cracker - Pyro Depot","isPartOf":{"@id":"https:\/\/pyro-depot.de\/nl\/#website"},"primaryImageOfPage":{"@id":"https:\/\/pyro-depot.de\/nl\/product\/el-gato-fiesta-de-cracker\/#primaryimage"},"image":{"@id":"https:\/\/pyro-depot.de\/nl\/product\/el-gato-fiesta-de-cracker\/#primaryimage"},"thumbnailUrl":"https:\/\/pyro-depot.de\/wp-content\/uploads\/2024\/10\/SF.N1610052-3D.png","datePublished":"2024-10-21T18:49:50+00:00","dateModified":"2025-12-22T14:32:21+00:00","description":"El Gato Fiesta de Cracker","breadcrumb":{"@id":"https:\/\/pyro-depot.de\/nl\/product\/el-gato-fiesta-de-cracker\/#breadcrumb"},"inLanguage":"nl-NL","potentialAction":[{"@type":"ReadAction","target":["https:\/\/pyro-depot.de\/nl\/product\/el-gato-fiesta-de-cracker\/"]}]},{"@type":"ImageObject","inLanguage":"nl-NL","@id":"https:\/\/pyro-depot.de\/nl\/product\/el-gato-fiesta-de-cracker\/#primaryimage","url":"https:\/\/pyro-depot.de\/wp-content\/uploads\/2024\/10\/SF.N1610052-3D.png","contentUrl":"https:\/\/pyro-depot.de\/wp-content\/uploads\/2024\/10\/SF.N1610052-3D.png","width":3000,"height":3000},{"@type":"BreadcrumbList","@id":"https:\/\/pyro-depot.de\/nl\/product\/el-gato-fiesta-de-cracker\/#breadcrumb","itemListElement":[{"@type":"ListItem","position":1,"name":"Home","item":"https:\/\/pyro-depot.de\/nl\/"},{"@type":"ListItem","position":2,"name":"Winkel","item":"https:\/\/new.pyro-depot.de\/nl\/winkel\/"},{"@type":"ListItem","position":3,"name":"El Gato Fiesta de Cracker"}]},{"@type":"WebSite","@id":"https:\/\/pyro-depot.de\/nl\/#website","url":"https:\/\/pyro-depot.de\/nl\/","name":"Pyro Depot","description":"Feuerwerk vom Profi","publisher":{"@id":"https:\/\/pyro-depot.de\/nl\/#organization"},"potentialAction":[{"@type":"SearchAction","target":{"@type":"EntryPoint","urlTemplate":"https:\/\/pyro-depot.de\/nl\/?s={search_term_string}"},"query-input":{"@type":"PropertyValueSpecification","valueRequired":true,"valueName":"search_term_string"}}],"inLanguage":"nl-NL"},{"@type":"Organization","@id":"https:\/\/pyro-depot.de\/nl\/#organization","name":"Pyro Depot","url":"https:\/\/pyro-depot.de\/nl\/","logo":{"@type":"ImageObject","inLanguage":"nl-NL","@id":"https:\/\/pyro-depot.de\/nl\/#\/schema\/logo\/image\/","url":"https:\/\/pyro-depot.de\/wp-content\/uploads\/2024\/10\/cropped-cropped-logo-pyro-elgato.png","contentUrl":"https:\/\/pyro-depot.de\/wp-content\/uploads\/2024\/10\/cropped-cropped-logo-pyro-elgato.png","width":457,"height":292,"caption":"Pyro Depot"},"image":{"@id":"https:\/\/pyro-depot.de\/nl\/#\/schema\/logo\/image\/"}}]}},"_links":{"self":[{"href":"https:\/\/pyro-depot.de\/nl\/wp-json\/wp\/v2\/product\/21054","targetHints":{"allow":["GET"]}}],"collection":[{"href":"https:\/\/pyro-depot.de\/nl\/wp-json\/wp\/v2\/product"}],"about":[{"href":"https:\/\/pyro-depot.de\/nl\/wp-json\/wp\/v2\/types\/product"}],"wp:featuredmedia":[{"embeddable":true,"href":"https:\/\/pyro-depot.de\/nl\/wp-json\/wp\/v2\/media\/20918"}],"wp:attachment":[{"href":"https:\/\/pyro-depot.de\/nl\/wp-json\/wp\/v2\/media?parent=21054"}],"wp:term":[{"taxonomy":"product_brand","embeddable":true,"href":"https:\/\/pyro-depot.de\/nl\/wp-json\/wp\/v2\/product_brand?post=21054"},{"taxonomy":"product_cat","embeddable":true,"href":"https:\/\/pyro-depot.de\/nl\/wp-json\/wp\/v2\/product_cat?post=21054"},{"taxonomy":"product_tag","embeddable":true,"href":"https:\/\/pyro-depot.de\/nl\/wp-json\/wp\/v2\/product_tag?post=21054"}],"curies":[{"name":"wp","href":"https:\/\/api.w.org\/{rel}","templated":true}]}}