	{"id":21331,"date":"2024-11-21T21:41:40","date_gmt":"2024-11-21T19:41:40","guid":{"rendered":"https:\/\/pyro-depot.de\/product\/funke-mini-raketen-salut\/"},"modified":"2025-12-13T17:08:12","modified_gmt":"2025-12-13T15:08:12","slug":"funke-mini-raketen-salut","status":"publish","type":"product","link":"https:\/\/pyro-depot.de\/nl\/product\/funke-mini-raketen-salut\/","title":{"rendered":"Funke Mini Raketen Salut"},"content":{"rendered":"<div class=\"lyte-wrapper\" title=\"&amp;quot;Mini-Raketen Salut&amp;quot; - small whistling rockets with salute [Batch 2024]\" style=\"width:640px;max-width:100%;margin:5px;\"><div class=\"lyMe qsa_\\&amp;enablejsapi\\=1\\&amp;origin\\=https:\/\/pyro-depot.de\" id=\"WYL_1kYaGm4InFM\" itemprop=\"video\" itemscope itemtype=\"https:\/\/schema.org\/VideoObject\"><div><meta itemprop=\"thumbnailUrl\" content=\"https:\/\/pyro-depot.de\/wp-content\/plugins\/wp-youtube-lyte\/lyteCache.php?origThumbUrl=https%3A%2F%2Fi.ytimg.com%2Fvi%2F1kYaGm4InFM%2Fhqdefault.jpg\" \/><meta itemprop=\"embedURL\" content=\"https:\/\/www.youtube.com\/embed\/1kYaGm4InFM\" \/><meta itemprop=\"duration\" content=\"PT1M35S\" \/><meta itemprop=\"uploadDate\" content=\"2024-09-22T17:00:01Z\" \/><\/div><div id=\"lyte_1kYaGm4InFM\" data-src=\"https:\/\/pyro-depot.de\/wp-content\/plugins\/wp-youtube-lyte\/lyteCache.php?origThumbUrl=https%3A%2F%2Fi.ytimg.com%2Fvi%2F1kYaGm4InFM%2Fhqdefault.jpg\" class=\"pL\"><div class=\"tC\"><div class=\"tT\" itemprop=\"name\">&quot;Mini-Raketen Salut&quot; - small whistling rockets with salute [Batch 2024]<\/div><\/div><div class=\"play\"><\/div><div class=\"ctrl\"><div class=\"Lctrl\"><\/div><div class=\"Rctrl\"><\/div><\/div><\/div><noscript><a href=\"https:\/\/youtu.be\/1kYaGm4InFM\" rel=\"nofollow\"><img decoding=\"async\" src=\"https:\/\/pyro-depot.de\/wp-content\/plugins\/wp-youtube-lyte\/lyteCache.php?origThumbUrl=https%3A%2F%2Fi.ytimg.com%2Fvi%2F1kYaGm4InFM%2F0.jpg\" alt=\"&amp;quot;Mini-Raketen Salut&amp;quot; - small whistling rockets with salute [Batch 2024]\" width=\"640\" height=\"340\" \/><br \/>Bekijk deze video op YouTube<\/a><\/noscript><meta itemprop=\"description\" content=\"DE: FR-W8-S, Mini-Raketen salut, CE F2, 1.4G, Packing 10\/10\/10, 1,3g NEM Kleine Raketen mit Pfeifaufstieg und Knall. 10 St\u00fcck pro Beutel, 10 Beutel pro Display-Schachtel. Eigentlich war dieser Artikel schon 2018 geplant, und die Verpackungen waren fertig gedruckt - das ist so lange her, dass es die benannte CE-Stelle nicht mehr gibt dessen Nummer wir aufgedruckt hatten, so dass wir die komplette Verpackung neu machen mussten jetzt, wo wir endlich eine neue Fabrik f\u00fcr den Artikel finden konnten ;) Jetzt hats jedenfalls geklappt mit der Produktion. Die Raketen sind so gro\u00df wie unsere Luftheuler, also etwas gr\u00f6\u00dfer als klassische Moontraveler. F\u00fcr die Gr\u00f6\u00dfe ein sch\u00f6ner Silberschweif, und eine gute Brenndauer. Da derartige Kleinartikel mittlerweile leider meist ziemlich schlechte Qualit\u00e4t aufweisen, bin ich bem\u00fcht, unser Angebot hier weiter auszubauen, damit es auch weiterhin eine gro\u00dfe Vielfalt an brauchbaren kleineren Artikeln jenseits des Batteriefeuerwerks am Markt gibt. EN: FR-W8-S, Mini-Raketen salut, CE F2, 1.4G, Packing 10\/10\/10, 1,3g NEC Small rockets with silver whistling tail to bang. 10 pieces per bag, 10 bags per display box. Actually, this item had been planned in 2018 already and the packaging had been already printed - that was so long ago that the CE notified body whose number we had printed on the package no longer exists, so we had to remake the entire packaging now that we were finally able to find a new factory for the item ;) At least now production has worked out. The rockets are as big as our &quot;Luftheuler&quot;, so a bit bigger than classic moon travelers. For their size, they have a nice silver tail and a good burn time. Since these kinds of small items are unfortunately usually of pretty poor quality these days, I am trying to expand our range here so that there will continue to be a wide variety of useful smaller items on the market besides only battery fireworks.\"><\/div><\/div><div class=\"lL\" style=\"max-width:100%;width:640px;margin:5px;\"><\/div><\/p>\n<p>8.5mm<\/p>\n","protected":false},"excerpt":{"rendered":"<p>&quot;Mini-Raketen Salut&quot; &#8211; small whistling rockets with salute [Batch 2024]Bekijk deze video op YouTube 8.5mm<\/p>\n","protected":false},"featured_media":22357,"template":"","meta":{"_acf_changed":false},"product_brand":[],"product_cat":[1608,1644],"product_tag":[],"class_list":{"0":"post-21331","1":"product","2":"type-product","3":"status-publish","4":"has-post-thumbnail","6":"product_cat-nostalgisch-vuurwerk","7":"product_cat-vuurpijlen","8":"pa_adr-funke","9":"pa_brand-funke","10":"pa_caliber-8-5mm","12":"first","13":"outofstock","14":"taxable","15":"shipping-taxable","16":"product-type-simple"},"acf":[],"yoast_head":"<!-- This site is optimized with the Yoast SEO plugin v26.2 - https:\/\/yoast.com\/wordpress\/plugins\/seo\/ -->\n<title>Funke Mini Raketen Salut - Pyro Depot<\/title>\n<meta name=\"description\" content=\"Funke Mini Raketen Salut\" \/>\n<meta name=\"robots\" content=\"index, follow, max-snippet:-1, max-image-preview:large, max-video-preview:-1\" \/>\n<link rel=\"canonical\" href=\"https:\/\/pyro-depot.de\/nl\/product\/funke-mini-raketen-salut\/\" \/>\n<meta property=\"og:locale\" content=\"nl_NL\" \/>\n<meta property=\"og:type\" content=\"article\" \/>\n<meta property=\"og:title\" content=\"Funke Mini Raketen Salut - Pyro Depot\" \/>\n<meta property=\"og:description\" content=\"Funke Mini Raketen Salut\" \/>\n<meta property=\"og:url\" content=\"https:\/\/pyro-depot.de\/nl\/product\/funke-mini-raketen-salut\/\" \/>\n<meta property=\"og:site_name\" content=\"Pyro Depot\" \/>\n<meta property=\"article:modified_time\" content=\"2025-12-13T15:08:12+00:00\" \/>\n<meta property=\"og:image\" content=\"https:\/\/pyro-depot.de\/wp-content\/uploads\/2024\/11\/FR-W8-S-Mini-Raketen-salut-product-550x550-1-375x375-Photoroom.png\" \/>\n\t<meta property=\"og:image:width\" content=\"375\" \/>\n\t<meta property=\"og:image:height\" content=\"375\" \/>\n\t<meta property=\"og:image:type\" content=\"image\/png\" \/>\n<meta name=\"twitter:card\" content=\"summary_large_image\" \/>\n<script type=\"application\/ld+json\" class=\"yoast-schema-graph\">{\"@context\":\"https:\/\/schema.org\",\"@graph\":[{\"@type\":\"WebPage\",\"@id\":\"https:\/\/pyro-depot.de\/nl\/product\/funke-mini-raketen-salut\/\",\"url\":\"https:\/\/pyro-depot.de\/nl\/product\/funke-mini-raketen-salut\/\",\"name\":\"Funke Mini Raketen Salut - Pyro Depot\",\"isPartOf\":{\"@id\":\"https:\/\/pyro-depot.de\/nl\/#website\"},\"primaryImageOfPage\":{\"@id\":\"https:\/\/pyro-depot.de\/nl\/product\/funke-mini-raketen-salut\/#primaryimage\"},\"image\":{\"@id\":\"https:\/\/pyro-depot.de\/nl\/product\/funke-mini-raketen-salut\/#primaryimage\"},\"thumbnailUrl\":\"https:\/\/pyro-depot.de\/wp-content\/uploads\/2024\/11\/FR-W8-S-Mini-Raketen-salut-product-550x550-1-375x375-Photoroom.png\",\"datePublished\":\"2024-11-21T19:41:40+00:00\",\"dateModified\":\"2025-12-13T15:08:12+00:00\",\"description\":\"Funke Mini Raketen Salut\",\"breadcrumb\":{\"@id\":\"https:\/\/pyro-depot.de\/nl\/product\/funke-mini-raketen-salut\/#breadcrumb\"},\"inLanguage\":\"nl-NL\",\"potentialAction\":[{\"@type\":\"ReadAction\",\"target\":[\"https:\/\/pyro-depot.de\/nl\/product\/funke-mini-raketen-salut\/\"]}]},{\"@type\":\"ImageObject\",\"inLanguage\":\"nl-NL\",\"@id\":\"https:\/\/pyro-depot.de\/nl\/product\/funke-mini-raketen-salut\/#primaryimage\",\"url\":\"https:\/\/pyro-depot.de\/wp-content\/uploads\/2024\/11\/FR-W8-S-Mini-Raketen-salut-product-550x550-1-375x375-Photoroom.png\",\"contentUrl\":\"https:\/\/pyro-depot.de\/wp-content\/uploads\/2024\/11\/FR-W8-S-Mini-Raketen-salut-product-550x550-1-375x375-Photoroom.png\",\"width\":375,\"height\":375},{\"@type\":\"BreadcrumbList\",\"@id\":\"https:\/\/pyro-depot.de\/nl\/product\/funke-mini-raketen-salut\/#breadcrumb\",\"itemListElement\":[{\"@type\":\"ListItem\",\"position\":1,\"name\":\"Home\",\"item\":\"https:\/\/pyro-depot.de\/nl\/\"},{\"@type\":\"ListItem\",\"position\":2,\"name\":\"Winkel\",\"item\":\"https:\/\/new.pyro-depot.de\/nl\/winkel\/\"},{\"@type\":\"ListItem\",\"position\":3,\"name\":\"Funke Mini Raketen Salut\"}]},{\"@type\":\"WebSite\",\"@id\":\"https:\/\/pyro-depot.de\/nl\/#website\",\"url\":\"https:\/\/pyro-depot.de\/nl\/\",\"name\":\"Pyro Depot\",\"description\":\"Feuerwerk vom Profi\",\"publisher\":{\"@id\":\"https:\/\/pyro-depot.de\/nl\/#organization\"},\"potentialAction\":[{\"@type\":\"SearchAction\",\"target\":{\"@type\":\"EntryPoint\",\"urlTemplate\":\"https:\/\/pyro-depot.de\/nl\/?s={search_term_string}\"},\"query-input\":{\"@type\":\"PropertyValueSpecification\",\"valueRequired\":true,\"valueName\":\"search_term_string\"}}],\"inLanguage\":\"nl-NL\"},{\"@type\":\"Organization\",\"@id\":\"https:\/\/pyro-depot.de\/nl\/#organization\",\"name\":\"Pyro Depot\",\"url\":\"https:\/\/pyro-depot.de\/nl\/\",\"logo\":{\"@type\":\"ImageObject\",\"inLanguage\":\"nl-NL\",\"@id\":\"https:\/\/pyro-depot.de\/nl\/#\/schema\/logo\/image\/\",\"url\":\"https:\/\/pyro-depot.de\/wp-content\/uploads\/2024\/10\/cropped-cropped-logo-pyro-elgato.png\",\"contentUrl\":\"https:\/\/pyro-depot.de\/wp-content\/uploads\/2024\/10\/cropped-cropped-logo-pyro-elgato.png\",\"width\":457,\"height\":292,\"caption\":\"Pyro Depot\"},\"image\":{\"@id\":\"https:\/\/pyro-depot.de\/nl\/#\/schema\/logo\/image\/\"}}]}<\/script>\n<!-- \/ Yoast SEO plugin. -->","yoast_head_json":{"title":"Funke Mini Raketen Salut - Pyro Depot","description":"Funke Mini Raketen Salut","robots":{"index":"index","follow":"follow","max-snippet":"max-snippet:-1","max-image-preview":"max-image-preview:large","max-video-preview":"max-video-preview:-1"},"canonical":"https:\/\/pyro-depot.de\/nl\/product\/funke-mini-raketen-salut\/","og_locale":"nl_NL","og_type":"article","og_title":"Funke Mini Raketen Salut - Pyro Depot","og_description":"Funke Mini Raketen Salut","og_url":"https:\/\/pyro-depot.de\/nl\/product\/funke-mini-raketen-salut\/","og_site_name":"Pyro Depot","article_modified_time":"2025-12-13T15:08:12+00:00","og_image":[{"width":375,"height":375,"url":"https:\/\/pyro-depot.de\/wp-content\/uploads\/2024\/11\/FR-W8-S-Mini-Raketen-salut-product-550x550-1-375x375-Photoroom.png","type":"image\/png"}],"twitter_card":"summary_large_image","schema":{"@context":"https:\/\/schema.org","@graph":[{"@type":"WebPage","@id":"https:\/\/pyro-depot.de\/nl\/product\/funke-mini-raketen-salut\/","url":"https:\/\/pyro-depot.de\/nl\/product\/funke-mini-raketen-salut\/","name":"Funke Mini Raketen Salut - Pyro Depot","isPartOf":{"@id":"https:\/\/pyro-depot.de\/nl\/#website"},"primaryImageOfPage":{"@id":"https:\/\/pyro-depot.de\/nl\/product\/funke-mini-raketen-salut\/#primaryimage"},"image":{"@id":"https:\/\/pyro-depot.de\/nl\/product\/funke-mini-raketen-salut\/#primaryimage"},"thumbnailUrl":"https:\/\/pyro-depot.de\/wp-content\/uploads\/2024\/11\/FR-W8-S-Mini-Raketen-salut-product-550x550-1-375x375-Photoroom.png","datePublished":"2024-11-21T19:41:40+00:00","dateModified":"2025-12-13T15:08:12+00:00","description":"Funke Mini Raketen Salut","breadcrumb":{"@id":"https:\/\/pyro-depot.de\/nl\/product\/funke-mini-raketen-salut\/#breadcrumb"},"inLanguage":"nl-NL","potentialAction":[{"@type":"ReadAction","target":["https:\/\/pyro-depot.de\/nl\/product\/funke-mini-raketen-salut\/"]}]},{"@type":"ImageObject","inLanguage":"nl-NL","@id":"https:\/\/pyro-depot.de\/nl\/product\/funke-mini-raketen-salut\/#primaryimage","url":"https:\/\/pyro-depot.de\/wp-content\/uploads\/2024\/11\/FR-W8-S-Mini-Raketen-salut-product-550x550-1-375x375-Photoroom.png","contentUrl":"https:\/\/pyro-depot.de\/wp-content\/uploads\/2024\/11\/FR-W8-S-Mini-Raketen-salut-product-550x550-1-375x375-Photoroom.png","width":375,"height":375},{"@type":"BreadcrumbList","@id":"https:\/\/pyro-depot.de\/nl\/product\/funke-mini-raketen-salut\/#breadcrumb","itemListElement":[{"@type":"ListItem","position":1,"name":"Home","item":"https:\/\/pyro-depot.de\/nl\/"},{"@type":"ListItem","position":2,"name":"Winkel","item":"https:\/\/new.pyro-depot.de\/nl\/winkel\/"},{"@type":"ListItem","position":3,"name":"Funke Mini Raketen Salut"}]},{"@type":"WebSite","@id":"https:\/\/pyro-depot.de\/nl\/#website","url":"https:\/\/pyro-depot.de\/nl\/","name":"Pyro Depot","description":"Feuerwerk vom Profi","publisher":{"@id":"https:\/\/pyro-depot.de\/nl\/#organization"},"potentialAction":[{"@type":"SearchAction","target":{"@type":"EntryPoint","urlTemplate":"https:\/\/pyro-depot.de\/nl\/?s={search_term_string}"},"query-input":{"@type":"PropertyValueSpecification","valueRequired":true,"valueName":"search_term_string"}}],"inLanguage":"nl-NL"},{"@type":"Organization","@id":"https:\/\/pyro-depot.de\/nl\/#organization","name":"Pyro Depot","url":"https:\/\/pyro-depot.de\/nl\/","logo":{"@type":"ImageObject","inLanguage":"nl-NL","@id":"https:\/\/pyro-depot.de\/nl\/#\/schema\/logo\/image\/","url":"https:\/\/pyro-depot.de\/wp-content\/uploads\/2024\/10\/cropped-cropped-logo-pyro-elgato.png","contentUrl":"https:\/\/pyro-depot.de\/wp-content\/uploads\/2024\/10\/cropped-cropped-logo-pyro-elgato.png","width":457,"height":292,"caption":"Pyro Depot"},"image":{"@id":"https:\/\/pyro-depot.de\/nl\/#\/schema\/logo\/image\/"}}]}},"_links":{"self":[{"href":"https:\/\/pyro-depot.de\/nl\/wp-json\/wp\/v2\/product\/21331","targetHints":{"allow":["GET"]}}],"collection":[{"href":"https:\/\/pyro-depot.de\/nl\/wp-json\/wp\/v2\/product"}],"about":[{"href":"https:\/\/pyro-depot.de\/nl\/wp-json\/wp\/v2\/types\/product"}],"wp:featuredmedia":[{"embeddable":true,"href":"https:\/\/pyro-depot.de\/nl\/wp-json\/wp\/v2\/media\/22357"}],"wp:attachment":[{"href":"https:\/\/pyro-depot.de\/nl\/wp-json\/wp\/v2\/media?parent=21331"}],"wp:term":[{"taxonomy":"product_brand","embeddable":true,"href":"https:\/\/pyro-depot.de\/nl\/wp-json\/wp\/v2\/product_brand?post=21331"},{"taxonomy":"product_cat","embeddable":true,"href":"https:\/\/pyro-depot.de\/nl\/wp-json\/wp\/v2\/product_cat?post=21331"},{"taxonomy":"product_tag","embeddable":true,"href":"https:\/\/pyro-depot.de\/nl\/wp-json\/wp\/v2\/product_tag?post=21331"}],"curies":[{"name":"wp","href":"https:\/\/api.w.org\/{rel}","templated":true}]}}