	{"id":21341,"date":"2024-11-21T21:41:40","date_gmt":"2024-11-21T19:41:40","guid":{"rendered":"https:\/\/pyro-depot.de\/product\/funke-colorful-python\/"},"modified":"2026-01-07T16:12:09","modified_gmt":"2026-01-07T15:12:09","slug":"funke-colorful-python","status":"publish","type":"product","link":"https:\/\/pyro-depot.de\/nl\/product\/funke-colorful-python\/","title":{"rendered":"Funke Colorful Python"},"content":{"rendered":"<div class=\"lyte-wrapper\" title=\"&amp;quot;Colorful Python&amp;quot; - Rising tails to colorful moving comets [Batch 2024]\" style=\"width:640px;max-width:100%;margin:5px;\"><div class=\"lyMe qsa_\\&amp;enablejsapi\\=1\\&amp;origin\\=https:\/\/pyro-depot.de\" id=\"WYL_N5kizmRsMwk\" itemprop=\"video\" itemscope itemtype=\"https:\/\/schema.org\/VideoObject\"><div><meta itemprop=\"thumbnailUrl\" content=\"https:\/\/pyro-depot.de\/wp-content\/plugins\/wp-youtube-lyte\/lyteCache.php?origThumbUrl=https%3A%2F%2Fi.ytimg.com%2Fvi%2FN5kizmRsMwk%2Fhqdefault.jpg\" \/><meta itemprop=\"embedURL\" content=\"https:\/\/www.youtube.com\/embed\/N5kizmRsMwk\" \/><meta itemprop=\"duration\" content=\"PT1M14S\" \/><meta itemprop=\"uploadDate\" content=\"2024-10-28T20:43:42Z\" \/><\/div><div id=\"lyte_N5kizmRsMwk\" data-src=\"https:\/\/pyro-depot.de\/wp-content\/plugins\/wp-youtube-lyte\/lyteCache.php?origThumbUrl=https%3A%2F%2Fi.ytimg.com%2Fvi%2FN5kizmRsMwk%2Fhqdefault.jpg\" class=\"pL\"><div class=\"tC\"><div class=\"tT\" itemprop=\"name\">&quot;Colorful Python&quot; - Rising tails to colorful moving comets [Batch 2024]<\/div><\/div><div class=\"play\"><\/div><div class=\"ctrl\"><div class=\"Lctrl\"><\/div><div class=\"Rctrl\"><\/div><\/div><\/div><noscript><a href=\"https:\/\/youtu.be\/N5kizmRsMwk\" rel=\"nofollow\"><img decoding=\"async\" src=\"https:\/\/pyro-depot.de\/wp-content\/plugins\/wp-youtube-lyte\/lyteCache.php?origThumbUrl=https%3A%2F%2Fi.ytimg.com%2Fvi%2FN5kizmRsMwk%2F0.jpg\" alt=\"&amp;quot;Colorful Python&amp;quot; - Rising tails to colorful moving comets [Batch 2024]\" width=\"640\" height=\"340\" \/><br \/>Bekijk deze video op YouTube<\/a><\/noscript><meta itemprop=\"description\" content=\"FC30-20-19 20-Schuss Batterie &quot;Colorful Python&quot;, Kal. 30mm, ca. 17 Sek., 500g NEC, CE Kategorie F2 \/ Packing 6\/1 Kometenschweif-Aufstiege in 5 verschiedenen Farben zerplatzen zu Medusa-Sternen mit silbernem Funkenschweif. Ein weiterer neuer Artikel aus der Link-Triad Line aus Guangxi. Es handelt sich hierbei um eine bunte Batterie mit gepressten Schweifaufstiegen, die ger\u00e4uscharm Sterne mit Eigenantrieb aussto\u00dfen, welche am Himmel in verschiedene Richtungen abbiegen. Diese sind sehr aufwendig in der Herstellung - zuerst werden Zylindersterne mit Loch gepresst, in dieses Loch wird dann mit Schwarzpulverleim eine kleine Stoppine eingeklebt, und dann wird ein Klebeband um den Stern gewickelt und auf einer Seite zugefaltet, so dass der Stern nurnoch von einer Seite Feuer fangen kann. Dies geschieht alles in Handarbeit, ein Arbeiter schafft gerademal ca. 5kg Sterne Pro Tag so zu bearbeiten. Dann werden 2 Lagen a 4 St\u00fcck dieser Sterne in eine 30mm Bombette gef\u00fcllt, wof\u00fcr immer 4 Sterne nebeneinander in die H\u00fclse gequetscht werden, und dann mit einem Holzstock nach unten gedru\u00fcckt werden, dann kommt das n\u00e4chste 4er B\u00fcndel, dann Schwarzpulver, und die Bombette wird verschlossen. Hierdurch ist auch dieser Artikel nicht billig, ich finde den Effekt jedoch pers\u00f6nlich sehr beeindruckend und speziell. Im Gegensatz zu den bisherigen Python-Varianten hatten wir hier das Problem, dass die H\u00fclsen etwas h\u00e4rter waren, wodurch zwar die Schweifaufstiege stabiler gepresst werden konnten, die Zerleger jedoch zu kr\u00e4ftig wurden, wodurch die Sterne eine zu starke Beschleunigung hatten und kaum mehr abgebogen sind. Wir haben deshalb den Schwarzpulverzerleger hier so angepasst, dass die Sterne nurnoch ausgeworfen werden, wodurch der Effekt noch ger\u00e4usch\u00e4rmer ist. In Zukunft werden wir allerdings wieder zu einer leichten Zerlegung zur\u00fcckkehren, da hierdurch die Sterne besser verteilt werden.Der Effekt sticht aber auch so hervor, da er im Batteriesegment meines Wissens nach einzigartig ist, und sonst nur in Kugelbomben zum Einsatz kommt.Allerdings ist das ganze halt sehr speziell und extrem teuer, wodurch es wohl nur etwas ist als spezieller Effekt f\u00fcr ger\u00e4uscharme Shows, und f\u00fcr Leute wie mich die so ungew\u00f6hnliche Effekte einfach total genial finden ;) Entspechend haben wir auch nur eine \u00fcberschaubare Menge produziert. Es w\u00e4re aber doch langweilig, wenn jeder Artikel den man macht immer die gleichen Effekte h\u00e4tte, und jeder Verbund gleich aussehen w\u00fcrde - st\u00e4ndig alten Wein in neuen Schl\u00e4uchen anzupreisen \u00fcberlassen wir anderen.Die Python-Serie ist jedenfalls nur ein kleiner Vorgeschmack auf viele ungew\u00f6hnliche Effekte, die geplant sind, und hoffentlich in naher Zukunft umgesetzt werden k\u00f6nnen. EN: FC30-20-19 20 shots cakebox &quot;Colorful Python&quot;, cal 30mm, ca. 17 sec., 500g NEC, CE certified, category F2 \/ Packing 6\/1 Comet tails in 5 different colors spit out moving stars with silver comet tails. Another new item from the Link-Triad Line from Guangxi. This is a colorful battery with pressed tails which burst relatively quietly into self-propelled stars that turn in different directions in the sky. These are very complex to produce - first cylinder stars with a hole are pressed, a small stoppin is then glued into this hole using black powder glue, and then an adhesive tape is wrapped around the star and folded on one side so that the star only has one side can catch fire. This is all done by hand; one worker can only process around 5kg of stars per day. Then 2 layers of 4 of these stars are filled into a 30mm bombette, for which 4 stars are squeezed next to each other into the tube, and then pressed down with a wooden stick, then comes the next bundle of 4, then black powder, and the tube is closed. In contrast to the previous Python variants, we had the problem that the tubes were a bit harder, which meant that the tails could be pressed more stable, but the bursts got too powerful, which meant that the stars had too much acceleration and hardly moved in the sky any more. We have therefore adapted the black powder burst here in a way that the stars are only ejected, which makes the effect even quieter. In the future, however, we will go back to a light breaker, as this spreads the stars better.The effect also stands out because, as far as I know, it is unique in the battery segment and is otherwise only used in display shells.However, the whole thing is very special and extremely expensive, and accordingly, we only produced a manageable amount. But it would be boring if every article made always had the same effects and every compound looked the same - we leave it to others to constantly sell old wine in new bottles.The Python series is just a small taste of the many unusual effects that are planned and can hopefully be implemented in the near future.\"><\/div><\/div><div class=\"lL\" style=\"max-width:100%;width:640px;margin:5px;\"><\/div><\/p>\n<p>30mm<\/p>\n","protected":false},"excerpt":{"rendered":"<p>&quot;Colorful Python&quot; &#8211; Rising tails to colorful moving comets [Batch 2024]Bekijk deze video op YouTube 30mm<\/p>\n","protected":false},"featured_media":22349,"template":"","meta":{"_acf_changed":false},"product_brand":[],"product_cat":[1636],"product_tag":[],"class_list":{"0":"post-21341","1":"product","2":"type-product","3":"status-publish","4":"has-post-thumbnail","6":"product_cat-cake-500gram","7":"pa_adr-funke","8":"pa_brand-funke","10":"first","11":"instock","12":"taxable","13":"shipping-taxable","14":"product-type-simple"},"acf":[],"yoast_head":"<!-- This site is optimized with the Yoast SEO plugin v26.2 - https:\/\/yoast.com\/wordpress\/plugins\/seo\/ -->\n<title>Funke Colorful Python - Pyro Depot<\/title>\n<meta name=\"description\" content=\"Funke Colorful Python\" \/>\n<meta name=\"robots\" content=\"index, follow, max-snippet:-1, max-image-preview:large, max-video-preview:-1\" \/>\n<link rel=\"canonical\" href=\"https:\/\/pyro-depot.de\/nl\/product\/funke-colorful-python\/\" \/>\n<meta property=\"og:locale\" content=\"nl_NL\" \/>\n<meta property=\"og:type\" content=\"article\" \/>\n<meta property=\"og:title\" content=\"Funke Colorful Python - Pyro Depot\" \/>\n<meta property=\"og:description\" content=\"Funke Colorful Python\" \/>\n<meta property=\"og:url\" content=\"https:\/\/pyro-depot.de\/nl\/product\/funke-colorful-python\/\" \/>\n<meta property=\"og:site_name\" content=\"Pyro Depot\" \/>\n<meta property=\"article:modified_time\" content=\"2026-01-07T15:12:09+00:00\" \/>\n<meta property=\"og:image\" content=\"https:\/\/pyro-depot.de\/wp-content\/uploads\/2024\/11\/FC30-20-19-Colorful-Python-Product-550x550-1-375x375-Photoroom.png\" \/>\n\t<meta property=\"og:image:width\" content=\"375\" \/>\n\t<meta property=\"og:image:height\" content=\"375\" \/>\n\t<meta property=\"og:image:type\" content=\"image\/png\" \/>\n<meta name=\"twitter:card\" content=\"summary_large_image\" \/>\n<script type=\"application\/ld+json\" class=\"yoast-schema-graph\">{\"@context\":\"https:\/\/schema.org\",\"@graph\":[{\"@type\":\"WebPage\",\"@id\":\"https:\/\/pyro-depot.de\/nl\/product\/funke-colorful-python\/\",\"url\":\"https:\/\/pyro-depot.de\/nl\/product\/funke-colorful-python\/\",\"name\":\"Funke Colorful Python - Pyro Depot\",\"isPartOf\":{\"@id\":\"https:\/\/pyro-depot.de\/nl\/#website\"},\"primaryImageOfPage\":{\"@id\":\"https:\/\/pyro-depot.de\/nl\/product\/funke-colorful-python\/#primaryimage\"},\"image\":{\"@id\":\"https:\/\/pyro-depot.de\/nl\/product\/funke-colorful-python\/#primaryimage\"},\"thumbnailUrl\":\"https:\/\/pyro-depot.de\/wp-content\/uploads\/2024\/11\/FC30-20-19-Colorful-Python-Product-550x550-1-375x375-Photoroom.png\",\"datePublished\":\"2024-11-21T19:41:40+00:00\",\"dateModified\":\"2026-01-07T15:12:09+00:00\",\"description\":\"Funke Colorful Python\",\"breadcrumb\":{\"@id\":\"https:\/\/pyro-depot.de\/nl\/product\/funke-colorful-python\/#breadcrumb\"},\"inLanguage\":\"nl-NL\",\"potentialAction\":[{\"@type\":\"ReadAction\",\"target\":[\"https:\/\/pyro-depot.de\/nl\/product\/funke-colorful-python\/\"]}]},{\"@type\":\"ImageObject\",\"inLanguage\":\"nl-NL\",\"@id\":\"https:\/\/pyro-depot.de\/nl\/product\/funke-colorful-python\/#primaryimage\",\"url\":\"https:\/\/pyro-depot.de\/wp-content\/uploads\/2024\/11\/FC30-20-19-Colorful-Python-Product-550x550-1-375x375-Photoroom.png\",\"contentUrl\":\"https:\/\/pyro-depot.de\/wp-content\/uploads\/2024\/11\/FC30-20-19-Colorful-Python-Product-550x550-1-375x375-Photoroom.png\",\"width\":375,\"height\":375},{\"@type\":\"BreadcrumbList\",\"@id\":\"https:\/\/pyro-depot.de\/nl\/product\/funke-colorful-python\/#breadcrumb\",\"itemListElement\":[{\"@type\":\"ListItem\",\"position\":1,\"name\":\"Home\",\"item\":\"https:\/\/pyro-depot.de\/nl\/\"},{\"@type\":\"ListItem\",\"position\":2,\"name\":\"Winkel\",\"item\":\"https:\/\/new.pyro-depot.de\/nl\/winkel\/\"},{\"@type\":\"ListItem\",\"position\":3,\"name\":\"Funke Colorful Python\"}]},{\"@type\":\"WebSite\",\"@id\":\"https:\/\/pyro-depot.de\/nl\/#website\",\"url\":\"https:\/\/pyro-depot.de\/nl\/\",\"name\":\"Pyro Depot\",\"description\":\"Feuerwerk vom Profi\",\"publisher\":{\"@id\":\"https:\/\/pyro-depot.de\/nl\/#organization\"},\"potentialAction\":[{\"@type\":\"SearchAction\",\"target\":{\"@type\":\"EntryPoint\",\"urlTemplate\":\"https:\/\/pyro-depot.de\/nl\/?s={search_term_string}\"},\"query-input\":{\"@type\":\"PropertyValueSpecification\",\"valueRequired\":true,\"valueName\":\"search_term_string\"}}],\"inLanguage\":\"nl-NL\"},{\"@type\":\"Organization\",\"@id\":\"https:\/\/pyro-depot.de\/nl\/#organization\",\"name\":\"Pyro Depot\",\"url\":\"https:\/\/pyro-depot.de\/nl\/\",\"logo\":{\"@type\":\"ImageObject\",\"inLanguage\":\"nl-NL\",\"@id\":\"https:\/\/pyro-depot.de\/nl\/#\/schema\/logo\/image\/\",\"url\":\"https:\/\/pyro-depot.de\/wp-content\/uploads\/2024\/10\/cropped-cropped-logo-pyro-elgato.png\",\"contentUrl\":\"https:\/\/pyro-depot.de\/wp-content\/uploads\/2024\/10\/cropped-cropped-logo-pyro-elgato.png\",\"width\":457,\"height\":292,\"caption\":\"Pyro Depot\"},\"image\":{\"@id\":\"https:\/\/pyro-depot.de\/nl\/#\/schema\/logo\/image\/\"}}]}<\/script>\n<!-- \/ Yoast SEO plugin. -->","yoast_head_json":{"title":"Funke Colorful Python - Pyro Depot","description":"Funke Colorful Python","robots":{"index":"index","follow":"follow","max-snippet":"max-snippet:-1","max-image-preview":"max-image-preview:large","max-video-preview":"max-video-preview:-1"},"canonical":"https:\/\/pyro-depot.de\/nl\/product\/funke-colorful-python\/","og_locale":"nl_NL","og_type":"article","og_title":"Funke Colorful Python - Pyro Depot","og_description":"Funke Colorful Python","og_url":"https:\/\/pyro-depot.de\/nl\/product\/funke-colorful-python\/","og_site_name":"Pyro Depot","article_modified_time":"2026-01-07T15:12:09+00:00","og_image":[{"width":375,"height":375,"url":"https:\/\/pyro-depot.de\/wp-content\/uploads\/2024\/11\/FC30-20-19-Colorful-Python-Product-550x550-1-375x375-Photoroom.png","type":"image\/png"}],"twitter_card":"summary_large_image","schema":{"@context":"https:\/\/schema.org","@graph":[{"@type":"WebPage","@id":"https:\/\/pyro-depot.de\/nl\/product\/funke-colorful-python\/","url":"https:\/\/pyro-depot.de\/nl\/product\/funke-colorful-python\/","name":"Funke Colorful Python - Pyro Depot","isPartOf":{"@id":"https:\/\/pyro-depot.de\/nl\/#website"},"primaryImageOfPage":{"@id":"https:\/\/pyro-depot.de\/nl\/product\/funke-colorful-python\/#primaryimage"},"image":{"@id":"https:\/\/pyro-depot.de\/nl\/product\/funke-colorful-python\/#primaryimage"},"thumbnailUrl":"https:\/\/pyro-depot.de\/wp-content\/uploads\/2024\/11\/FC30-20-19-Colorful-Python-Product-550x550-1-375x375-Photoroom.png","datePublished":"2024-11-21T19:41:40+00:00","dateModified":"2026-01-07T15:12:09+00:00","description":"Funke Colorful Python","breadcrumb":{"@id":"https:\/\/pyro-depot.de\/nl\/product\/funke-colorful-python\/#breadcrumb"},"inLanguage":"nl-NL","potentialAction":[{"@type":"ReadAction","target":["https:\/\/pyro-depot.de\/nl\/product\/funke-colorful-python\/"]}]},{"@type":"ImageObject","inLanguage":"nl-NL","@id":"https:\/\/pyro-depot.de\/nl\/product\/funke-colorful-python\/#primaryimage","url":"https:\/\/pyro-depot.de\/wp-content\/uploads\/2024\/11\/FC30-20-19-Colorful-Python-Product-550x550-1-375x375-Photoroom.png","contentUrl":"https:\/\/pyro-depot.de\/wp-content\/uploads\/2024\/11\/FC30-20-19-Colorful-Python-Product-550x550-1-375x375-Photoroom.png","width":375,"height":375},{"@type":"BreadcrumbList","@id":"https:\/\/pyro-depot.de\/nl\/product\/funke-colorful-python\/#breadcrumb","itemListElement":[{"@type":"ListItem","position":1,"name":"Home","item":"https:\/\/pyro-depot.de\/nl\/"},{"@type":"ListItem","position":2,"name":"Winkel","item":"https:\/\/new.pyro-depot.de\/nl\/winkel\/"},{"@type":"ListItem","position":3,"name":"Funke Colorful Python"}]},{"@type":"WebSite","@id":"https:\/\/pyro-depot.de\/nl\/#website","url":"https:\/\/pyro-depot.de\/nl\/","name":"Pyro Depot","description":"Feuerwerk vom Profi","publisher":{"@id":"https:\/\/pyro-depot.de\/nl\/#organization"},"potentialAction":[{"@type":"SearchAction","target":{"@type":"EntryPoint","urlTemplate":"https:\/\/pyro-depot.de\/nl\/?s={search_term_string}"},"query-input":{"@type":"PropertyValueSpecification","valueRequired":true,"valueName":"search_term_string"}}],"inLanguage":"nl-NL"},{"@type":"Organization","@id":"https:\/\/pyro-depot.de\/nl\/#organization","name":"Pyro Depot","url":"https:\/\/pyro-depot.de\/nl\/","logo":{"@type":"ImageObject","inLanguage":"nl-NL","@id":"https:\/\/pyro-depot.de\/nl\/#\/schema\/logo\/image\/","url":"https:\/\/pyro-depot.de\/wp-content\/uploads\/2024\/10\/cropped-cropped-logo-pyro-elgato.png","contentUrl":"https:\/\/pyro-depot.de\/wp-content\/uploads\/2024\/10\/cropped-cropped-logo-pyro-elgato.png","width":457,"height":292,"caption":"Pyro Depot"},"image":{"@id":"https:\/\/pyro-depot.de\/nl\/#\/schema\/logo\/image\/"}}]}},"_links":{"self":[{"href":"https:\/\/pyro-depot.de\/nl\/wp-json\/wp\/v2\/product\/21341","targetHints":{"allow":["GET"]}}],"collection":[{"href":"https:\/\/pyro-depot.de\/nl\/wp-json\/wp\/v2\/product"}],"about":[{"href":"https:\/\/pyro-depot.de\/nl\/wp-json\/wp\/v2\/types\/product"}],"wp:featuredmedia":[{"embeddable":true,"href":"https:\/\/pyro-depot.de\/nl\/wp-json\/wp\/v2\/media\/22349"}],"wp:attachment":[{"href":"https:\/\/pyro-depot.de\/nl\/wp-json\/wp\/v2\/media?parent=21341"}],"wp:term":[{"taxonomy":"product_brand","embeddable":true,"href":"https:\/\/pyro-depot.de\/nl\/wp-json\/wp\/v2\/product_brand?post=21341"},{"taxonomy":"product_cat","embeddable":true,"href":"https:\/\/pyro-depot.de\/nl\/wp-json\/wp\/v2\/product_cat?post=21341"},{"taxonomy":"product_tag","embeddable":true,"href":"https:\/\/pyro-depot.de\/nl\/wp-json\/wp\/v2\/product_tag?post=21341"}],"curies":[{"name":"wp","href":"https:\/\/api.w.org\/{rel}","templated":true}]}}