	{"id":21345,"date":"2024-11-21T21:41:40","date_gmt":"2024-11-21T19:41:40","guid":{"rendered":"https:\/\/pyro-depot.de\/product\/argento-herbstgold\/"},"modified":"2025-12-20T08:50:48","modified_gmt":"2025-12-20T06:50:48","slug":"argento-herbstgold","status":"publish","type":"product","link":"https:\/\/pyro-depot.de\/nl\/product\/argento-herbstgold\/","title":{"rendered":"Argento Herbstgold"},"content":{"rendered":"<div class=\"lyte-wrapper\" title=\"&amp;quot;Herbstgold&amp;quot; - 84Sh 25mm Goldweiden + Falling Leaves Verbund [Batch 2024]\" style=\"width:640px;max-width:100%;margin:5px;\"><div class=\"lyMe\" id=\"WYL_xludSPpVJZI\" itemprop=\"video\" itemscope itemtype=\"https:\/\/schema.org\/VideoObject\"><div><meta itemprop=\"thumbnailUrl\" content=\"https:\/\/pyro-depot.de\/wp-content\/plugins\/wp-youtube-lyte\/lyteCache.php?origThumbUrl=https%3A%2F%2Fi.ytimg.com%2Fvi%2FxludSPpVJZI%2Fhqdefault.jpg\" \/><meta itemprop=\"embedURL\" content=\"https:\/\/www.youtube.com\/embed\/xludSPpVJZI\" \/><meta itemprop=\"duration\" content=\"PT2M16S\" \/><meta itemprop=\"uploadDate\" content=\"2024-10-26T16:00:56Z\" \/><\/div><div id=\"lyte_xludSPpVJZI\" data-src=\"https:\/\/pyro-depot.de\/wp-content\/plugins\/wp-youtube-lyte\/lyteCache.php?origThumbUrl=https%3A%2F%2Fi.ytimg.com%2Fvi%2FxludSPpVJZI%2Fhqdefault.jpg\" class=\"pL\"><div class=\"tC\"><div class=\"tT\" itemprop=\"name\">&quot;Herbstgold&quot; - 84Sh 25mm Goldweiden + Falling Leaves Verbund [Batch 2024]<\/div><\/div><div class=\"play\"><\/div><div class=\"ctrl\"><div class=\"Lctrl\"><\/div><div class=\"Rctrl\"><\/div><\/div><\/div><noscript><a href=\"https:\/\/youtu.be\/xludSPpVJZI\" rel=\"nofollow\"><img decoding=\"async\" src=\"https:\/\/pyro-depot.de\/wp-content\/plugins\/wp-youtube-lyte\/lyteCache.php?origThumbUrl=https%3A%2F%2Fi.ytimg.com%2Fvi%2FxludSPpVJZI%2F0.jpg\" alt=\"&amp;quot;Herbstgold&amp;quot; - 84Sh 25mm Goldweiden + Falling Leaves Verbund [Batch 2024]\" width=\"640\" height=\"340\" \/><br \/>Bekijk deze video op YouTube<\/a><\/noscript><meta itemprop=\"description\" content=\"DE: AC25-84-1 84 Schuss Verbund &quot;Herbstgold&quot;, Kal. 25mm, ca. 32 Sekunden, 952g NEM, CE Kategorie F2 (2768-F2-0033\/2021), ADR 1.4G, Packing 1\/2 84 Schuss 25mm W-F\u00e4cher aus Schweifaufstiegen zu Bokatkronen, beidseitig umrahmt von Falling Leaves. Effekte: 1.) Mittig: Brokatgold-Schweifaufstieg zu Bokatgold-Weide; Seitlich: Gr\u00fcnblinker-Schweifaufstiege zu gr\u00fcnen Falling Leaves 2.) Mittig: Brokatschweif-Aufstiege zu Brokatkronen; Seitlich: Rotbliker-Schweifaufstiege zu roten Falling Leaves Jetzt zu kaufen \u00fcber unseren Onlineshop www.argento.de (nur f\u00fcr H\u00e4ndler \/ Pyrotechniker) sowie bei vielen Feuerwerks Onlineshops und Fachh\u00e4ndlern! EN: AC25-84-1 84 shots Compound fireworks &quot;Talos&quot;, Cal. 25mm, ca. 32 seconds, 952g NEC, CE Category F2 (2768-F2-0033\/2021), ADR 1.4G, Packing 3\/1 84 Shots 25mm W-Shape of rising tails to brocade crown, with falling leaves on both sides. Effects: 1.) Center: Golden brocade tail to gold brocade crown; Sides: Green glittering tail to green falling leaves 2.) Center. Brocade tail to brocade crown; Sides: Red glittering tail to red falling leaves Purchase now at our onlineshop www.argento.de (only for resellers \/ pyrotechnicians) or at many fireworks stores!\"><\/div><\/div><div class=\"lL\" style=\"max-width:100%;width:640px;margin:5px;\"><\/div><\/p>\n<p>25mm<\/p>\n","protected":false},"excerpt":{"rendered":"<p>&quot;Herbstgold&quot; &#8211; 84Sh 25mm Goldweiden + Falling Leaves Verbund [Batch 2024]Bekijk deze video op YouTube 25mm<\/p>\n","protected":false},"featured_media":22367,"template":"","meta":{"_acf_changed":false},"product_brand":[],"product_cat":[1637],"product_tag":[],"class_list":{"0":"post-21345","1":"product","2":"type-product","3":"status-publish","4":"has-post-thumbnail","6":"product_cat-compoundcakeboxen","7":"pa_brand-argento-gmbh","8":"pa_weight-8kg","10":"first","11":"outofstock","12":"taxable","13":"shipping-taxable","14":"product-type-simple"},"acf":[],"yoast_head":"<!-- This site is optimized with the Yoast SEO plugin v26.2 - https:\/\/yoast.com\/wordpress\/plugins\/seo\/ -->\n<title>Argento Herbstgold - Pyro Depot<\/title>\n<meta name=\"description\" content=\"Argento Herbstgold\" \/>\n<meta name=\"robots\" content=\"index, follow, max-snippet:-1, max-image-preview:large, max-video-preview:-1\" \/>\n<link rel=\"canonical\" href=\"https:\/\/pyro-depot.de\/nl\/product\/argento-herbstgold\/\" \/>\n<meta property=\"og:locale\" content=\"nl_NL\" \/>\n<meta property=\"og:type\" content=\"article\" \/>\n<meta property=\"og:title\" content=\"Argento Herbstgold - Pyro Depot\" \/>\n<meta property=\"og:description\" content=\"Argento Herbstgold\" \/>\n<meta property=\"og:url\" content=\"https:\/\/pyro-depot.de\/nl\/product\/argento-herbstgold\/\" \/>\n<meta property=\"og:site_name\" content=\"Pyro Depot\" \/>\n<meta property=\"article:modified_time\" content=\"2025-12-20T06:50:48+00:00\" \/>\n<meta property=\"og:image\" content=\"https:\/\/pyro-depot.de\/wp-content\/uploads\/2024\/11\/AC25-84-1-Herbstgold-Product-550x550-1-375x375-Photoroom.png\" \/>\n\t<meta property=\"og:image:width\" content=\"375\" \/>\n\t<meta property=\"og:image:height\" content=\"375\" \/>\n\t<meta property=\"og:image:type\" content=\"image\/png\" \/>\n<meta name=\"twitter:card\" content=\"summary_large_image\" \/>\n<script type=\"application\/ld+json\" class=\"yoast-schema-graph\">{\"@context\":\"https:\/\/schema.org\",\"@graph\":[{\"@type\":\"WebPage\",\"@id\":\"https:\/\/pyro-depot.de\/nl\/product\/argento-herbstgold\/\",\"url\":\"https:\/\/pyro-depot.de\/nl\/product\/argento-herbstgold\/\",\"name\":\"Argento Herbstgold - Pyro Depot\",\"isPartOf\":{\"@id\":\"https:\/\/pyro-depot.de\/nl\/#website\"},\"primaryImageOfPage\":{\"@id\":\"https:\/\/pyro-depot.de\/nl\/product\/argento-herbstgold\/#primaryimage\"},\"image\":{\"@id\":\"https:\/\/pyro-depot.de\/nl\/product\/argento-herbstgold\/#primaryimage\"},\"thumbnailUrl\":\"https:\/\/pyro-depot.de\/wp-content\/uploads\/2024\/11\/AC25-84-1-Herbstgold-Product-550x550-1-375x375-Photoroom.png\",\"datePublished\":\"2024-11-21T19:41:40+00:00\",\"dateModified\":\"2025-12-20T06:50:48+00:00\",\"description\":\"Argento Herbstgold\",\"breadcrumb\":{\"@id\":\"https:\/\/pyro-depot.de\/nl\/product\/argento-herbstgold\/#breadcrumb\"},\"inLanguage\":\"nl-NL\",\"potentialAction\":[{\"@type\":\"ReadAction\",\"target\":[\"https:\/\/pyro-depot.de\/nl\/product\/argento-herbstgold\/\"]}]},{\"@type\":\"ImageObject\",\"inLanguage\":\"nl-NL\",\"@id\":\"https:\/\/pyro-depot.de\/nl\/product\/argento-herbstgold\/#primaryimage\",\"url\":\"https:\/\/pyro-depot.de\/wp-content\/uploads\/2024\/11\/AC25-84-1-Herbstgold-Product-550x550-1-375x375-Photoroom.png\",\"contentUrl\":\"https:\/\/pyro-depot.de\/wp-content\/uploads\/2024\/11\/AC25-84-1-Herbstgold-Product-550x550-1-375x375-Photoroom.png\",\"width\":375,\"height\":375},{\"@type\":\"BreadcrumbList\",\"@id\":\"https:\/\/pyro-depot.de\/nl\/product\/argento-herbstgold\/#breadcrumb\",\"itemListElement\":[{\"@type\":\"ListItem\",\"position\":1,\"name\":\"Home\",\"item\":\"https:\/\/pyro-depot.de\/nl\/\"},{\"@type\":\"ListItem\",\"position\":2,\"name\":\"Winkel\",\"item\":\"https:\/\/new.pyro-depot.de\/nl\/winkel\/\"},{\"@type\":\"ListItem\",\"position\":3,\"name\":\"Argento Herbstgold\"}]},{\"@type\":\"WebSite\",\"@id\":\"https:\/\/pyro-depot.de\/nl\/#website\",\"url\":\"https:\/\/pyro-depot.de\/nl\/\",\"name\":\"Pyro Depot\",\"description\":\"Feuerwerk vom Profi\",\"publisher\":{\"@id\":\"https:\/\/pyro-depot.de\/nl\/#organization\"},\"potentialAction\":[{\"@type\":\"SearchAction\",\"target\":{\"@type\":\"EntryPoint\",\"urlTemplate\":\"https:\/\/pyro-depot.de\/nl\/?s={search_term_string}\"},\"query-input\":{\"@type\":\"PropertyValueSpecification\",\"valueRequired\":true,\"valueName\":\"search_term_string\"}}],\"inLanguage\":\"nl-NL\"},{\"@type\":\"Organization\",\"@id\":\"https:\/\/pyro-depot.de\/nl\/#organization\",\"name\":\"Pyro Depot\",\"url\":\"https:\/\/pyro-depot.de\/nl\/\",\"logo\":{\"@type\":\"ImageObject\",\"inLanguage\":\"nl-NL\",\"@id\":\"https:\/\/pyro-depot.de\/nl\/#\/schema\/logo\/image\/\",\"url\":\"https:\/\/pyro-depot.de\/wp-content\/uploads\/2024\/10\/cropped-cropped-logo-pyro-elgato.png\",\"contentUrl\":\"https:\/\/pyro-depot.de\/wp-content\/uploads\/2024\/10\/cropped-cropped-logo-pyro-elgato.png\",\"width\":457,\"height\":292,\"caption\":\"Pyro Depot\"},\"image\":{\"@id\":\"https:\/\/pyro-depot.de\/nl\/#\/schema\/logo\/image\/\"}}]}<\/script>\n<!-- \/ Yoast SEO plugin. -->","yoast_head_json":{"title":"Argento Herbstgold - Pyro Depot","description":"Argento Herbstgold","robots":{"index":"index","follow":"follow","max-snippet":"max-snippet:-1","max-image-preview":"max-image-preview:large","max-video-preview":"max-video-preview:-1"},"canonical":"https:\/\/pyro-depot.de\/nl\/product\/argento-herbstgold\/","og_locale":"nl_NL","og_type":"article","og_title":"Argento Herbstgold - Pyro Depot","og_description":"Argento Herbstgold","og_url":"https:\/\/pyro-depot.de\/nl\/product\/argento-herbstgold\/","og_site_name":"Pyro Depot","article_modified_time":"2025-12-20T06:50:48+00:00","og_image":[{"width":375,"height":375,"url":"https:\/\/pyro-depot.de\/wp-content\/uploads\/2024\/11\/AC25-84-1-Herbstgold-Product-550x550-1-375x375-Photoroom.png","type":"image\/png"}],"twitter_card":"summary_large_image","schema":{"@context":"https:\/\/schema.org","@graph":[{"@type":"WebPage","@id":"https:\/\/pyro-depot.de\/nl\/product\/argento-herbstgold\/","url":"https:\/\/pyro-depot.de\/nl\/product\/argento-herbstgold\/","name":"Argento Herbstgold - Pyro Depot","isPartOf":{"@id":"https:\/\/pyro-depot.de\/nl\/#website"},"primaryImageOfPage":{"@id":"https:\/\/pyro-depot.de\/nl\/product\/argento-herbstgold\/#primaryimage"},"image":{"@id":"https:\/\/pyro-depot.de\/nl\/product\/argento-herbstgold\/#primaryimage"},"thumbnailUrl":"https:\/\/pyro-depot.de\/wp-content\/uploads\/2024\/11\/AC25-84-1-Herbstgold-Product-550x550-1-375x375-Photoroom.png","datePublished":"2024-11-21T19:41:40+00:00","dateModified":"2025-12-20T06:50:48+00:00","description":"Argento Herbstgold","breadcrumb":{"@id":"https:\/\/pyro-depot.de\/nl\/product\/argento-herbstgold\/#breadcrumb"},"inLanguage":"nl-NL","potentialAction":[{"@type":"ReadAction","target":["https:\/\/pyro-depot.de\/nl\/product\/argento-herbstgold\/"]}]},{"@type":"ImageObject","inLanguage":"nl-NL","@id":"https:\/\/pyro-depot.de\/nl\/product\/argento-herbstgold\/#primaryimage","url":"https:\/\/pyro-depot.de\/wp-content\/uploads\/2024\/11\/AC25-84-1-Herbstgold-Product-550x550-1-375x375-Photoroom.png","contentUrl":"https:\/\/pyro-depot.de\/wp-content\/uploads\/2024\/11\/AC25-84-1-Herbstgold-Product-550x550-1-375x375-Photoroom.png","width":375,"height":375},{"@type":"BreadcrumbList","@id":"https:\/\/pyro-depot.de\/nl\/product\/argento-herbstgold\/#breadcrumb","itemListElement":[{"@type":"ListItem","position":1,"name":"Home","item":"https:\/\/pyro-depot.de\/nl\/"},{"@type":"ListItem","position":2,"name":"Winkel","item":"https:\/\/new.pyro-depot.de\/nl\/winkel\/"},{"@type":"ListItem","position":3,"name":"Argento Herbstgold"}]},{"@type":"WebSite","@id":"https:\/\/pyro-depot.de\/nl\/#website","url":"https:\/\/pyro-depot.de\/nl\/","name":"Pyro Depot","description":"Feuerwerk vom Profi","publisher":{"@id":"https:\/\/pyro-depot.de\/nl\/#organization"},"potentialAction":[{"@type":"SearchAction","target":{"@type":"EntryPoint","urlTemplate":"https:\/\/pyro-depot.de\/nl\/?s={search_term_string}"},"query-input":{"@type":"PropertyValueSpecification","valueRequired":true,"valueName":"search_term_string"}}],"inLanguage":"nl-NL"},{"@type":"Organization","@id":"https:\/\/pyro-depot.de\/nl\/#organization","name":"Pyro Depot","url":"https:\/\/pyro-depot.de\/nl\/","logo":{"@type":"ImageObject","inLanguage":"nl-NL","@id":"https:\/\/pyro-depot.de\/nl\/#\/schema\/logo\/image\/","url":"https:\/\/pyro-depot.de\/wp-content\/uploads\/2024\/10\/cropped-cropped-logo-pyro-elgato.png","contentUrl":"https:\/\/pyro-depot.de\/wp-content\/uploads\/2024\/10\/cropped-cropped-logo-pyro-elgato.png","width":457,"height":292,"caption":"Pyro Depot"},"image":{"@id":"https:\/\/pyro-depot.de\/nl\/#\/schema\/logo\/image\/"}}]}},"_links":{"self":[{"href":"https:\/\/pyro-depot.de\/nl\/wp-json\/wp\/v2\/product\/21345","targetHints":{"allow":["GET"]}}],"collection":[{"href":"https:\/\/pyro-depot.de\/nl\/wp-json\/wp\/v2\/product"}],"about":[{"href":"https:\/\/pyro-depot.de\/nl\/wp-json\/wp\/v2\/types\/product"}],"wp:featuredmedia":[{"embeddable":true,"href":"https:\/\/pyro-depot.de\/nl\/wp-json\/wp\/v2\/media\/22367"}],"wp:attachment":[{"href":"https:\/\/pyro-depot.de\/nl\/wp-json\/wp\/v2\/media?parent=21345"}],"wp:term":[{"taxonomy":"product_brand","embeddable":true,"href":"https:\/\/pyro-depot.de\/nl\/wp-json\/wp\/v2\/product_brand?post=21345"},{"taxonomy":"product_cat","embeddable":true,"href":"https:\/\/pyro-depot.de\/nl\/wp-json\/wp\/v2\/product_cat?post=21345"},{"taxonomy":"product_tag","embeddable":true,"href":"https:\/\/pyro-depot.de\/nl\/wp-json\/wp\/v2\/product_tag?post=21345"}],"curies":[{"name":"wp","href":"https:\/\/api.w.org\/{rel}","templated":true}]}}