	{"id":21513,"date":"2024-12-03T20:25:23","date_gmt":"2024-12-03T18:25:23","guid":{"rendered":"https:\/\/pyro-depot.de\/product\/funke-fermata-100a\/"},"modified":"2025-12-12T16:04:55","modified_gmt":"2025-12-12T14:04:55","slug":"funke-fermata-100a","status":"publish","type":"product","link":"https:\/\/pyro-depot.de\/nl\/product\/funke-fermata-100a\/","title":{"rendered":"Funke Fermata 100A"},"content":{"rendered":"<div class=\"lyte-wrapper\" title=\"&amp;quot;Fermata 100-A&amp;quot; - 100sh 30mm Salvo-Fireworks [Batch 2024]\" style=\"width:640px;max-width:100%;margin:5px;\"><div class=\"lyMe\" id=\"WYL_-sy5hIP_9xc\" itemprop=\"video\" itemscope itemtype=\"https:\/\/schema.org\/VideoObject\"><div><meta itemprop=\"thumbnailUrl\" content=\"https:\/\/pyro-depot.de\/wp-content\/plugins\/wp-youtube-lyte\/lyteCache.php?origThumbUrl=https%3A%2F%2Fi.ytimg.com%2Fvi%2F-sy5hIP_9xc%2Fhqdefault.jpg\" \/><meta itemprop=\"embedURL\" content=\"https:\/\/www.youtube.com\/embed\/-sy5hIP_9xc\" \/><meta itemprop=\"duration\" content=\"PT2M14S\" \/><meta itemprop=\"uploadDate\" content=\"2024-11-10T17:00:00Z\" \/><\/div><div id=\"lyte_-sy5hIP_9xc\" data-src=\"https:\/\/pyro-depot.de\/wp-content\/plugins\/wp-youtube-lyte\/lyteCache.php?origThumbUrl=https%3A%2F%2Fi.ytimg.com%2Fvi%2F-sy5hIP_9xc%2Fhqdefault.jpg\" class=\"pL\"><div class=\"tC\"><div class=\"tT\" itemprop=\"name\">&quot;Fermata 100-A&quot; - 100sh 30mm Salvo-Fireworks [Batch 2024]<\/div><\/div><div class=\"play\"><\/div><div class=\"ctrl\"><div class=\"Lctrl\"><\/div><div class=\"Rctrl\"><\/div><\/div><\/div><noscript><a href=\"https:\/\/youtu.be\/-sy5hIP_9xc\" rel=\"nofollow\"><img decoding=\"async\" src=\"https:\/\/pyro-depot.de\/wp-content\/plugins\/wp-youtube-lyte\/lyteCache.php?origThumbUrl=https%3A%2F%2Fi.ytimg.com%2Fvi%2F-sy5hIP_9xc%2F0.jpg\" alt=\"&amp;quot;Fermata 100-A&amp;quot; - 100sh 30mm Salvo-Fireworks [Batch 2024]\" width=\"640\" height=\"340\" \/><br \/>Bekijk deze video op YouTube<\/a><\/noscript><meta itemprop=\"description\" content=\"DE: FC30-100-15 100 Schuss Verbundfeuerwerks-Sortiment &quot;Fermata 100A&quot;, Kal. 30mm, ca. 34 Sekunden, 2425g NEM, CE Kategorie F2, ADR 1.3G Sortiment aus Batterien mit in 5er-Salven geschossenen Dahlien-und Goldeffekten mit Titanzerlegern, finalisierend in 10er-Salven aus Blinkstern-Dahlien-Buketts und Titansaluts. Nach l\u00e4ngerer Zeit mal wieder eine neue Charge der Fermata 100A. Diesmal aus einer neuen Fabrik. Leider brechen hier recht viele Schweifaufstiege bzw es brechen St\u00fccke davon ab, da die Fabrik es noch nicht geschafft hat die Technik in der Produktion stabil umzusetzen, aber trotzdem schonmal besser als bei der alten Fabrik. Auch sind u.a. die gr\u00fcnen Dahliensterne noch etwas kurz brennend, das konnten wir aber mittlerweile f\u00fcr die n\u00e4chsten Artikel verbessern.Ansonsten ist der Artikel aber ganz gut geworden denke ich, so ist es diesmal z.B. zum ersten Mal gelungen tats\u00e4chlich Tremolant\/Glitter-Sterne zu verwenden, statt Goldblinker-Weiden, und auch die Saluts sind besser gelungen als zuvor. Achtung, f\u00fcr den Abbrand aller 100 Schuss nacheinander wie im Video zu sehen (sofern durch nationales Recht erlaubt) muss die Einzelbatterie noch mit dem 80 Schuss Verbund verleitet werden! Hierbei sicherstellen, dass die Z\u00fcndschn\u00fcre doppelt verknotet werden, nicht oben auf der Batterie liegen (da sonst die herausschie\u00dfenden Bombetten die Z\u00fcndschn\u00fcre abreissen), und seitlich an der Batterie mit der beiliegenden feuerfesten Z\u00fcndschnurabdeckung abgeklebt sind. EN: FC30-100-15 100 shots compound fireworks &quot;Fermata 100A&quot;, cal. 30mm, ca. 34 seconds, 2425g NEC, CE certified, category F2, ADR 1.3G Cakebox assortment with 5-shot salvos of dahlias and gold effects with titanium bursts, finalizing in 10-shot salvos of strobe-Dahlia combinations and titanium salutes. After a long time, a new batch of Fermata 100A. This time from a new factory. Unfortunately, quite a lot of the taila break off or pieces break off because the factory has not yet managed to implement the technology in production in a stable manner, but it is still better than in the old factory. The green dahlia stars also burn a little too short, but we have been able to improve this for the next articles already.Otherwise, I think the article turned out quite well. For example, this time it was actually possible to use tremolant\/glitter stars for the first time, instead of gold glittering willows, and the salutes turned out better than before. Attention, the single cake and compound still need to be connected to achieve the effect such as in the video! For this, the secondary fuse of the first cake needs to be knotted with the primary fuse of the compound fireworks. The fuses should be taped with the fireproof aluminium sticker to the side of the cakeboxes, as the fuse on the top would be shot out by the shottubes .Only connect the cakes if it is legal in your country.\"><\/div><\/div><div class=\"lL\" style=\"max-width:100%;width:640px;margin:5px;\"><\/div><\/p>\n","protected":false},"excerpt":{"rendered":"<p>&quot;Fermata 100-A&quot; &#8211; 100sh 30mm Salvo-Fireworks [Batch 2024]Bekijk deze video op YouTube<\/p>\n","protected":false},"featured_media":22373,"template":"","meta":{"_acf_changed":false},"product_brand":[],"product_cat":[1637,1646],"product_tag":[],"class_list":{"0":"post-21513","1":"product","2":"type-product","3":"status-publish","4":"has-post-thumbnail","6":"product_cat-compoundcakeboxen","7":"product_cat-xxl-compound-cake-boxen","8":"pa_brand-funke","10":"first","11":"outofstock","12":"taxable","13":"shipping-taxable","14":"product-type-simple"},"acf":[],"yoast_head":"<!-- This site is optimized with the Yoast SEO plugin v26.2 - https:\/\/yoast.com\/wordpress\/plugins\/seo\/ -->\n<title>Funke Fermata 100A - Pyro Depot<\/title>\n<meta name=\"description\" content=\"Funke Fermata 100A\" \/>\n<meta name=\"robots\" content=\"index, follow, max-snippet:-1, max-image-preview:large, max-video-preview:-1\" \/>\n<link rel=\"canonical\" href=\"https:\/\/pyro-depot.de\/nl\/product\/funke-fermata-100a\/\" \/>\n<meta property=\"og:locale\" content=\"nl_NL\" \/>\n<meta property=\"og:type\" content=\"article\" \/>\n<meta property=\"og:title\" content=\"Funke Fermata 100A - Pyro Depot\" \/>\n<meta property=\"og:description\" content=\"Funke Fermata 100A\" \/>\n<meta property=\"og:url\" content=\"https:\/\/pyro-depot.de\/nl\/product\/funke-fermata-100a\/\" \/>\n<meta property=\"og:site_name\" content=\"Pyro Depot\" \/>\n<meta property=\"article:modified_time\" content=\"2025-12-12T14:04:55+00:00\" \/>\n<meta property=\"og:image\" content=\"https:\/\/pyro-depot.de\/wp-content\/uploads\/2024\/12\/fc30-100-15-550x550w-375x375-Photoroom.png\" \/>\n\t<meta property=\"og:image:width\" content=\"375\" \/>\n\t<meta property=\"og:image:height\" content=\"375\" \/>\n\t<meta property=\"og:image:type\" content=\"image\/png\" \/>\n<meta name=\"twitter:card\" content=\"summary_large_image\" \/>\n<script type=\"application\/ld+json\" class=\"yoast-schema-graph\">{\"@context\":\"https:\/\/schema.org\",\"@graph\":[{\"@type\":\"WebPage\",\"@id\":\"https:\/\/pyro-depot.de\/nl\/product\/funke-fermata-100a\/\",\"url\":\"https:\/\/pyro-depot.de\/nl\/product\/funke-fermata-100a\/\",\"name\":\"Funke Fermata 100A - Pyro Depot\",\"isPartOf\":{\"@id\":\"https:\/\/pyro-depot.de\/nl\/#website\"},\"primaryImageOfPage\":{\"@id\":\"https:\/\/pyro-depot.de\/nl\/product\/funke-fermata-100a\/#primaryimage\"},\"image\":{\"@id\":\"https:\/\/pyro-depot.de\/nl\/product\/funke-fermata-100a\/#primaryimage\"},\"thumbnailUrl\":\"https:\/\/pyro-depot.de\/wp-content\/uploads\/2024\/12\/fc30-100-15-550x550w-375x375-Photoroom.png\",\"datePublished\":\"2024-12-03T18:25:23+00:00\",\"dateModified\":\"2025-12-12T14:04:55+00:00\",\"description\":\"Funke Fermata 100A\",\"breadcrumb\":{\"@id\":\"https:\/\/pyro-depot.de\/nl\/product\/funke-fermata-100a\/#breadcrumb\"},\"inLanguage\":\"nl-NL\",\"potentialAction\":[{\"@type\":\"ReadAction\",\"target\":[\"https:\/\/pyro-depot.de\/nl\/product\/funke-fermata-100a\/\"]}]},{\"@type\":\"ImageObject\",\"inLanguage\":\"nl-NL\",\"@id\":\"https:\/\/pyro-depot.de\/nl\/product\/funke-fermata-100a\/#primaryimage\",\"url\":\"https:\/\/pyro-depot.de\/wp-content\/uploads\/2024\/12\/fc30-100-15-550x550w-375x375-Photoroom.png\",\"contentUrl\":\"https:\/\/pyro-depot.de\/wp-content\/uploads\/2024\/12\/fc30-100-15-550x550w-375x375-Photoroom.png\",\"width\":375,\"height\":375},{\"@type\":\"BreadcrumbList\",\"@id\":\"https:\/\/pyro-depot.de\/nl\/product\/funke-fermata-100a\/#breadcrumb\",\"itemListElement\":[{\"@type\":\"ListItem\",\"position\":1,\"name\":\"Home\",\"item\":\"https:\/\/pyro-depot.de\/nl\/\"},{\"@type\":\"ListItem\",\"position\":2,\"name\":\"Winkel\",\"item\":\"https:\/\/new.pyro-depot.de\/nl\/winkel\/\"},{\"@type\":\"ListItem\",\"position\":3,\"name\":\"Funke Fermata 100A\"}]},{\"@type\":\"WebSite\",\"@id\":\"https:\/\/pyro-depot.de\/nl\/#website\",\"url\":\"https:\/\/pyro-depot.de\/nl\/\",\"name\":\"Pyro Depot\",\"description\":\"Feuerwerk vom Profi\",\"publisher\":{\"@id\":\"https:\/\/pyro-depot.de\/nl\/#organization\"},\"potentialAction\":[{\"@type\":\"SearchAction\",\"target\":{\"@type\":\"EntryPoint\",\"urlTemplate\":\"https:\/\/pyro-depot.de\/nl\/?s={search_term_string}\"},\"query-input\":{\"@type\":\"PropertyValueSpecification\",\"valueRequired\":true,\"valueName\":\"search_term_string\"}}],\"inLanguage\":\"nl-NL\"},{\"@type\":\"Organization\",\"@id\":\"https:\/\/pyro-depot.de\/nl\/#organization\",\"name\":\"Pyro Depot\",\"url\":\"https:\/\/pyro-depot.de\/nl\/\",\"logo\":{\"@type\":\"ImageObject\",\"inLanguage\":\"nl-NL\",\"@id\":\"https:\/\/pyro-depot.de\/nl\/#\/schema\/logo\/image\/\",\"url\":\"https:\/\/pyro-depot.de\/wp-content\/uploads\/2024\/10\/cropped-cropped-logo-pyro-elgato.png\",\"contentUrl\":\"https:\/\/pyro-depot.de\/wp-content\/uploads\/2024\/10\/cropped-cropped-logo-pyro-elgato.png\",\"width\":457,\"height\":292,\"caption\":\"Pyro Depot\"},\"image\":{\"@id\":\"https:\/\/pyro-depot.de\/nl\/#\/schema\/logo\/image\/\"}}]}<\/script>\n<!-- \/ Yoast SEO plugin. -->","yoast_head_json":{"title":"Funke Fermata 100A - Pyro Depot","description":"Funke Fermata 100A","robots":{"index":"index","follow":"follow","max-snippet":"max-snippet:-1","max-image-preview":"max-image-preview:large","max-video-preview":"max-video-preview:-1"},"canonical":"https:\/\/pyro-depot.de\/nl\/product\/funke-fermata-100a\/","og_locale":"nl_NL","og_type":"article","og_title":"Funke Fermata 100A - Pyro Depot","og_description":"Funke Fermata 100A","og_url":"https:\/\/pyro-depot.de\/nl\/product\/funke-fermata-100a\/","og_site_name":"Pyro Depot","article_modified_time":"2025-12-12T14:04:55+00:00","og_image":[{"width":375,"height":375,"url":"https:\/\/pyro-depot.de\/wp-content\/uploads\/2024\/12\/fc30-100-15-550x550w-375x375-Photoroom.png","type":"image\/png"}],"twitter_card":"summary_large_image","schema":{"@context":"https:\/\/schema.org","@graph":[{"@type":"WebPage","@id":"https:\/\/pyro-depot.de\/nl\/product\/funke-fermata-100a\/","url":"https:\/\/pyro-depot.de\/nl\/product\/funke-fermata-100a\/","name":"Funke Fermata 100A - Pyro Depot","isPartOf":{"@id":"https:\/\/pyro-depot.de\/nl\/#website"},"primaryImageOfPage":{"@id":"https:\/\/pyro-depot.de\/nl\/product\/funke-fermata-100a\/#primaryimage"},"image":{"@id":"https:\/\/pyro-depot.de\/nl\/product\/funke-fermata-100a\/#primaryimage"},"thumbnailUrl":"https:\/\/pyro-depot.de\/wp-content\/uploads\/2024\/12\/fc30-100-15-550x550w-375x375-Photoroom.png","datePublished":"2024-12-03T18:25:23+00:00","dateModified":"2025-12-12T14:04:55+00:00","description":"Funke Fermata 100A","breadcrumb":{"@id":"https:\/\/pyro-depot.de\/nl\/product\/funke-fermata-100a\/#breadcrumb"},"inLanguage":"nl-NL","potentialAction":[{"@type":"ReadAction","target":["https:\/\/pyro-depot.de\/nl\/product\/funke-fermata-100a\/"]}]},{"@type":"ImageObject","inLanguage":"nl-NL","@id":"https:\/\/pyro-depot.de\/nl\/product\/funke-fermata-100a\/#primaryimage","url":"https:\/\/pyro-depot.de\/wp-content\/uploads\/2024\/12\/fc30-100-15-550x550w-375x375-Photoroom.png","contentUrl":"https:\/\/pyro-depot.de\/wp-content\/uploads\/2024\/12\/fc30-100-15-550x550w-375x375-Photoroom.png","width":375,"height":375},{"@type":"BreadcrumbList","@id":"https:\/\/pyro-depot.de\/nl\/product\/funke-fermata-100a\/#breadcrumb","itemListElement":[{"@type":"ListItem","position":1,"name":"Home","item":"https:\/\/pyro-depot.de\/nl\/"},{"@type":"ListItem","position":2,"name":"Winkel","item":"https:\/\/new.pyro-depot.de\/nl\/winkel\/"},{"@type":"ListItem","position":3,"name":"Funke Fermata 100A"}]},{"@type":"WebSite","@id":"https:\/\/pyro-depot.de\/nl\/#website","url":"https:\/\/pyro-depot.de\/nl\/","name":"Pyro Depot","description":"Feuerwerk vom Profi","publisher":{"@id":"https:\/\/pyro-depot.de\/nl\/#organization"},"potentialAction":[{"@type":"SearchAction","target":{"@type":"EntryPoint","urlTemplate":"https:\/\/pyro-depot.de\/nl\/?s={search_term_string}"},"query-input":{"@type":"PropertyValueSpecification","valueRequired":true,"valueName":"search_term_string"}}],"inLanguage":"nl-NL"},{"@type":"Organization","@id":"https:\/\/pyro-depot.de\/nl\/#organization","name":"Pyro Depot","url":"https:\/\/pyro-depot.de\/nl\/","logo":{"@type":"ImageObject","inLanguage":"nl-NL","@id":"https:\/\/pyro-depot.de\/nl\/#\/schema\/logo\/image\/","url":"https:\/\/pyro-depot.de\/wp-content\/uploads\/2024\/10\/cropped-cropped-logo-pyro-elgato.png","contentUrl":"https:\/\/pyro-depot.de\/wp-content\/uploads\/2024\/10\/cropped-cropped-logo-pyro-elgato.png","width":457,"height":292,"caption":"Pyro Depot"},"image":{"@id":"https:\/\/pyro-depot.de\/nl\/#\/schema\/logo\/image\/"}}]}},"_links":{"self":[{"href":"https:\/\/pyro-depot.de\/nl\/wp-json\/wp\/v2\/product\/21513","targetHints":{"allow":["GET"]}}],"collection":[{"href":"https:\/\/pyro-depot.de\/nl\/wp-json\/wp\/v2\/product"}],"about":[{"href":"https:\/\/pyro-depot.de\/nl\/wp-json\/wp\/v2\/types\/product"}],"wp:featuredmedia":[{"embeddable":true,"href":"https:\/\/pyro-depot.de\/nl\/wp-json\/wp\/v2\/media\/22373"}],"wp:attachment":[{"href":"https:\/\/pyro-depot.de\/nl\/wp-json\/wp\/v2\/media?parent=21513"}],"wp:term":[{"taxonomy":"product_brand","embeddable":true,"href":"https:\/\/pyro-depot.de\/nl\/wp-json\/wp\/v2\/product_brand?post=21513"},{"taxonomy":"product_cat","embeddable":true,"href":"https:\/\/pyro-depot.de\/nl\/wp-json\/wp\/v2\/product_cat?post=21513"},{"taxonomy":"product_tag","embeddable":true,"href":"https:\/\/pyro-depot.de\/nl\/wp-json\/wp\/v2\/product_tag?post=21513"}],"curies":[{"name":"wp","href":"https:\/\/api.w.org\/{rel}","templated":true}]}}