	{"id":21515,"date":"2024-12-03T20:30:41","date_gmt":"2024-12-03T18:30:41","guid":{"rendered":"https:\/\/pyro-depot.de\/product\/funke-corolla-blue\/"},"modified":"2025-12-26T20:26:23","modified_gmt":"2025-12-26T18:26:23","slug":"funke-corolla-blue","status":"publish","type":"product","link":"https:\/\/pyro-depot.de\/nl\/product\/funke-corolla-blue\/","title":{"rendered":"Funke Corolla Blue"},"content":{"rendered":"<div class=\"lyte-wrapper\" title=\"&amp;quot;Corolla Blue&amp;quot; - 100sh 30mm Compound fireworks [Batch 2024]\" style=\"width:640px;max-width:100%;margin:5px;\"><div class=\"lyMe\" id=\"WYL_nsPsHu7y_CQ\" itemprop=\"video\" itemscope itemtype=\"https:\/\/schema.org\/VideoObject\"><div><meta itemprop=\"thumbnailUrl\" content=\"https:\/\/pyro-depot.de\/wp-content\/plugins\/wp-youtube-lyte\/lyteCache.php?origThumbUrl=https%3A%2F%2Fi.ytimg.com%2Fvi%2FnsPsHu7y_CQ%2Fhqdefault.jpg\" \/><meta itemprop=\"embedURL\" content=\"https:\/\/www.youtube.com\/embed\/nsPsHu7y_CQ\" \/><meta itemprop=\"duration\" content=\"PT2M22S\" \/><meta itemprop=\"uploadDate\" content=\"2024-11-07T17:11:40Z\" \/><\/div><div id=\"lyte_nsPsHu7y_CQ\" data-src=\"https:\/\/pyro-depot.de\/wp-content\/plugins\/wp-youtube-lyte\/lyteCache.php?origThumbUrl=https%3A%2F%2Fi.ytimg.com%2Fvi%2FnsPsHu7y_CQ%2Fhqdefault.jpg\" class=\"pL\"><div class=\"tC\"><div class=\"tT\" itemprop=\"name\">&quot;Corolla Blue&quot; - 100sh 30mm Compound fireworks [Batch 2024]<\/div><\/div><div class=\"play\"><\/div><div class=\"ctrl\"><div class=\"Lctrl\"><\/div><div class=\"Rctrl\"><\/div><\/div><\/div><noscript><a href=\"https:\/\/youtu.be\/nsPsHu7y_CQ\" rel=\"nofollow\"><img decoding=\"async\" src=\"https:\/\/pyro-depot.de\/wp-content\/plugins\/wp-youtube-lyte\/lyteCache.php?origThumbUrl=https%3A%2F%2Fi.ytimg.com%2Fvi%2FnsPsHu7y_CQ%2F0.jpg\" alt=\"&amp;quot;Corolla Blue&amp;quot; - 100sh 30mm Compound fireworks [Batch 2024]\" width=\"640\" height=\"340\" \/><br \/>Bekijk deze video op YouTube<\/a><\/noscript><meta itemprop=\"description\" content=\"DE: FC30-100-3 100 Schuss Verbundfeuerwerks-Sortiment &quot;Corolla Blue&quot;, Kal. 30mm, ca. 40 Sekunden, 2500g NEM, CE Kategorie F2, ADR 1.3G Sortiment aus Batterien mit rasant geschossenen blauen Feuert\u00f6pfen zu Corolla-Schweifaufstieg und blauen Buketts mit Corollaweiden, mit abschlie\u00dfender Finalsalve. Dieses Jahr habe ich versucht ein paar Funke 30mm Verb\u00fcnde neu produzieren zu lassen. Die Corolla Blue wurde hier von der Fabrik hergestellt, die sonst die Fireball\/Paranoids f\u00fcr uns hergestellt hat. Leider ist das Corolla-Gold aber nicht so gut wie sonst geworden, da die Fabrik Angst vor Bodenkontakt des Goldeffekts hatte, und die Brenndauer des Golds schneller eingestellt hat. Somit brennt der Corolla-Effekt nicht so lang, obwohl die Sterne relativ gro\u00df sind, wodurch der Effekt nicht so voll wie sonst ist.Blaue Sterne \/ Feuert\u00f6pfe und die nun gepressten Schweifaufstiege sind besser als sonst, allerdings ist der Verbund ansich unterm Strich dadurch trotzdem weniger gut als zuvor. EN: FC30-100-3 100 shots compound fireworks &quot;Corolla Blue&quot;, cal. 30mm, ca. 40 seconds, 2500g NEC, CE certified, category F2, ADR 1.3G Cakebox assortment of fast shooting blue mines to corolla tails to cocorolla with blue stars, with last 10 shots all at once. This year I tried to have a few Funke 30mm compounds produced again. The Corolla Blue was made here by the factory that usually made the Fireball\/Paranoids for us.Unfortunately, the Corolla Gold didn&#039;t turn out as good as usual because the factory was afraid of the gold effect touching the ground and adjusted the burn time of the gold more quickly. So the Corolla effect doesn&#039;t burn as long, even though the stars are relatively large, which means the effect isn&#039;t as full as usual.Blue stars\/mines and the now pressed tails are better than usual, but the composite itself is still less good than before.\"><\/div><\/div><div class=\"lL\" style=\"max-width:100%;width:640px;margin:5px;\"><\/div><\/p>\n","protected":false},"excerpt":{"rendered":"<p>&quot;Corolla Blue&quot; &#8211; 100sh 30mm Compound fireworks [Batch 2024]Bekijk deze video op YouTube<\/p>\n","protected":false},"featured_media":22371,"template":"","meta":{"_acf_changed":false},"product_brand":[],"product_cat":[1637,1646],"product_tag":[],"class_list":{"0":"post-21515","1":"product","2":"type-product","3":"status-publish","4":"has-post-thumbnail","6":"product_cat-compoundcakeboxen","7":"product_cat-xxl-compound-cake-boxen","8":"pa_brand-funke","10":"first","11":"instock","12":"taxable","13":"shipping-taxable","14":"product-type-simple"},"acf":[],"yoast_head":"<!-- This site is optimized with the Yoast SEO plugin v26.2 - https:\/\/yoast.com\/wordpress\/plugins\/seo\/ -->\n<title>Funke Corolla Blue - Pyro Depot<\/title>\n<meta name=\"description\" content=\"Funke Corolla Blue\" \/>\n<meta name=\"robots\" content=\"index, follow, max-snippet:-1, max-image-preview:large, max-video-preview:-1\" \/>\n<link rel=\"canonical\" href=\"https:\/\/pyro-depot.de\/nl\/product\/funke-corolla-blue\/\" \/>\n<meta property=\"og:locale\" content=\"nl_NL\" \/>\n<meta property=\"og:type\" content=\"article\" \/>\n<meta property=\"og:title\" content=\"Funke Corolla Blue - Pyro Depot\" \/>\n<meta property=\"og:description\" content=\"Funke Corolla Blue\" \/>\n<meta property=\"og:url\" content=\"https:\/\/pyro-depot.de\/nl\/product\/funke-corolla-blue\/\" \/>\n<meta property=\"og:site_name\" content=\"Pyro Depot\" \/>\n<meta property=\"article:modified_time\" content=\"2025-12-26T18:26:23+00:00\" \/>\n<meta property=\"og:image\" content=\"https:\/\/pyro-depot.de\/wp-content\/uploads\/2024\/12\/FC30-100-3-Corolla-Blue-product-550x550-1-375x375-Photoroom.png\" \/>\n\t<meta property=\"og:image:width\" content=\"375\" \/>\n\t<meta property=\"og:image:height\" content=\"375\" \/>\n\t<meta property=\"og:image:type\" content=\"image\/png\" \/>\n<meta name=\"twitter:card\" content=\"summary_large_image\" \/>\n<script type=\"application\/ld+json\" class=\"yoast-schema-graph\">{\"@context\":\"https:\/\/schema.org\",\"@graph\":[{\"@type\":\"WebPage\",\"@id\":\"https:\/\/pyro-depot.de\/nl\/product\/funke-corolla-blue\/\",\"url\":\"https:\/\/pyro-depot.de\/nl\/product\/funke-corolla-blue\/\",\"name\":\"Funke Corolla Blue - Pyro Depot\",\"isPartOf\":{\"@id\":\"https:\/\/pyro-depot.de\/nl\/#website\"},\"primaryImageOfPage\":{\"@id\":\"https:\/\/pyro-depot.de\/nl\/product\/funke-corolla-blue\/#primaryimage\"},\"image\":{\"@id\":\"https:\/\/pyro-depot.de\/nl\/product\/funke-corolla-blue\/#primaryimage\"},\"thumbnailUrl\":\"https:\/\/pyro-depot.de\/wp-content\/uploads\/2024\/12\/FC30-100-3-Corolla-Blue-product-550x550-1-375x375-Photoroom.png\",\"datePublished\":\"2024-12-03T18:30:41+00:00\",\"dateModified\":\"2025-12-26T18:26:23+00:00\",\"description\":\"Funke Corolla Blue\",\"breadcrumb\":{\"@id\":\"https:\/\/pyro-depot.de\/nl\/product\/funke-corolla-blue\/#breadcrumb\"},\"inLanguage\":\"nl-NL\",\"potentialAction\":[{\"@type\":\"ReadAction\",\"target\":[\"https:\/\/pyro-depot.de\/nl\/product\/funke-corolla-blue\/\"]}]},{\"@type\":\"ImageObject\",\"inLanguage\":\"nl-NL\",\"@id\":\"https:\/\/pyro-depot.de\/nl\/product\/funke-corolla-blue\/#primaryimage\",\"url\":\"https:\/\/pyro-depot.de\/wp-content\/uploads\/2024\/12\/FC30-100-3-Corolla-Blue-product-550x550-1-375x375-Photoroom.png\",\"contentUrl\":\"https:\/\/pyro-depot.de\/wp-content\/uploads\/2024\/12\/FC30-100-3-Corolla-Blue-product-550x550-1-375x375-Photoroom.png\",\"width\":375,\"height\":375},{\"@type\":\"BreadcrumbList\",\"@id\":\"https:\/\/pyro-depot.de\/nl\/product\/funke-corolla-blue\/#breadcrumb\",\"itemListElement\":[{\"@type\":\"ListItem\",\"position\":1,\"name\":\"Home\",\"item\":\"https:\/\/pyro-depot.de\/nl\/\"},{\"@type\":\"ListItem\",\"position\":2,\"name\":\"Winkel\",\"item\":\"https:\/\/new.pyro-depot.de\/nl\/winkel\/\"},{\"@type\":\"ListItem\",\"position\":3,\"name\":\"Funke Corolla Blue\"}]},{\"@type\":\"WebSite\",\"@id\":\"https:\/\/pyro-depot.de\/nl\/#website\",\"url\":\"https:\/\/pyro-depot.de\/nl\/\",\"name\":\"Pyro Depot\",\"description\":\"Feuerwerk vom Profi\",\"publisher\":{\"@id\":\"https:\/\/pyro-depot.de\/nl\/#organization\"},\"potentialAction\":[{\"@type\":\"SearchAction\",\"target\":{\"@type\":\"EntryPoint\",\"urlTemplate\":\"https:\/\/pyro-depot.de\/nl\/?s={search_term_string}\"},\"query-input\":{\"@type\":\"PropertyValueSpecification\",\"valueRequired\":true,\"valueName\":\"search_term_string\"}}],\"inLanguage\":\"nl-NL\"},{\"@type\":\"Organization\",\"@id\":\"https:\/\/pyro-depot.de\/nl\/#organization\",\"name\":\"Pyro Depot\",\"url\":\"https:\/\/pyro-depot.de\/nl\/\",\"logo\":{\"@type\":\"ImageObject\",\"inLanguage\":\"nl-NL\",\"@id\":\"https:\/\/pyro-depot.de\/nl\/#\/schema\/logo\/image\/\",\"url\":\"https:\/\/pyro-depot.de\/wp-content\/uploads\/2024\/10\/cropped-cropped-logo-pyro-elgato.png\",\"contentUrl\":\"https:\/\/pyro-depot.de\/wp-content\/uploads\/2024\/10\/cropped-cropped-logo-pyro-elgato.png\",\"width\":457,\"height\":292,\"caption\":\"Pyro Depot\"},\"image\":{\"@id\":\"https:\/\/pyro-depot.de\/nl\/#\/schema\/logo\/image\/\"}}]}<\/script>\n<!-- \/ Yoast SEO plugin. -->","yoast_head_json":{"title":"Funke Corolla Blue - Pyro Depot","description":"Funke Corolla Blue","robots":{"index":"index","follow":"follow","max-snippet":"max-snippet:-1","max-image-preview":"max-image-preview:large","max-video-preview":"max-video-preview:-1"},"canonical":"https:\/\/pyro-depot.de\/nl\/product\/funke-corolla-blue\/","og_locale":"nl_NL","og_type":"article","og_title":"Funke Corolla Blue - Pyro Depot","og_description":"Funke Corolla Blue","og_url":"https:\/\/pyro-depot.de\/nl\/product\/funke-corolla-blue\/","og_site_name":"Pyro Depot","article_modified_time":"2025-12-26T18:26:23+00:00","og_image":[{"width":375,"height":375,"url":"https:\/\/pyro-depot.de\/wp-content\/uploads\/2024\/12\/FC30-100-3-Corolla-Blue-product-550x550-1-375x375-Photoroom.png","type":"image\/png"}],"twitter_card":"summary_large_image","schema":{"@context":"https:\/\/schema.org","@graph":[{"@type":"WebPage","@id":"https:\/\/pyro-depot.de\/nl\/product\/funke-corolla-blue\/","url":"https:\/\/pyro-depot.de\/nl\/product\/funke-corolla-blue\/","name":"Funke Corolla Blue - Pyro Depot","isPartOf":{"@id":"https:\/\/pyro-depot.de\/nl\/#website"},"primaryImageOfPage":{"@id":"https:\/\/pyro-depot.de\/nl\/product\/funke-corolla-blue\/#primaryimage"},"image":{"@id":"https:\/\/pyro-depot.de\/nl\/product\/funke-corolla-blue\/#primaryimage"},"thumbnailUrl":"https:\/\/pyro-depot.de\/wp-content\/uploads\/2024\/12\/FC30-100-3-Corolla-Blue-product-550x550-1-375x375-Photoroom.png","datePublished":"2024-12-03T18:30:41+00:00","dateModified":"2025-12-26T18:26:23+00:00","description":"Funke Corolla Blue","breadcrumb":{"@id":"https:\/\/pyro-depot.de\/nl\/product\/funke-corolla-blue\/#breadcrumb"},"inLanguage":"nl-NL","potentialAction":[{"@type":"ReadAction","target":["https:\/\/pyro-depot.de\/nl\/product\/funke-corolla-blue\/"]}]},{"@type":"ImageObject","inLanguage":"nl-NL","@id":"https:\/\/pyro-depot.de\/nl\/product\/funke-corolla-blue\/#primaryimage","url":"https:\/\/pyro-depot.de\/wp-content\/uploads\/2024\/12\/FC30-100-3-Corolla-Blue-product-550x550-1-375x375-Photoroom.png","contentUrl":"https:\/\/pyro-depot.de\/wp-content\/uploads\/2024\/12\/FC30-100-3-Corolla-Blue-product-550x550-1-375x375-Photoroom.png","width":375,"height":375},{"@type":"BreadcrumbList","@id":"https:\/\/pyro-depot.de\/nl\/product\/funke-corolla-blue\/#breadcrumb","itemListElement":[{"@type":"ListItem","position":1,"name":"Home","item":"https:\/\/pyro-depot.de\/nl\/"},{"@type":"ListItem","position":2,"name":"Winkel","item":"https:\/\/new.pyro-depot.de\/nl\/winkel\/"},{"@type":"ListItem","position":3,"name":"Funke Corolla Blue"}]},{"@type":"WebSite","@id":"https:\/\/pyro-depot.de\/nl\/#website","url":"https:\/\/pyro-depot.de\/nl\/","name":"Pyro Depot","description":"Feuerwerk vom Profi","publisher":{"@id":"https:\/\/pyro-depot.de\/nl\/#organization"},"potentialAction":[{"@type":"SearchAction","target":{"@type":"EntryPoint","urlTemplate":"https:\/\/pyro-depot.de\/nl\/?s={search_term_string}"},"query-input":{"@type":"PropertyValueSpecification","valueRequired":true,"valueName":"search_term_string"}}],"inLanguage":"nl-NL"},{"@type":"Organization","@id":"https:\/\/pyro-depot.de\/nl\/#organization","name":"Pyro Depot","url":"https:\/\/pyro-depot.de\/nl\/","logo":{"@type":"ImageObject","inLanguage":"nl-NL","@id":"https:\/\/pyro-depot.de\/nl\/#\/schema\/logo\/image\/","url":"https:\/\/pyro-depot.de\/wp-content\/uploads\/2024\/10\/cropped-cropped-logo-pyro-elgato.png","contentUrl":"https:\/\/pyro-depot.de\/wp-content\/uploads\/2024\/10\/cropped-cropped-logo-pyro-elgato.png","width":457,"height":292,"caption":"Pyro Depot"},"image":{"@id":"https:\/\/pyro-depot.de\/nl\/#\/schema\/logo\/image\/"}}]}},"_links":{"self":[{"href":"https:\/\/pyro-depot.de\/nl\/wp-json\/wp\/v2\/product\/21515","targetHints":{"allow":["GET"]}}],"collection":[{"href":"https:\/\/pyro-depot.de\/nl\/wp-json\/wp\/v2\/product"}],"about":[{"href":"https:\/\/pyro-depot.de\/nl\/wp-json\/wp\/v2\/types\/product"}],"wp:featuredmedia":[{"embeddable":true,"href":"https:\/\/pyro-depot.de\/nl\/wp-json\/wp\/v2\/media\/22371"}],"wp:attachment":[{"href":"https:\/\/pyro-depot.de\/nl\/wp-json\/wp\/v2\/media?parent=21515"}],"wp:term":[{"taxonomy":"product_brand","embeddable":true,"href":"https:\/\/pyro-depot.de\/nl\/wp-json\/wp\/v2\/product_brand?post=21515"},{"taxonomy":"product_cat","embeddable":true,"href":"https:\/\/pyro-depot.de\/nl\/wp-json\/wp\/v2\/product_cat?post=21515"},{"taxonomy":"product_tag","embeddable":true,"href":"https:\/\/pyro-depot.de\/nl\/wp-json\/wp\/v2\/product_tag?post=21515"}],"curies":[{"name":"wp","href":"https:\/\/api.w.org\/{rel}","templated":true}]}}