	{"id":21536,"date":"2024-12-05T12:56:17","date_gmt":"2024-12-05T10:56:17","guid":{"rendered":"https:\/\/pyro-depot.de\/?post_type=product&#038;p=21536"},"modified":"2025-12-24T16:13:03","modified_gmt":"2025-12-24T14:13:03","slug":"triplex-vuurwerk-xt1072-3-salute-yellow","status":"publish","type":"product","link":"https:\/\/pyro-depot.de\/nl\/product\/triplex-vuurwerk-xt1072-3-salute-yellow\/","title":{"rendered":"Triplex Vuurwerk XT1072-3 Salute  Yellow"},"content":{"rendered":"<div class=\"lyte-wrapper\" title=\"FAJERWERKI XT1072-3 25S 1,2&amp;#039;&amp;#039; BATERIA DZIENNA \u017b&Oacute;\u0141TA T1 TRIPLEX FIREWORKS\" style=\"width:640px;max-width:100%;margin:5px;\"><div class=\"lyMe qsa_\\&amp;enablejsapi\\=1\\&amp;origin\\=https:\/\/pyro-depot.de\" id=\"WYL_8a6-MIDumvE\" itemprop=\"video\" itemscope itemtype=\"https:\/\/schema.org\/VideoObject\"><div><meta itemprop=\"thumbnailUrl\" content=\"https:\/\/pyro-depot.de\/wp-content\/plugins\/wp-youtube-lyte\/lyteCache.php?origThumbUrl=https%3A%2F%2Fi.ytimg.com%2Fvi%2F8a6-MIDumvE%2Fhqdefault.jpg\" \/><meta itemprop=\"embedURL\" content=\"https:\/\/www.youtube.com\/embed\/8a6-MIDumvE\" \/><meta itemprop=\"duration\" content=\"PT10S\" \/><meta itemprop=\"uploadDate\" content=\"2023-10-30T11:27:59Z\" \/><\/div><div id=\"lyte_8a6-MIDumvE\" data-src=\"https:\/\/pyro-depot.de\/wp-content\/plugins\/wp-youtube-lyte\/lyteCache.php?origThumbUrl=https%3A%2F%2Fi.ytimg.com%2Fvi%2F8a6-MIDumvE%2Fhqdefault.jpg\" class=\"pL\"><div class=\"tC\"><div class=\"tT\" itemprop=\"name\">FAJERWERKI XT1072-3 25S 1,2&#039;&#039; BATERIA DZIENNA \u017b\u00d3\u0141TA T1 TRIPLEX FIREWORKS<\/div><\/div><div class=\"play\"><\/div><div class=\"ctrl\"><div class=\"Lctrl\"><\/div><div class=\"Rctrl\"><\/div><\/div><\/div><noscript><a href=\"https:\/\/youtu.be\/8a6-MIDumvE\" rel=\"nofollow\"><img decoding=\"async\" src=\"https:\/\/pyro-depot.de\/wp-content\/plugins\/wp-youtube-lyte\/lyteCache.php?origThumbUrl=https%3A%2F%2Fi.ytimg.com%2Fvi%2F8a6-MIDumvE%2F0.jpg\" alt=\"FAJERWERKI XT1072-3 25S 1,2&amp;#039;&amp;#039; BATERIA DZIENNA \u017b&Oacute;\u0141TA T1 TRIPLEX FIREWORKS\" width=\"640\" height=\"340\" \/><br \/>Bekijk deze video op YouTube<\/a><\/noscript><meta itemprop=\"description\" content=\"Zobacz wi\u0119cej na naszej stronie: https:\/\/tinyurl.com\/5nj5756x Zapraszamy do kontaktu z naszym dzia\u0142em handlowym: \ud83d\udce7 E-mail: triplex@triplex.pl \u260e\ufe0f Tel.: +48 71 355 72 52 \ud83d\udcf1 Tel. Kom.: +48 571 223 592 i +48 571 223 593 \ud83d\udd25 Subskrybujcie nasz kana\u0142, aby by\u0107 na bie\u017c\u0105co z naszymi najnowszymi produktami i nie przegapi\u0107 \u017cadnych spektakularnych pokaz\u00f3w. #OdpalEmocje #TriplexFireworks #SeriaProfi Strona: https:\/\/triplex.pl Facebook: https:\/\/www.facebook.com\/TriplexFajerwerki Instagram: https:\/\/www.instagram.com\/triplexfireworks\/ YouTube: https:\/\/www.youtube.com\/@TriplexFajerwerki\"><\/div><\/div><div class=\"lL\" style=\"max-width:100%;width:640px;margin:5px;\"><\/div><\/p>\n","protected":false},"excerpt":{"rendered":"<p>FAJERWERKI XT1072-3 25S 1,2&#039;&#039; BATERIA DZIENNA \u017b\u00d3\u0141TA T1 TRIPLEX FIREWORKSBekijk deze video op YouTube<\/p>\n","protected":false},"featured_media":21538,"template":"","meta":{"_acf_changed":false},"product_brand":[],"product_cat":[1636,1643],"product_tag":[],"class_list":{"0":"post-21536","1":"product","2":"type-product","3":"status-publish","4":"has-post-thumbnail","6":"product_cat-cake-500gram","7":"product_cat-knalvuurwerk","8":"pa_brand-triplex-nl","9":"pa_caliber-25-mm","11":"first","12":"instock","13":"taxable","14":"shipping-taxable","15":"product-type-simple"},"acf":[],"yoast_head":"<!-- This site is optimized with the Yoast SEO plugin v26.2 - https:\/\/yoast.com\/wordpress\/plugins\/seo\/ -->\n<title>Triplex Vuurwerk XT1072-3 Salute Yellow - Pyro Depot<\/title>\n<meta name=\"description\" content=\"Triplex Vuurwerk XT1072-3 Salute Yellow\" \/>\n<meta name=\"robots\" content=\"index, follow, max-snippet:-1, max-image-preview:large, max-video-preview:-1\" \/>\n<link rel=\"canonical\" href=\"https:\/\/pyro-depot.de\/nl\/product\/triplex-vuurwerk-xt1072-3-salute-yellow\/\" \/>\n<meta property=\"og:locale\" content=\"nl_NL\" \/>\n<meta property=\"og:type\" content=\"article\" \/>\n<meta property=\"og:title\" content=\"Triplex Vuurwerk XT1072-3 Salute Yellow - Pyro Depot\" \/>\n<meta property=\"og:description\" content=\"Triplex Vuurwerk XT1072-3 Salute Yellow\" \/>\n<meta property=\"og:url\" content=\"https:\/\/pyro-depot.de\/nl\/product\/triplex-vuurwerk-xt1072-3-salute-yellow\/\" \/>\n<meta property=\"og:site_name\" content=\"Pyro Depot\" \/>\n<meta property=\"article:modified_time\" content=\"2025-12-24T14:13:03+00:00\" \/>\n<meta property=\"og:image\" content=\"https:\/\/pyro-depot.de\/wp-content\/uploads\/2024\/12\/triplex-vuurwerk-xt1072-3-day-cake-yellow.webp\" \/>\n\t<meta property=\"og:image:width\" content=\"1652\" \/>\n\t<meta property=\"og:image:height\" content=\"1652\" \/>\n\t<meta property=\"og:image:type\" content=\"image\/webp\" \/>\n<meta name=\"twitter:card\" content=\"summary_large_image\" \/>\n<meta name=\"twitter:label1\" content=\"Geschatte leestijd\" \/>\n\t<meta name=\"twitter:data1\" content=\"1 minuut\" \/>\n<script type=\"application\/ld+json\" class=\"yoast-schema-graph\">{\"@context\":\"https:\/\/schema.org\",\"@graph\":[{\"@type\":\"WebPage\",\"@id\":\"https:\/\/pyro-depot.de\/nl\/product\/triplex-vuurwerk-xt1072-3-salute-yellow\/\",\"url\":\"https:\/\/pyro-depot.de\/nl\/product\/triplex-vuurwerk-xt1072-3-salute-yellow\/\",\"name\":\"Triplex Vuurwerk XT1072-3 Salute Yellow - Pyro Depot\",\"isPartOf\":{\"@id\":\"https:\/\/pyro-depot.de\/nl\/#website\"},\"primaryImageOfPage\":{\"@id\":\"https:\/\/pyro-depot.de\/nl\/product\/triplex-vuurwerk-xt1072-3-salute-yellow\/#primaryimage\"},\"image\":{\"@id\":\"https:\/\/pyro-depot.de\/nl\/product\/triplex-vuurwerk-xt1072-3-salute-yellow\/#primaryimage\"},\"thumbnailUrl\":\"https:\/\/pyro-depot.de\/wp-content\/uploads\/2024\/12\/triplex-vuurwerk-xt1072-3-day-cake-yellow.webp\",\"datePublished\":\"2024-12-05T10:56:17+00:00\",\"dateModified\":\"2025-12-24T14:13:03+00:00\",\"description\":\"Triplex Vuurwerk XT1072-3 Salute Yellow\",\"breadcrumb\":{\"@id\":\"https:\/\/pyro-depot.de\/nl\/product\/triplex-vuurwerk-xt1072-3-salute-yellow\/#breadcrumb\"},\"inLanguage\":\"nl-NL\",\"potentialAction\":[{\"@type\":\"ReadAction\",\"target\":[\"https:\/\/pyro-depot.de\/nl\/product\/triplex-vuurwerk-xt1072-3-salute-yellow\/\"]}]},{\"@type\":\"ImageObject\",\"inLanguage\":\"nl-NL\",\"@id\":\"https:\/\/pyro-depot.de\/nl\/product\/triplex-vuurwerk-xt1072-3-salute-yellow\/#primaryimage\",\"url\":\"https:\/\/pyro-depot.de\/wp-content\/uploads\/2024\/12\/triplex-vuurwerk-xt1072-3-day-cake-yellow.webp\",\"contentUrl\":\"https:\/\/pyro-depot.de\/wp-content\/uploads\/2024\/12\/triplex-vuurwerk-xt1072-3-day-cake-yellow.webp\",\"width\":1652,\"height\":1652},{\"@type\":\"BreadcrumbList\",\"@id\":\"https:\/\/pyro-depot.de\/nl\/product\/triplex-vuurwerk-xt1072-3-salute-yellow\/#breadcrumb\",\"itemListElement\":[{\"@type\":\"ListItem\",\"position\":1,\"name\":\"Home\",\"item\":\"https:\/\/pyro-depot.de\/nl\/\"},{\"@type\":\"ListItem\",\"position\":2,\"name\":\"Winkel\",\"item\":\"https:\/\/new.pyro-depot.de\/nl\/winkel\/\"},{\"@type\":\"ListItem\",\"position\":3,\"name\":\"Triplex Vuurwerk XT1072-3 Salute Yellow\"}]},{\"@type\":\"WebSite\",\"@id\":\"https:\/\/pyro-depot.de\/nl\/#website\",\"url\":\"https:\/\/pyro-depot.de\/nl\/\",\"name\":\"Pyro Depot\",\"description\":\"Feuerwerk vom Profi\",\"publisher\":{\"@id\":\"https:\/\/pyro-depot.de\/nl\/#organization\"},\"potentialAction\":[{\"@type\":\"SearchAction\",\"target\":{\"@type\":\"EntryPoint\",\"urlTemplate\":\"https:\/\/pyro-depot.de\/nl\/?s={search_term_string}\"},\"query-input\":{\"@type\":\"PropertyValueSpecification\",\"valueRequired\":true,\"valueName\":\"search_term_string\"}}],\"inLanguage\":\"nl-NL\"},{\"@type\":\"Organization\",\"@id\":\"https:\/\/pyro-depot.de\/nl\/#organization\",\"name\":\"Pyro Depot\",\"url\":\"https:\/\/pyro-depot.de\/nl\/\",\"logo\":{\"@type\":\"ImageObject\",\"inLanguage\":\"nl-NL\",\"@id\":\"https:\/\/pyro-depot.de\/nl\/#\/schema\/logo\/image\/\",\"url\":\"https:\/\/pyro-depot.de\/wp-content\/uploads\/2024\/10\/cropped-cropped-logo-pyro-elgato.png\",\"contentUrl\":\"https:\/\/pyro-depot.de\/wp-content\/uploads\/2024\/10\/cropped-cropped-logo-pyro-elgato.png\",\"width\":457,\"height\":292,\"caption\":\"Pyro Depot\"},\"image\":{\"@id\":\"https:\/\/pyro-depot.de\/nl\/#\/schema\/logo\/image\/\"}}]}<\/script>\n<!-- \/ Yoast SEO plugin. -->","yoast_head_json":{"title":"Triplex Vuurwerk XT1072-3 Salute Yellow - Pyro Depot","description":"Triplex Vuurwerk XT1072-3 Salute Yellow","robots":{"index":"index","follow":"follow","max-snippet":"max-snippet:-1","max-image-preview":"max-image-preview:large","max-video-preview":"max-video-preview:-1"},"canonical":"https:\/\/pyro-depot.de\/nl\/product\/triplex-vuurwerk-xt1072-3-salute-yellow\/","og_locale":"nl_NL","og_type":"article","og_title":"Triplex Vuurwerk XT1072-3 Salute Yellow - Pyro Depot","og_description":"Triplex Vuurwerk XT1072-3 Salute Yellow","og_url":"https:\/\/pyro-depot.de\/nl\/product\/triplex-vuurwerk-xt1072-3-salute-yellow\/","og_site_name":"Pyro Depot","article_modified_time":"2025-12-24T14:13:03+00:00","og_image":[{"width":1652,"height":1652,"url":"https:\/\/pyro-depot.de\/wp-content\/uploads\/2024\/12\/triplex-vuurwerk-xt1072-3-day-cake-yellow.webp","type":"image\/webp"}],"twitter_card":"summary_large_image","twitter_misc":{"Geschatte leestijd":"1 minuut"},"schema":{"@context":"https:\/\/schema.org","@graph":[{"@type":"WebPage","@id":"https:\/\/pyro-depot.de\/nl\/product\/triplex-vuurwerk-xt1072-3-salute-yellow\/","url":"https:\/\/pyro-depot.de\/nl\/product\/triplex-vuurwerk-xt1072-3-salute-yellow\/","name":"Triplex Vuurwerk XT1072-3 Salute Yellow - Pyro Depot","isPartOf":{"@id":"https:\/\/pyro-depot.de\/nl\/#website"},"primaryImageOfPage":{"@id":"https:\/\/pyro-depot.de\/nl\/product\/triplex-vuurwerk-xt1072-3-salute-yellow\/#primaryimage"},"image":{"@id":"https:\/\/pyro-depot.de\/nl\/product\/triplex-vuurwerk-xt1072-3-salute-yellow\/#primaryimage"},"thumbnailUrl":"https:\/\/pyro-depot.de\/wp-content\/uploads\/2024\/12\/triplex-vuurwerk-xt1072-3-day-cake-yellow.webp","datePublished":"2024-12-05T10:56:17+00:00","dateModified":"2025-12-24T14:13:03+00:00","description":"Triplex Vuurwerk XT1072-3 Salute Yellow","breadcrumb":{"@id":"https:\/\/pyro-depot.de\/nl\/product\/triplex-vuurwerk-xt1072-3-salute-yellow\/#breadcrumb"},"inLanguage":"nl-NL","potentialAction":[{"@type":"ReadAction","target":["https:\/\/pyro-depot.de\/nl\/product\/triplex-vuurwerk-xt1072-3-salute-yellow\/"]}]},{"@type":"ImageObject","inLanguage":"nl-NL","@id":"https:\/\/pyro-depot.de\/nl\/product\/triplex-vuurwerk-xt1072-3-salute-yellow\/#primaryimage","url":"https:\/\/pyro-depot.de\/wp-content\/uploads\/2024\/12\/triplex-vuurwerk-xt1072-3-day-cake-yellow.webp","contentUrl":"https:\/\/pyro-depot.de\/wp-content\/uploads\/2024\/12\/triplex-vuurwerk-xt1072-3-day-cake-yellow.webp","width":1652,"height":1652},{"@type":"BreadcrumbList","@id":"https:\/\/pyro-depot.de\/nl\/product\/triplex-vuurwerk-xt1072-3-salute-yellow\/#breadcrumb","itemListElement":[{"@type":"ListItem","position":1,"name":"Home","item":"https:\/\/pyro-depot.de\/nl\/"},{"@type":"ListItem","position":2,"name":"Winkel","item":"https:\/\/new.pyro-depot.de\/nl\/winkel\/"},{"@type":"ListItem","position":3,"name":"Triplex Vuurwerk XT1072-3 Salute Yellow"}]},{"@type":"WebSite","@id":"https:\/\/pyro-depot.de\/nl\/#website","url":"https:\/\/pyro-depot.de\/nl\/","name":"Pyro Depot","description":"Feuerwerk vom Profi","publisher":{"@id":"https:\/\/pyro-depot.de\/nl\/#organization"},"potentialAction":[{"@type":"SearchAction","target":{"@type":"EntryPoint","urlTemplate":"https:\/\/pyro-depot.de\/nl\/?s={search_term_string}"},"query-input":{"@type":"PropertyValueSpecification","valueRequired":true,"valueName":"search_term_string"}}],"inLanguage":"nl-NL"},{"@type":"Organization","@id":"https:\/\/pyro-depot.de\/nl\/#organization","name":"Pyro Depot","url":"https:\/\/pyro-depot.de\/nl\/","logo":{"@type":"ImageObject","inLanguage":"nl-NL","@id":"https:\/\/pyro-depot.de\/nl\/#\/schema\/logo\/image\/","url":"https:\/\/pyro-depot.de\/wp-content\/uploads\/2024\/10\/cropped-cropped-logo-pyro-elgato.png","contentUrl":"https:\/\/pyro-depot.de\/wp-content\/uploads\/2024\/10\/cropped-cropped-logo-pyro-elgato.png","width":457,"height":292,"caption":"Pyro Depot"},"image":{"@id":"https:\/\/pyro-depot.de\/nl\/#\/schema\/logo\/image\/"}}]}},"_links":{"self":[{"href":"https:\/\/pyro-depot.de\/nl\/wp-json\/wp\/v2\/product\/21536","targetHints":{"allow":["GET"]}}],"collection":[{"href":"https:\/\/pyro-depot.de\/nl\/wp-json\/wp\/v2\/product"}],"about":[{"href":"https:\/\/pyro-depot.de\/nl\/wp-json\/wp\/v2\/types\/product"}],"wp:featuredmedia":[{"embeddable":true,"href":"https:\/\/pyro-depot.de\/nl\/wp-json\/wp\/v2\/media\/21538"}],"wp:attachment":[{"href":"https:\/\/pyro-depot.de\/nl\/wp-json\/wp\/v2\/media?parent=21536"}],"wp:term":[{"taxonomy":"product_brand","embeddable":true,"href":"https:\/\/pyro-depot.de\/nl\/wp-json\/wp\/v2\/product_brand?post=21536"},{"taxonomy":"product_cat","embeddable":true,"href":"https:\/\/pyro-depot.de\/nl\/wp-json\/wp\/v2\/product_cat?post=21536"},{"taxonomy":"product_tag","embeddable":true,"href":"https:\/\/pyro-depot.de\/nl\/wp-json\/wp\/v2\/product_tag?post=21536"}],"curies":[{"name":"wp","href":"https:\/\/api.w.org\/{rel}","templated":true}]}}