	{"id":22262,"date":"2025-09-12T16:08:38","date_gmt":"2025-09-12T14:08:38","guid":{"rendered":"https:\/\/pyro-depot.de\/product\/funke-whistling-waterfalls\/"},"modified":"2025-12-25T11:09:47","modified_gmt":"2025-12-25T09:09:47","slug":"funke-whistling-waterfalls","status":"publish","type":"product","link":"https:\/\/pyro-depot.de\/nl\/product\/funke-whistling-waterfalls\/","title":{"rendered":"Funke Whistling Waterfalls"},"content":{"rendered":"<div class=\"lyte-wrapper\" title=\"&amp;quot;Whistling Waterfalls&amp;quot; - Rapid Ghost Whistles to brocade + strobe horsetails [Batch 2024]\" style=\"width:640px;max-width:100%;margin:5px;\"><div class=\"lyMe qsa_\\&amp;enablejsapi\\=1\\&amp;origin\\=https:\/\/pyro-depot.de\" id=\"WYL_CIxWiISGtow\" itemprop=\"video\" itemscope itemtype=\"https:\/\/schema.org\/VideoObject\"><div><meta itemprop=\"thumbnailUrl\" content=\"https:\/\/pyro-depot.de\/wp-content\/plugins\/wp-youtube-lyte\/lyteCache.php?origThumbUrl=https%3A%2F%2Fi.ytimg.com%2Fvi%2FCIxWiISGtow%2Fhqdefault.jpg\" \/><meta itemprop=\"embedURL\" content=\"https:\/\/www.youtube.com\/embed\/CIxWiISGtow\" \/><meta itemprop=\"duration\" content=\"PT1M6S\" \/><meta itemprop=\"uploadDate\" content=\"2025-02-24T17:00:13Z\" \/><\/div><div id=\"lyte_CIxWiISGtow\" data-src=\"https:\/\/pyro-depot.de\/wp-content\/plugins\/wp-youtube-lyte\/lyteCache.php?origThumbUrl=https%3A%2F%2Fi.ytimg.com%2Fvi%2FCIxWiISGtow%2Fhqdefault.jpg\" class=\"pL\"><div class=\"tC\"><div class=\"tT\" itemprop=\"name\">&quot;Whistling Waterfalls&quot; - Rapid Ghost Whistles to brocade + strobe horsetails [Batch 2024]<\/div><\/div><div class=\"play\"><\/div><div class=\"ctrl\"><div class=\"Lctrl\"><\/div><div class=\"Rctrl\"><\/div><\/div><\/div><noscript><a href=\"https:\/\/youtu.be\/CIxWiISGtow\" rel=\"nofollow\"><img decoding=\"async\" src=\"https:\/\/pyro-depot.de\/wp-content\/plugins\/wp-youtube-lyte\/lyteCache.php?origThumbUrl=https%3A%2F%2Fi.ytimg.com%2Fvi%2FCIxWiISGtow%2F0.jpg\" alt=\"&amp;quot;Whistling Waterfalls&amp;quot; - Rapid Ghost Whistles to brocade + strobe horsetails [Batch 2024]\" width=\"640\" height=\"340\" \/><br \/>Bekijk deze video op YouTube<\/a><\/noscript><meta itemprop=\"description\" content=\"DE: FC25-25-18 25 Schuss Batterie &quot;whistling waterfalls&quot;, Kal. 25mm, ca. 2,5 Sekunden, 450g NEM, CE Kategorie F2, ADR 1.4, Packing 6\/1 Schnell geschossene Tieftonheuler mit Silberschweif zu Brokat-Wasserf\u00e4llen mit wei\u00dfen Blinkspitzen. Konzipiert f\u00fcr Shows, mit der Idee, einen besonderen Akzent im Feuerwerk zu setzen - kurz, aber intensiv. Urspr\u00fcnglich sollten die Wasserf\u00e4lle deutlich l\u00e4nger brennen, das Problem ist jedoch, dass in die recht kleinen H\u00fclsen der Bombetten (nur ca. 18mm Innendurchmesser) nur 6-7mm Sterne Passen, wodurch die M\u00f6glichkeiten bei der Brenndauer relativ beschr\u00e4nkt sind. Ich wollte dann stattdessen lieber nur 2 sehr gro\u00dfe Sterne pro Bombette f\u00fcllen, aber das war die Fabrik nicht in der Lage umzusetzen. Vielleicht schaffe ich es ja bei einer zuk\u00fcnftigen Charge noch. Die Tieftonheuler sind \u00fcbrigens, wie bei allen unseren neuen Tiefton-Heuler-Batterien, auch hier bereits aus Kraftpapier statt Plastik. EN: FC25-25-18 25 shots cake &quot;whistling waterfalls&quot;, cal. 25mm, ca. 2,5 seconds, 450g NEC, CE certified, category F2, ADR 1.4, Packing 6\/1 Rapidly fired silver ghost whistle tails to Brocade crown horsetail change to white strobe tips. Designed for shows, with the idea of \u200b\u200badding a special accent to the fireworks - short but intense. Originally, the waterfalls were supposed to burn for much longer, but the problem is that only 6-7mm stars fit into the relatively small tubes of the bombettes (only about 18mm inner diameter), which means that the options for the burn time are relatively limited. Instead, I wanted to fill only 2 very large stars per bombette, but the factory was unable to do that. Maybe I can manage it with a future batch. The ghost whistles are, by the way, made of kraft paper instead of plastic, as with all of our new ghost whistle batteries.\"><\/div><\/div><div class=\"lL\" style=\"max-width:100%;width:640px;margin:5px;\"><\/div><\/p>\n","protected":false},"excerpt":{"rendered":"<p>&quot;Whistling Waterfalls&quot; &#8211; Rapid Ghost Whistles to brocade + strobe horsetails [Batch 2024]Bekijk deze video op YouTube<\/p>\n","protected":false},"featured_media":22351,"template":"","meta":{"_acf_changed":false},"product_brand":[],"product_cat":[1636],"product_tag":[],"class_list":{"0":"post-22262","1":"product","2":"type-product","3":"status-publish","4":"has-post-thumbnail","6":"product_cat-cake-500gram","7":"pa_brand-funke","8":"pa_weight-35kg","10":"first","11":"instock","12":"taxable","13":"shipping-taxable","14":"product-type-simple"},"acf":[],"yoast_head":"<!-- This site is optimized with the Yoast SEO plugin v26.2 - https:\/\/yoast.com\/wordpress\/plugins\/seo\/ -->\n<title>Funke Whistling Waterfalls - Pyro Depot<\/title>\n<meta name=\"description\" content=\"Funke Whistling Waterfalls\" \/>\n<meta name=\"robots\" content=\"index, follow, max-snippet:-1, max-image-preview:large, max-video-preview:-1\" \/>\n<link rel=\"canonical\" href=\"https:\/\/pyro-depot.de\/nl\/product\/funke-whistling-waterfalls\/\" \/>\n<meta property=\"og:locale\" content=\"nl_NL\" \/>\n<meta property=\"og:type\" content=\"article\" \/>\n<meta property=\"og:title\" content=\"Funke Whistling Waterfalls - Pyro Depot\" \/>\n<meta property=\"og:description\" content=\"Funke Whistling Waterfalls\" \/>\n<meta property=\"og:url\" content=\"https:\/\/pyro-depot.de\/nl\/product\/funke-whistling-waterfalls\/\" \/>\n<meta property=\"og:site_name\" content=\"Pyro Depot\" \/>\n<meta property=\"article:modified_time\" content=\"2025-12-25T09:09:47+00:00\" \/>\n<meta property=\"og:image\" content=\"https:\/\/pyro-depot.de\/wp-content\/uploads\/2025\/09\/FC25-25-18-Whistling-Waterfalls-550x550w-375x375-Photoroom.png\" \/>\n\t<meta property=\"og:image:width\" content=\"375\" \/>\n\t<meta property=\"og:image:height\" content=\"375\" \/>\n\t<meta property=\"og:image:type\" content=\"image\/png\" \/>\n<meta name=\"twitter:card\" content=\"summary_large_image\" \/>\n<script type=\"application\/ld+json\" class=\"yoast-schema-graph\">{\"@context\":\"https:\/\/schema.org\",\"@graph\":[{\"@type\":\"WebPage\",\"@id\":\"https:\/\/pyro-depot.de\/nl\/product\/funke-whistling-waterfalls\/\",\"url\":\"https:\/\/pyro-depot.de\/nl\/product\/funke-whistling-waterfalls\/\",\"name\":\"Funke Whistling Waterfalls - Pyro Depot\",\"isPartOf\":{\"@id\":\"https:\/\/pyro-depot.de\/nl\/#website\"},\"primaryImageOfPage\":{\"@id\":\"https:\/\/pyro-depot.de\/nl\/product\/funke-whistling-waterfalls\/#primaryimage\"},\"image\":{\"@id\":\"https:\/\/pyro-depot.de\/nl\/product\/funke-whistling-waterfalls\/#primaryimage\"},\"thumbnailUrl\":\"https:\/\/pyro-depot.de\/wp-content\/uploads\/2025\/09\/FC25-25-18-Whistling-Waterfalls-550x550w-375x375-Photoroom.png\",\"datePublished\":\"2025-09-12T14:08:38+00:00\",\"dateModified\":\"2025-12-25T09:09:47+00:00\",\"description\":\"Funke Whistling Waterfalls\",\"breadcrumb\":{\"@id\":\"https:\/\/pyro-depot.de\/nl\/product\/funke-whistling-waterfalls\/#breadcrumb\"},\"inLanguage\":\"nl-NL\",\"potentialAction\":[{\"@type\":\"ReadAction\",\"target\":[\"https:\/\/pyro-depot.de\/nl\/product\/funke-whistling-waterfalls\/\"]}]},{\"@type\":\"ImageObject\",\"inLanguage\":\"nl-NL\",\"@id\":\"https:\/\/pyro-depot.de\/nl\/product\/funke-whistling-waterfalls\/#primaryimage\",\"url\":\"https:\/\/pyro-depot.de\/wp-content\/uploads\/2025\/09\/FC25-25-18-Whistling-Waterfalls-550x550w-375x375-Photoroom.png\",\"contentUrl\":\"https:\/\/pyro-depot.de\/wp-content\/uploads\/2025\/09\/FC25-25-18-Whistling-Waterfalls-550x550w-375x375-Photoroom.png\",\"width\":375,\"height\":375},{\"@type\":\"BreadcrumbList\",\"@id\":\"https:\/\/pyro-depot.de\/nl\/product\/funke-whistling-waterfalls\/#breadcrumb\",\"itemListElement\":[{\"@type\":\"ListItem\",\"position\":1,\"name\":\"Home\",\"item\":\"https:\/\/pyro-depot.de\/nl\/\"},{\"@type\":\"ListItem\",\"position\":2,\"name\":\"Winkel\",\"item\":\"https:\/\/new.pyro-depot.de\/nl\/winkel\/\"},{\"@type\":\"ListItem\",\"position\":3,\"name\":\"Funke Whistling Waterfalls\"}]},{\"@type\":\"WebSite\",\"@id\":\"https:\/\/pyro-depot.de\/nl\/#website\",\"url\":\"https:\/\/pyro-depot.de\/nl\/\",\"name\":\"Pyro Depot\",\"description\":\"Feuerwerk vom Profi\",\"publisher\":{\"@id\":\"https:\/\/pyro-depot.de\/nl\/#organization\"},\"potentialAction\":[{\"@type\":\"SearchAction\",\"target\":{\"@type\":\"EntryPoint\",\"urlTemplate\":\"https:\/\/pyro-depot.de\/nl\/?s={search_term_string}\"},\"query-input\":{\"@type\":\"PropertyValueSpecification\",\"valueRequired\":true,\"valueName\":\"search_term_string\"}}],\"inLanguage\":\"nl-NL\"},{\"@type\":\"Organization\",\"@id\":\"https:\/\/pyro-depot.de\/nl\/#organization\",\"name\":\"Pyro Depot\",\"url\":\"https:\/\/pyro-depot.de\/nl\/\",\"logo\":{\"@type\":\"ImageObject\",\"inLanguage\":\"nl-NL\",\"@id\":\"https:\/\/pyro-depot.de\/nl\/#\/schema\/logo\/image\/\",\"url\":\"https:\/\/pyro-depot.de\/wp-content\/uploads\/2024\/10\/cropped-cropped-logo-pyro-elgato.png\",\"contentUrl\":\"https:\/\/pyro-depot.de\/wp-content\/uploads\/2024\/10\/cropped-cropped-logo-pyro-elgato.png\",\"width\":457,\"height\":292,\"caption\":\"Pyro Depot\"},\"image\":{\"@id\":\"https:\/\/pyro-depot.de\/nl\/#\/schema\/logo\/image\/\"}}]}<\/script>\n<!-- \/ Yoast SEO plugin. -->","yoast_head_json":{"title":"Funke Whistling Waterfalls - Pyro Depot","description":"Funke Whistling Waterfalls","robots":{"index":"index","follow":"follow","max-snippet":"max-snippet:-1","max-image-preview":"max-image-preview:large","max-video-preview":"max-video-preview:-1"},"canonical":"https:\/\/pyro-depot.de\/nl\/product\/funke-whistling-waterfalls\/","og_locale":"nl_NL","og_type":"article","og_title":"Funke Whistling Waterfalls - Pyro Depot","og_description":"Funke Whistling Waterfalls","og_url":"https:\/\/pyro-depot.de\/nl\/product\/funke-whistling-waterfalls\/","og_site_name":"Pyro Depot","article_modified_time":"2025-12-25T09:09:47+00:00","og_image":[{"width":375,"height":375,"url":"https:\/\/pyro-depot.de\/wp-content\/uploads\/2025\/09\/FC25-25-18-Whistling-Waterfalls-550x550w-375x375-Photoroom.png","type":"image\/png"}],"twitter_card":"summary_large_image","schema":{"@context":"https:\/\/schema.org","@graph":[{"@type":"WebPage","@id":"https:\/\/pyro-depot.de\/nl\/product\/funke-whistling-waterfalls\/","url":"https:\/\/pyro-depot.de\/nl\/product\/funke-whistling-waterfalls\/","name":"Funke Whistling Waterfalls - Pyro Depot","isPartOf":{"@id":"https:\/\/pyro-depot.de\/nl\/#website"},"primaryImageOfPage":{"@id":"https:\/\/pyro-depot.de\/nl\/product\/funke-whistling-waterfalls\/#primaryimage"},"image":{"@id":"https:\/\/pyro-depot.de\/nl\/product\/funke-whistling-waterfalls\/#primaryimage"},"thumbnailUrl":"https:\/\/pyro-depot.de\/wp-content\/uploads\/2025\/09\/FC25-25-18-Whistling-Waterfalls-550x550w-375x375-Photoroom.png","datePublished":"2025-09-12T14:08:38+00:00","dateModified":"2025-12-25T09:09:47+00:00","description":"Funke Whistling Waterfalls","breadcrumb":{"@id":"https:\/\/pyro-depot.de\/nl\/product\/funke-whistling-waterfalls\/#breadcrumb"},"inLanguage":"nl-NL","potentialAction":[{"@type":"ReadAction","target":["https:\/\/pyro-depot.de\/nl\/product\/funke-whistling-waterfalls\/"]}]},{"@type":"ImageObject","inLanguage":"nl-NL","@id":"https:\/\/pyro-depot.de\/nl\/product\/funke-whistling-waterfalls\/#primaryimage","url":"https:\/\/pyro-depot.de\/wp-content\/uploads\/2025\/09\/FC25-25-18-Whistling-Waterfalls-550x550w-375x375-Photoroom.png","contentUrl":"https:\/\/pyro-depot.de\/wp-content\/uploads\/2025\/09\/FC25-25-18-Whistling-Waterfalls-550x550w-375x375-Photoroom.png","width":375,"height":375},{"@type":"BreadcrumbList","@id":"https:\/\/pyro-depot.de\/nl\/product\/funke-whistling-waterfalls\/#breadcrumb","itemListElement":[{"@type":"ListItem","position":1,"name":"Home","item":"https:\/\/pyro-depot.de\/nl\/"},{"@type":"ListItem","position":2,"name":"Winkel","item":"https:\/\/new.pyro-depot.de\/nl\/winkel\/"},{"@type":"ListItem","position":3,"name":"Funke Whistling Waterfalls"}]},{"@type":"WebSite","@id":"https:\/\/pyro-depot.de\/nl\/#website","url":"https:\/\/pyro-depot.de\/nl\/","name":"Pyro Depot","description":"Feuerwerk vom Profi","publisher":{"@id":"https:\/\/pyro-depot.de\/nl\/#organization"},"potentialAction":[{"@type":"SearchAction","target":{"@type":"EntryPoint","urlTemplate":"https:\/\/pyro-depot.de\/nl\/?s={search_term_string}"},"query-input":{"@type":"PropertyValueSpecification","valueRequired":true,"valueName":"search_term_string"}}],"inLanguage":"nl-NL"},{"@type":"Organization","@id":"https:\/\/pyro-depot.de\/nl\/#organization","name":"Pyro Depot","url":"https:\/\/pyro-depot.de\/nl\/","logo":{"@type":"ImageObject","inLanguage":"nl-NL","@id":"https:\/\/pyro-depot.de\/nl\/#\/schema\/logo\/image\/","url":"https:\/\/pyro-depot.de\/wp-content\/uploads\/2024\/10\/cropped-cropped-logo-pyro-elgato.png","contentUrl":"https:\/\/pyro-depot.de\/wp-content\/uploads\/2024\/10\/cropped-cropped-logo-pyro-elgato.png","width":457,"height":292,"caption":"Pyro Depot"},"image":{"@id":"https:\/\/pyro-depot.de\/nl\/#\/schema\/logo\/image\/"}}]}},"_links":{"self":[{"href":"https:\/\/pyro-depot.de\/nl\/wp-json\/wp\/v2\/product\/22262","targetHints":{"allow":["GET"]}}],"collection":[{"href":"https:\/\/pyro-depot.de\/nl\/wp-json\/wp\/v2\/product"}],"about":[{"href":"https:\/\/pyro-depot.de\/nl\/wp-json\/wp\/v2\/types\/product"}],"wp:featuredmedia":[{"embeddable":true,"href":"https:\/\/pyro-depot.de\/nl\/wp-json\/wp\/v2\/media\/22351"}],"wp:attachment":[{"href":"https:\/\/pyro-depot.de\/nl\/wp-json\/wp\/v2\/media?parent=22262"}],"wp:term":[{"taxonomy":"product_brand","embeddable":true,"href":"https:\/\/pyro-depot.de\/nl\/wp-json\/wp\/v2\/product_brand?post=22262"},{"taxonomy":"product_cat","embeddable":true,"href":"https:\/\/pyro-depot.de\/nl\/wp-json\/wp\/v2\/product_cat?post=22262"},{"taxonomy":"product_tag","embeddable":true,"href":"https:\/\/pyro-depot.de\/nl\/wp-json\/wp\/v2\/product_tag?post=22262"}],"curies":[{"name":"wp","href":"https:\/\/api.w.org\/{rel}","templated":true}]}}