	{"id":84885,"date":"2025-09-12T15:29:56","date_gmt":"2025-09-12T13:29:56","guid":{"rendered":"https:\/\/pyro-depot.de\/product\/parranda-gigantaaah-600sh-compounds-batch25\/"},"modified":"2025-12-26T16:26:17","modified_gmt":"2025-12-26T14:26:17","slug":"parranda-gigantaaah-600sh-compounds-batch25","status":"publish","type":"product","link":"https:\/\/pyro-depot.de\/nl\/product\/parranda-gigantaaah-600sh-compounds-batch25\/","title":{"rendered":"Parranda Gigantaaah 600sh compounds (batch25)"},"content":{"rendered":"<div class=\"lyte-wrapper\" title=\"Parranda Gigantaaah! 600 shots compounds (batch25)\" style=\"width:640px;max-width:100%;margin:5px;\"><div class=\"lyMe qsa_\\&amp;enablejsapi\\=1\\&amp;origin\\=https:\/\/pyro-depot.de\" id=\"WYL_-evgCH78QyU\" itemprop=\"video\" itemscope itemtype=\"https:\/\/schema.org\/VideoObject\"><div><meta itemprop=\"thumbnailUrl\" content=\"https:\/\/pyro-depot.de\/wp-content\/plugins\/wp-youtube-lyte\/lyteCache.php?origThumbUrl=https%3A%2F%2Fi.ytimg.com%2Fvi%2F-evgCH78QyU%2Fhqdefault.jpg\" \/><meta itemprop=\"embedURL\" content=\"https:\/\/www.youtube.com\/embed\/-evgCH78QyU\" \/><meta itemprop=\"duration\" content=\"PT3M11S\" \/><meta itemprop=\"uploadDate\" content=\"2025-09-12T11:59:26Z\" \/><\/div><div id=\"lyte_-evgCH78QyU\" data-src=\"https:\/\/pyro-depot.de\/wp-content\/plugins\/wp-youtube-lyte\/lyteCache.php?origThumbUrl=https%3A%2F%2Fi.ytimg.com%2Fvi%2F-evgCH78QyU%2Fhqdefault.jpg\" class=\"pL\"><div class=\"tC\"><div class=\"tT\" itemprop=\"name\">Parranda Gigantaaah! 600 shots compounds (batch25)<\/div><\/div><div class=\"play\"><\/div><div class=\"ctrl\"><div class=\"Lctrl\"><\/div><div class=\"Rctrl\"><\/div><\/div><\/div><noscript><a href=\"https:\/\/youtu.be\/-evgCH78QyU\" rel=\"nofollow\"><img decoding=\"async\" src=\"https:\/\/pyro-depot.de\/wp-content\/plugins\/wp-youtube-lyte\/lyteCache.php?origThumbUrl=https%3A%2F%2Fi.ytimg.com%2Fvi%2F-evgCH78QyU%2F0.jpg\" alt=\"Parranda Gigantaaah! 600 shots compounds (batch25)\" width=\"640\" height=\"340\" \/><br \/>Bekijk deze video op YouTube<\/a><\/noscript><meta itemprop=\"description\" content=\"600 shots compounds (2x300sh) 20mm 4kgNEM 25kg SF COF001 Gro\u00dfhandel von Feuerwerksk\u00f6rper www.pirotecniasterne.de (nur f\u00fcr H\u00e4ndler)\"><\/div><\/div><div class=\"lL\" style=\"max-width:100%;width:640px;margin:5px;\"><\/div><\/p>\n","protected":false},"excerpt":{"rendered":"<p>Parranda Gigantaaah! 600 shots compounds (batch25)Bekijk deze video op YouTube<\/p>\n","protected":false},"featured_media":22194,"template":"","meta":{"_acf_changed":false},"product_brand":[],"product_cat":[1637,1646],"product_tag":[],"class_list":{"0":"post-84885","1":"product","2":"type-product","3":"status-publish","4":"has-post-thumbnail","6":"product_cat-compoundcakeboxen","7":"product_cat-xxl-compound-cake-boxen","8":"pa_brand-el-gato-vuurwerk","9":"pa_caliber-20mm","10":"pa_nem-4kg","11":"pa_shots-600sh","12":"pa_weight-30kg","14":"first","15":"instock","16":"taxable","17":"shipping-taxable","18":"product-type-simple"},"acf":[],"yoast_head":"<!-- This site is optimized with the Yoast SEO plugin v26.2 - https:\/\/yoast.com\/wordpress\/plugins\/seo\/ -->\n<title>Parranda Gigantaaah 600sh compounds (batch25) - Pyro Depot<\/title>\n<meta name=\"description\" content=\"Parranda Gigantaaah 600sh compounds (batch25)\" \/>\n<meta name=\"robots\" content=\"index, follow, max-snippet:-1, max-image-preview:large, max-video-preview:-1\" \/>\n<link rel=\"canonical\" href=\"https:\/\/pyro-depot.de\/nl\/product\/parranda-gigantaaah-600sh-compounds-batch25\/\" \/>\n<meta property=\"og:locale\" content=\"nl_NL\" \/>\n<meta property=\"og:type\" content=\"article\" \/>\n<meta property=\"og:title\" content=\"Parranda Gigantaaah 600sh compounds (batch25) - Pyro Depot\" \/>\n<meta property=\"og:description\" content=\"Parranda Gigantaaah 600sh compounds (batch25)\" \/>\n<meta property=\"og:url\" content=\"https:\/\/pyro-depot.de\/nl\/product\/parranda-gigantaaah-600sh-compounds-batch25\/\" \/>\n<meta property=\"og:site_name\" content=\"Pyro Depot\" \/>\n<meta property=\"article:modified_time\" content=\"2025-12-26T14:26:17+00:00\" \/>\n<meta property=\"og:image\" content=\"https:\/\/pyro-depot.de\/wp-content\/uploads\/2025\/09\/SF.COF001-1024x403.png\" \/>\n\t<meta property=\"og:image:width\" content=\"1024\" \/>\n\t<meta property=\"og:image:height\" content=\"403\" \/>\n\t<meta property=\"og:image:type\" content=\"image\/png\" \/>\n<meta name=\"twitter:card\" content=\"summary_large_image\" \/>\n<meta name=\"twitter:label1\" content=\"Geschatte leestijd\" \/>\n\t<meta name=\"twitter:data1\" content=\"1 minuut\" \/>\n<script type=\"application\/ld+json\" class=\"yoast-schema-graph\">{\"@context\":\"https:\/\/schema.org\",\"@graph\":[{\"@type\":\"WebPage\",\"@id\":\"https:\/\/pyro-depot.de\/nl\/product\/parranda-gigantaaah-600sh-compounds-batch25\/\",\"url\":\"https:\/\/pyro-depot.de\/nl\/product\/parranda-gigantaaah-600sh-compounds-batch25\/\",\"name\":\"Parranda Gigantaaah 600sh compounds (batch25) - Pyro Depot\",\"isPartOf\":{\"@id\":\"https:\/\/pyro-depot.de\/nl\/#website\"},\"primaryImageOfPage\":{\"@id\":\"https:\/\/pyro-depot.de\/nl\/product\/parranda-gigantaaah-600sh-compounds-batch25\/#primaryimage\"},\"image\":{\"@id\":\"https:\/\/pyro-depot.de\/nl\/product\/parranda-gigantaaah-600sh-compounds-batch25\/#primaryimage\"},\"thumbnailUrl\":\"https:\/\/pyro-depot.de\/wp-content\/uploads\/2025\/09\/SF.COF001.png\",\"datePublished\":\"2025-09-12T13:29:56+00:00\",\"dateModified\":\"2025-12-26T14:26:17+00:00\",\"description\":\"Parranda Gigantaaah 600sh compounds (batch25)\",\"breadcrumb\":{\"@id\":\"https:\/\/pyro-depot.de\/nl\/product\/parranda-gigantaaah-600sh-compounds-batch25\/#breadcrumb\"},\"inLanguage\":\"nl-NL\",\"potentialAction\":[{\"@type\":\"ReadAction\",\"target\":[\"https:\/\/pyro-depot.de\/nl\/product\/parranda-gigantaaah-600sh-compounds-batch25\/\"]}]},{\"@type\":\"ImageObject\",\"inLanguage\":\"nl-NL\",\"@id\":\"https:\/\/pyro-depot.de\/nl\/product\/parranda-gigantaaah-600sh-compounds-batch25\/#primaryimage\",\"url\":\"https:\/\/pyro-depot.de\/wp-content\/uploads\/2025\/09\/SF.COF001.png\",\"contentUrl\":\"https:\/\/pyro-depot.de\/wp-content\/uploads\/2025\/09\/SF.COF001.png\",\"width\":3000,\"height\":1182},{\"@type\":\"BreadcrumbList\",\"@id\":\"https:\/\/pyro-depot.de\/nl\/product\/parranda-gigantaaah-600sh-compounds-batch25\/#breadcrumb\",\"itemListElement\":[{\"@type\":\"ListItem\",\"position\":1,\"name\":\"Home\",\"item\":\"https:\/\/pyro-depot.de\/nl\/\"},{\"@type\":\"ListItem\",\"position\":2,\"name\":\"Winkel\",\"item\":\"https:\/\/new.pyro-depot.de\/nl\/winkel\/\"},{\"@type\":\"ListItem\",\"position\":3,\"name\":\"Parranda Gigantaaah 600sh compounds (batch25)\"}]},{\"@type\":\"WebSite\",\"@id\":\"https:\/\/pyro-depot.de\/nl\/#website\",\"url\":\"https:\/\/pyro-depot.de\/nl\/\",\"name\":\"Pyro Depot\",\"description\":\"Feuerwerk vom Profi\",\"publisher\":{\"@id\":\"https:\/\/pyro-depot.de\/nl\/#organization\"},\"potentialAction\":[{\"@type\":\"SearchAction\",\"target\":{\"@type\":\"EntryPoint\",\"urlTemplate\":\"https:\/\/pyro-depot.de\/nl\/?s={search_term_string}\"},\"query-input\":{\"@type\":\"PropertyValueSpecification\",\"valueRequired\":true,\"valueName\":\"search_term_string\"}}],\"inLanguage\":\"nl-NL\"},{\"@type\":\"Organization\",\"@id\":\"https:\/\/pyro-depot.de\/nl\/#organization\",\"name\":\"Pyro Depot\",\"url\":\"https:\/\/pyro-depot.de\/nl\/\",\"logo\":{\"@type\":\"ImageObject\",\"inLanguage\":\"nl-NL\",\"@id\":\"https:\/\/pyro-depot.de\/nl\/#\/schema\/logo\/image\/\",\"url\":\"https:\/\/pyro-depot.de\/wp-content\/uploads\/2024\/10\/cropped-cropped-logo-pyro-elgato.png\",\"contentUrl\":\"https:\/\/pyro-depot.de\/wp-content\/uploads\/2024\/10\/cropped-cropped-logo-pyro-elgato.png\",\"width\":457,\"height\":292,\"caption\":\"Pyro Depot\"},\"image\":{\"@id\":\"https:\/\/pyro-depot.de\/nl\/#\/schema\/logo\/image\/\"}}]}<\/script>\n<!-- \/ Yoast SEO plugin. -->","yoast_head_json":{"title":"Parranda Gigantaaah 600sh compounds (batch25) - Pyro Depot","description":"Parranda Gigantaaah 600sh compounds (batch25)","robots":{"index":"index","follow":"follow","max-snippet":"max-snippet:-1","max-image-preview":"max-image-preview:large","max-video-preview":"max-video-preview:-1"},"canonical":"https:\/\/pyro-depot.de\/nl\/product\/parranda-gigantaaah-600sh-compounds-batch25\/","og_locale":"nl_NL","og_type":"article","og_title":"Parranda Gigantaaah 600sh compounds (batch25) - Pyro Depot","og_description":"Parranda Gigantaaah 600sh compounds (batch25)","og_url":"https:\/\/pyro-depot.de\/nl\/product\/parranda-gigantaaah-600sh-compounds-batch25\/","og_site_name":"Pyro Depot","article_modified_time":"2025-12-26T14:26:17+00:00","og_image":[{"width":1024,"height":403,"url":"https:\/\/pyro-depot.de\/wp-content\/uploads\/2025\/09\/SF.COF001-1024x403.png","type":"image\/png"}],"twitter_card":"summary_large_image","twitter_misc":{"Geschatte leestijd":"1 minuut"},"schema":{"@context":"https:\/\/schema.org","@graph":[{"@type":"WebPage","@id":"https:\/\/pyro-depot.de\/nl\/product\/parranda-gigantaaah-600sh-compounds-batch25\/","url":"https:\/\/pyro-depot.de\/nl\/product\/parranda-gigantaaah-600sh-compounds-batch25\/","name":"Parranda Gigantaaah 600sh compounds (batch25) - Pyro Depot","isPartOf":{"@id":"https:\/\/pyro-depot.de\/nl\/#website"},"primaryImageOfPage":{"@id":"https:\/\/pyro-depot.de\/nl\/product\/parranda-gigantaaah-600sh-compounds-batch25\/#primaryimage"},"image":{"@id":"https:\/\/pyro-depot.de\/nl\/product\/parranda-gigantaaah-600sh-compounds-batch25\/#primaryimage"},"thumbnailUrl":"https:\/\/pyro-depot.de\/wp-content\/uploads\/2025\/09\/SF.COF001.png","datePublished":"2025-09-12T13:29:56+00:00","dateModified":"2025-12-26T14:26:17+00:00","description":"Parranda Gigantaaah 600sh compounds (batch25)","breadcrumb":{"@id":"https:\/\/pyro-depot.de\/nl\/product\/parranda-gigantaaah-600sh-compounds-batch25\/#breadcrumb"},"inLanguage":"nl-NL","potentialAction":[{"@type":"ReadAction","target":["https:\/\/pyro-depot.de\/nl\/product\/parranda-gigantaaah-600sh-compounds-batch25\/"]}]},{"@type":"ImageObject","inLanguage":"nl-NL","@id":"https:\/\/pyro-depot.de\/nl\/product\/parranda-gigantaaah-600sh-compounds-batch25\/#primaryimage","url":"https:\/\/pyro-depot.de\/wp-content\/uploads\/2025\/09\/SF.COF001.png","contentUrl":"https:\/\/pyro-depot.de\/wp-content\/uploads\/2025\/09\/SF.COF001.png","width":3000,"height":1182},{"@type":"BreadcrumbList","@id":"https:\/\/pyro-depot.de\/nl\/product\/parranda-gigantaaah-600sh-compounds-batch25\/#breadcrumb","itemListElement":[{"@type":"ListItem","position":1,"name":"Home","item":"https:\/\/pyro-depot.de\/nl\/"},{"@type":"ListItem","position":2,"name":"Winkel","item":"https:\/\/new.pyro-depot.de\/nl\/winkel\/"},{"@type":"ListItem","position":3,"name":"Parranda Gigantaaah 600sh compounds (batch25)"}]},{"@type":"WebSite","@id":"https:\/\/pyro-depot.de\/nl\/#website","url":"https:\/\/pyro-depot.de\/nl\/","name":"Pyro Depot","description":"Feuerwerk vom Profi","publisher":{"@id":"https:\/\/pyro-depot.de\/nl\/#organization"},"potentialAction":[{"@type":"SearchAction","target":{"@type":"EntryPoint","urlTemplate":"https:\/\/pyro-depot.de\/nl\/?s={search_term_string}"},"query-input":{"@type":"PropertyValueSpecification","valueRequired":true,"valueName":"search_term_string"}}],"inLanguage":"nl-NL"},{"@type":"Organization","@id":"https:\/\/pyro-depot.de\/nl\/#organization","name":"Pyro Depot","url":"https:\/\/pyro-depot.de\/nl\/","logo":{"@type":"ImageObject","inLanguage":"nl-NL","@id":"https:\/\/pyro-depot.de\/nl\/#\/schema\/logo\/image\/","url":"https:\/\/pyro-depot.de\/wp-content\/uploads\/2024\/10\/cropped-cropped-logo-pyro-elgato.png","contentUrl":"https:\/\/pyro-depot.de\/wp-content\/uploads\/2024\/10\/cropped-cropped-logo-pyro-elgato.png","width":457,"height":292,"caption":"Pyro Depot"},"image":{"@id":"https:\/\/pyro-depot.de\/nl\/#\/schema\/logo\/image\/"}}]}},"_links":{"self":[{"href":"https:\/\/pyro-depot.de\/nl\/wp-json\/wp\/v2\/product\/84885","targetHints":{"allow":["GET"]}}],"collection":[{"href":"https:\/\/pyro-depot.de\/nl\/wp-json\/wp\/v2\/product"}],"about":[{"href":"https:\/\/pyro-depot.de\/nl\/wp-json\/wp\/v2\/types\/product"}],"wp:featuredmedia":[{"embeddable":true,"href":"https:\/\/pyro-depot.de\/nl\/wp-json\/wp\/v2\/media\/22194"}],"wp:attachment":[{"href":"https:\/\/pyro-depot.de\/nl\/wp-json\/wp\/v2\/media?parent=84885"}],"wp:term":[{"taxonomy":"product_brand","embeddable":true,"href":"https:\/\/pyro-depot.de\/nl\/wp-json\/wp\/v2\/product_brand?post=84885"},{"taxonomy":"product_cat","embeddable":true,"href":"https:\/\/pyro-depot.de\/nl\/wp-json\/wp\/v2\/product_cat?post=84885"},{"taxonomy":"product_tag","embeddable":true,"href":"https:\/\/pyro-depot.de\/nl\/wp-json\/wp\/v2\/product_tag?post=84885"}],"curies":[{"name":"wp","href":"https:\/\/api.w.org\/{rel}","templated":true}]}}