	{"id":84899,"date":"2024-10-27T18:40:21","date_gmt":"2024-10-27T16:40:21","guid":{"rendered":"https:\/\/pyro-depot.de\/product\/pyrocentury-exotic\/"},"modified":"2025-12-25T13:24:29","modified_gmt":"2025-12-25T11:24:29","slug":"pyrocentury-exotic","status":"publish","type":"product","link":"https:\/\/pyro-depot.de\/nl\/product\/pyrocentury-exotic\/","title":{"rendered":"Pyrocentury exotic"},"content":{"rendered":"<div class=\"lyte-wrapper\" title=\"APF 2071 - Exotic 72 Schuss Verbundfeuerwerk - Pyrocentury (Batch 2022)\" style=\"width:640px;max-width:100%;margin:5px;\"><div class=\"lyMe\" id=\"WYL_TnNHZRzoH_g\" itemprop=\"video\" itemscope itemtype=\"https:\/\/schema.org\/VideoObject\"><div><meta itemprop=\"thumbnailUrl\" content=\"https:\/\/pyro-depot.de\/wp-content\/plugins\/wp-youtube-lyte\/lyteCache.php?origThumbUrl=https%3A%2F%2Fi.ytimg.com%2Fvi%2FTnNHZRzoH_g%2Fhqdefault.jpg\" \/><meta itemprop=\"embedURL\" content=\"https:\/\/www.youtube.com\/embed\/TnNHZRzoH_g\" \/><meta itemprop=\"duration\" content=\"PT38S\" \/><meta itemprop=\"uploadDate\" content=\"2022-07-28T21:26:21Z\" \/><\/div><div id=\"lyte_TnNHZRzoH_g\" data-src=\"https:\/\/pyro-depot.de\/wp-content\/plugins\/wp-youtube-lyte\/lyteCache.php?origThumbUrl=https%3A%2F%2Fi.ytimg.com%2Fvi%2FTnNHZRzoH_g%2Fhqdefault.jpg\" class=\"pL\"><div class=\"tC\"><div class=\"tT\" itemprop=\"name\">APF 2071 - Exotic 72 Schuss Verbundfeuerwerk - Pyrocentury (Batch 2022)<\/div><\/div><div class=\"play\"><\/div><div class=\"ctrl\"><div class=\"Lctrl\"><\/div><div class=\"Rctrl\"><\/div><\/div><\/div><noscript><a href=\"https:\/\/youtu.be\/TnNHZRzoH_g\" rel=\"nofollow\"><img decoding=\"async\" src=\"https:\/\/pyro-depot.de\/wp-content\/plugins\/wp-youtube-lyte\/lyteCache.php?origThumbUrl=https%3A%2F%2Fi.ytimg.com%2Fvi%2FTnNHZRzoH_g%2F0.jpg\" alt=\"APF 2071 - Exotic 72 Schuss Verbundfeuerwerk - Pyrocentury (Batch 2022)\" width=\"640\" height=\"340\" \/><br \/>Bekijk deze video op YouTube<\/a><\/noscript><meta itemprop=\"description\" content=\"Die kleineren Br\u00fcder von der Knisternder Funkenhimmel, Urspr\u00fcnglich ist dieser Verbund vorgesehen f\u00fcr den Belgische markt da 1kg netto Explosiv Masse erlaubt ist. NEM: ca 1kg Kaliber: 25mm Schuss: 72 Kategorie: F2\"><\/div><\/div><div class=\"lL\" style=\"max-width:100%;width:640px;margin:5px;\"><\/div><\/p>\n<p>25mm<\/p>\n","protected":false},"excerpt":{"rendered":"<p>APF 2071 &#8211; Exotic 72 Schuss Verbundfeuerwerk &#8211; Pyrocentury (Batch 2022)Bekijk deze video op YouTube 25mm<\/p>\n","protected":false},"featured_media":20255,"template":"","meta":{"_acf_changed":false},"product_brand":[],"product_cat":[1637],"product_tag":[],"class_list":{"0":"post-84899","1":"product","2":"type-product","3":"status-publish","4":"has-post-thumbnail","6":"product_cat-compoundcakeboxen","7":"pa_shots-72sh","9":"first","10":"instock","11":"sale","12":"taxable","13":"shipping-taxable","14":"product-type-simple"},"acf":[],"yoast_head":"<!-- This site is optimized with the Yoast SEO plugin v26.2 - https:\/\/yoast.com\/wordpress\/plugins\/seo\/ -->\n<title>Pyrocentury exotic - Pyro Depot<\/title>\n<meta name=\"description\" content=\"Pyrocentury exotic\" \/>\n<meta name=\"robots\" content=\"index, follow, max-snippet:-1, max-image-preview:large, max-video-preview:-1\" \/>\n<link rel=\"canonical\" href=\"https:\/\/pyro-depot.de\/nl\/product\/pyrocentury-exotic\/\" \/>\n<meta property=\"og:locale\" content=\"nl_NL\" \/>\n<meta property=\"og:type\" content=\"article\" \/>\n<meta property=\"og:title\" content=\"Pyrocentury exotic - Pyro Depot\" \/>\n<meta property=\"og:description\" content=\"Pyrocentury exotic\" \/>\n<meta property=\"og:url\" content=\"https:\/\/pyro-depot.de\/nl\/product\/pyrocentury-exotic\/\" \/>\n<meta property=\"og:site_name\" content=\"Pyro Depot\" \/>\n<meta property=\"article:modified_time\" content=\"2025-12-25T11:24:29+00:00\" \/>\n<meta property=\"og:image\" content=\"https:\/\/pyro-depot.de\/wp-content\/uploads\/2022\/11\/pyrocentury-exotic-72-schuss-kal-25mm.jpg\" \/>\n\t<meta property=\"og:image:width\" content=\"320\" \/>\n\t<meta property=\"og:image:height\" content=\"320\" \/>\n\t<meta property=\"og:image:type\" content=\"image\/jpeg\" \/>\n<meta name=\"twitter:card\" content=\"summary_large_image\" \/>\n<meta name=\"twitter:label1\" content=\"Geschatte leestijd\" \/>\n\t<meta name=\"twitter:data1\" content=\"1 minuut\" \/>\n<script type=\"application\/ld+json\" class=\"yoast-schema-graph\">{\"@context\":\"https:\/\/schema.org\",\"@graph\":[{\"@type\":\"WebPage\",\"@id\":\"https:\/\/pyro-depot.de\/nl\/product\/pyrocentury-exotic\/\",\"url\":\"https:\/\/pyro-depot.de\/nl\/product\/pyrocentury-exotic\/\",\"name\":\"Pyrocentury exotic - Pyro Depot\",\"isPartOf\":{\"@id\":\"https:\/\/pyro-depot.de\/nl\/#website\"},\"primaryImageOfPage\":{\"@id\":\"https:\/\/pyro-depot.de\/nl\/product\/pyrocentury-exotic\/#primaryimage\"},\"image\":{\"@id\":\"https:\/\/pyro-depot.de\/nl\/product\/pyrocentury-exotic\/#primaryimage\"},\"thumbnailUrl\":\"https:\/\/pyro-depot.de\/wp-content\/uploads\/2022\/11\/pyrocentury-exotic-72-schuss-kal-25mm.jpg\",\"datePublished\":\"2024-10-27T16:40:21+00:00\",\"dateModified\":\"2025-12-25T11:24:29+00:00\",\"description\":\"Pyrocentury exotic\",\"breadcrumb\":{\"@id\":\"https:\/\/pyro-depot.de\/nl\/product\/pyrocentury-exotic\/#breadcrumb\"},\"inLanguage\":\"nl-NL\",\"potentialAction\":[{\"@type\":\"ReadAction\",\"target\":[\"https:\/\/pyro-depot.de\/nl\/product\/pyrocentury-exotic\/\"]}]},{\"@type\":\"ImageObject\",\"inLanguage\":\"nl-NL\",\"@id\":\"https:\/\/pyro-depot.de\/nl\/product\/pyrocentury-exotic\/#primaryimage\",\"url\":\"https:\/\/pyro-depot.de\/wp-content\/uploads\/2022\/11\/pyrocentury-exotic-72-schuss-kal-25mm.jpg\",\"contentUrl\":\"https:\/\/pyro-depot.de\/wp-content\/uploads\/2022\/11\/pyrocentury-exotic-72-schuss-kal-25mm.jpg\",\"width\":320,\"height\":320},{\"@type\":\"BreadcrumbList\",\"@id\":\"https:\/\/pyro-depot.de\/nl\/product\/pyrocentury-exotic\/#breadcrumb\",\"itemListElement\":[{\"@type\":\"ListItem\",\"position\":1,\"name\":\"Home\",\"item\":\"https:\/\/pyro-depot.de\/nl\/\"},{\"@type\":\"ListItem\",\"position\":2,\"name\":\"Winkel\",\"item\":\"https:\/\/new.pyro-depot.de\/nl\/winkel\/\"},{\"@type\":\"ListItem\",\"position\":3,\"name\":\"Pyrocentury exotic\"}]},{\"@type\":\"WebSite\",\"@id\":\"https:\/\/pyro-depot.de\/nl\/#website\",\"url\":\"https:\/\/pyro-depot.de\/nl\/\",\"name\":\"Pyro Depot\",\"description\":\"Feuerwerk vom Profi\",\"publisher\":{\"@id\":\"https:\/\/pyro-depot.de\/nl\/#organization\"},\"potentialAction\":[{\"@type\":\"SearchAction\",\"target\":{\"@type\":\"EntryPoint\",\"urlTemplate\":\"https:\/\/pyro-depot.de\/nl\/?s={search_term_string}\"},\"query-input\":{\"@type\":\"PropertyValueSpecification\",\"valueRequired\":true,\"valueName\":\"search_term_string\"}}],\"inLanguage\":\"nl-NL\"},{\"@type\":\"Organization\",\"@id\":\"https:\/\/pyro-depot.de\/nl\/#organization\",\"name\":\"Pyro Depot\",\"url\":\"https:\/\/pyro-depot.de\/nl\/\",\"logo\":{\"@type\":\"ImageObject\",\"inLanguage\":\"nl-NL\",\"@id\":\"https:\/\/pyro-depot.de\/nl\/#\/schema\/logo\/image\/\",\"url\":\"https:\/\/pyro-depot.de\/wp-content\/uploads\/2024\/10\/cropped-cropped-logo-pyro-elgato.png\",\"contentUrl\":\"https:\/\/pyro-depot.de\/wp-content\/uploads\/2024\/10\/cropped-cropped-logo-pyro-elgato.png\",\"width\":457,\"height\":292,\"caption\":\"Pyro Depot\"},\"image\":{\"@id\":\"https:\/\/pyro-depot.de\/nl\/#\/schema\/logo\/image\/\"}}]}<\/script>\n<!-- \/ Yoast SEO plugin. -->","yoast_head_json":{"title":"Pyrocentury exotic - Pyro Depot","description":"Pyrocentury exotic","robots":{"index":"index","follow":"follow","max-snippet":"max-snippet:-1","max-image-preview":"max-image-preview:large","max-video-preview":"max-video-preview:-1"},"canonical":"https:\/\/pyro-depot.de\/nl\/product\/pyrocentury-exotic\/","og_locale":"nl_NL","og_type":"article","og_title":"Pyrocentury exotic - Pyro Depot","og_description":"Pyrocentury exotic","og_url":"https:\/\/pyro-depot.de\/nl\/product\/pyrocentury-exotic\/","og_site_name":"Pyro Depot","article_modified_time":"2025-12-25T11:24:29+00:00","og_image":[{"width":320,"height":320,"url":"https:\/\/pyro-depot.de\/wp-content\/uploads\/2022\/11\/pyrocentury-exotic-72-schuss-kal-25mm.jpg","type":"image\/jpeg"}],"twitter_card":"summary_large_image","twitter_misc":{"Geschatte leestijd":"1 minuut"},"schema":{"@context":"https:\/\/schema.org","@graph":[{"@type":"WebPage","@id":"https:\/\/pyro-depot.de\/nl\/product\/pyrocentury-exotic\/","url":"https:\/\/pyro-depot.de\/nl\/product\/pyrocentury-exotic\/","name":"Pyrocentury exotic - Pyro Depot","isPartOf":{"@id":"https:\/\/pyro-depot.de\/nl\/#website"},"primaryImageOfPage":{"@id":"https:\/\/pyro-depot.de\/nl\/product\/pyrocentury-exotic\/#primaryimage"},"image":{"@id":"https:\/\/pyro-depot.de\/nl\/product\/pyrocentury-exotic\/#primaryimage"},"thumbnailUrl":"https:\/\/pyro-depot.de\/wp-content\/uploads\/2022\/11\/pyrocentury-exotic-72-schuss-kal-25mm.jpg","datePublished":"2024-10-27T16:40:21+00:00","dateModified":"2025-12-25T11:24:29+00:00","description":"Pyrocentury exotic","breadcrumb":{"@id":"https:\/\/pyro-depot.de\/nl\/product\/pyrocentury-exotic\/#breadcrumb"},"inLanguage":"nl-NL","potentialAction":[{"@type":"ReadAction","target":["https:\/\/pyro-depot.de\/nl\/product\/pyrocentury-exotic\/"]}]},{"@type":"ImageObject","inLanguage":"nl-NL","@id":"https:\/\/pyro-depot.de\/nl\/product\/pyrocentury-exotic\/#primaryimage","url":"https:\/\/pyro-depot.de\/wp-content\/uploads\/2022\/11\/pyrocentury-exotic-72-schuss-kal-25mm.jpg","contentUrl":"https:\/\/pyro-depot.de\/wp-content\/uploads\/2022\/11\/pyrocentury-exotic-72-schuss-kal-25mm.jpg","width":320,"height":320},{"@type":"BreadcrumbList","@id":"https:\/\/pyro-depot.de\/nl\/product\/pyrocentury-exotic\/#breadcrumb","itemListElement":[{"@type":"ListItem","position":1,"name":"Home","item":"https:\/\/pyro-depot.de\/nl\/"},{"@type":"ListItem","position":2,"name":"Winkel","item":"https:\/\/new.pyro-depot.de\/nl\/winkel\/"},{"@type":"ListItem","position":3,"name":"Pyrocentury exotic"}]},{"@type":"WebSite","@id":"https:\/\/pyro-depot.de\/nl\/#website","url":"https:\/\/pyro-depot.de\/nl\/","name":"Pyro Depot","description":"Feuerwerk vom Profi","publisher":{"@id":"https:\/\/pyro-depot.de\/nl\/#organization"},"potentialAction":[{"@type":"SearchAction","target":{"@type":"EntryPoint","urlTemplate":"https:\/\/pyro-depot.de\/nl\/?s={search_term_string}"},"query-input":{"@type":"PropertyValueSpecification","valueRequired":true,"valueName":"search_term_string"}}],"inLanguage":"nl-NL"},{"@type":"Organization","@id":"https:\/\/pyro-depot.de\/nl\/#organization","name":"Pyro Depot","url":"https:\/\/pyro-depot.de\/nl\/","logo":{"@type":"ImageObject","inLanguage":"nl-NL","@id":"https:\/\/pyro-depot.de\/nl\/#\/schema\/logo\/image\/","url":"https:\/\/pyro-depot.de\/wp-content\/uploads\/2024\/10\/cropped-cropped-logo-pyro-elgato.png","contentUrl":"https:\/\/pyro-depot.de\/wp-content\/uploads\/2024\/10\/cropped-cropped-logo-pyro-elgato.png","width":457,"height":292,"caption":"Pyro Depot"},"image":{"@id":"https:\/\/pyro-depot.de\/nl\/#\/schema\/logo\/image\/"}}]}},"_links":{"self":[{"href":"https:\/\/pyro-depot.de\/nl\/wp-json\/wp\/v2\/product\/84899","targetHints":{"allow":["GET"]}}],"collection":[{"href":"https:\/\/pyro-depot.de\/nl\/wp-json\/wp\/v2\/product"}],"about":[{"href":"https:\/\/pyro-depot.de\/nl\/wp-json\/wp\/v2\/types\/product"}],"wp:featuredmedia":[{"embeddable":true,"href":"https:\/\/pyro-depot.de\/nl\/wp-json\/wp\/v2\/media\/20255"}],"wp:attachment":[{"href":"https:\/\/pyro-depot.de\/nl\/wp-json\/wp\/v2\/media?parent=84899"}],"wp:term":[{"taxonomy":"product_brand","embeddable":true,"href":"https:\/\/pyro-depot.de\/nl\/wp-json\/wp\/v2\/product_brand?post=84899"},{"taxonomy":"product_cat","embeddable":true,"href":"https:\/\/pyro-depot.de\/nl\/wp-json\/wp\/v2\/product_cat?post=84899"},{"taxonomy":"product_tag","embeddable":true,"href":"https:\/\/pyro-depot.de\/nl\/wp-json\/wp\/v2\/product_tag?post=84899"}],"curies":[{"name":"wp","href":"https:\/\/api.w.org\/{rel}","templated":true}]}}