	{"id":84906,"date":"2024-10-21T16:40:27","date_gmt":"2024-10-21T14:40:27","guid":{"rendered":"https:\/\/pyro-depot.de\/product\/funke-china-boeller-d-4st\/"},"modified":"2025-12-26T13:52:35","modified_gmt":"2025-12-26T11:52:35","slug":"funke-china-boeller-d-4st","status":"publish","type":"product","link":"https:\/\/pyro-depot.de\/nl\/product\/funke-china-boeller-d-4st\/","title":{"rendered":"Funke China-B\u00f6ller D 490 80st"},"content":{"rendered":"<div class=\"lyte-wrapper\" title=\"Art.-Nr. 490 - Funke Chinab&ouml;ller D [2023]\" style=\"width:640px;max-width:100%;margin:5px;\"><div class=\"lyMe\" id=\"WYL_gjQl5DBHEUE\" itemprop=\"video\" itemscope itemtype=\"https:\/\/schema.org\/VideoObject\"><div><meta itemprop=\"thumbnailUrl\" content=\"https:\/\/pyro-depot.de\/wp-content\/plugins\/wp-youtube-lyte\/lyteCache.php?origThumbUrl=https%3A%2F%2Fi.ytimg.com%2Fvi%2FgjQl5DBHEUE%2Fhqdefault.jpg\" \/><meta itemprop=\"embedURL\" content=\"https:\/\/www.youtube.com\/embed\/gjQl5DBHEUE\" \/><meta itemprop=\"duration\" content=\"PT5M28S\" \/><meta itemprop=\"uploadDate\" content=\"2023-11-20T17:58:00Z\" \/><\/div><div id=\"lyte_gjQl5DBHEUE\" data-src=\"https:\/\/pyro-depot.de\/wp-content\/plugins\/wp-youtube-lyte\/lyteCache.php?origThumbUrl=https%3A%2F%2Fi.ytimg.com%2Fvi%2FgjQl5DBHEUE%2Fhqdefault.jpg\" class=\"pL\"><div class=\"tC\"><div class=\"tT\" itemprop=\"name\">Art.-Nr. 490 - Funke Chinab\u00f6ller D [2023]<\/div><\/div><div class=\"play\"><\/div><div class=\"ctrl\"><div class=\"Lctrl\"><\/div><div class=\"Rctrl\"><\/div><\/div><\/div><noscript><a href=\"https:\/\/youtu.be\/gjQl5DBHEUE\" rel=\"nofollow\"><img decoding=\"async\" src=\"https:\/\/pyro-depot.de\/wp-content\/plugins\/wp-youtube-lyte\/lyteCache.php?origThumbUrl=https%3A%2F%2Fi.ytimg.com%2Fvi%2FgjQl5DBHEUE%2F0.jpg\" alt=\"Art.-Nr. 490 - Funke Chinab&ouml;ller D [2023]\" width=\"640\" height=\"340\" \/><br \/>Bekijk deze video op YouTube<\/a><\/noscript><meta itemprop=\"description\" content=\"DE: Im Video zu sehen ist die 2023er Charge unseres Artikels Nr. 490, Chinab\u00f6ller D, NEM 4,5g, Kategorie P1, ADR 1.4G. Packing 8\/20\/4 Schallerzeuger in traditioneller chinesischer Bauart, in der traditionellen Gr\u00f6\u00dfe 490 ( 4\u201c x 1\u201c). 4 St\u00fcck pro Packung, 20 Packungen pro Schinken. Achtung, das Video wurde in China gedreht entsprechend den dort geltenden Gesetzen! Bei Gebrauch in anderen L\u00e4ndern bitte die jeweilige nationale Rechtslage und Gebrauchsanweisung beachten. Nur f\u00fcr historische reenactments, Brauchtumspflege etc - nicht f\u00fcr Vergn\u00fcgungszwecke bestimmt! Verbesserte Bauweise, die seit den 17B Chargen zum Einsatz kommt - daher ein gutes Ergebnis denke ich. Im Video sind unterschiedliche Chargen zu sehen. Leider allerdings oftmals relativ dreckig, weil die Arbeiterinnen die Tonerde nicht oft genug von den Tischen wischen beim Labeln, die rote Farbe unten an den H\u00fclsen zu stark abf\u00e4rbt, und die d\u00fcnnen wei\u00dfen Etiketten hier sehr anf\u00e4llig sind - sieht man im Video nicht, da am Anfang Dummys pr\u00e4sentiert werden (ist nicht erlaubt echte im B\u00fcro zu haben). Ich war monatelang bem\u00fcht, das zu verbessern, aber erst zum Ende hin wurde das langsam besser.. Aber so oder so, 2023 machen wir die historischen Traditionsartikel nochmal great again ;) EN: This Video shows the 2023 batch of our item &quot;Chinab\u00f6ller D&quot;, Art.-No. 490, NEC 4,5g, category P1, ADR 1.4G. Packing 8\/20\/4 Sound emitters produced by the traditional chinese way, in the traditional size 490 ( 4\u201c x 1\u201c). 4 pieces per pack, 20 packs per overpack. This video was filmed in china according to the chinese law. If the item is used in other countries, please follow the national legislation and check the instruction on the items carefully. Only intended for historic reenactments, fostering traditions etc - shall not be used for entertainment purposes! Improved manufacturing process, which is being used since the 17B batches - so the result is quite good as I think. In the video can be seen different batches. Unfortunately, the labels are often relatively dirty because the workers don&#039;t wipe the clay off the tables often enough when labeling, the red color at the bottom of the tubes rubs off too much, and the thin white labels are very vulnerable here - you can&#039;t see it in the video because at the beginning dummies are presented (it is not allowed to have real ones in the office). I tried to improve it for months, but it only slowly got better towards the end. But either way, in 2023 we&#039;ll make the historical traditional items great again ;)\"><\/div><\/div><div class=\"lL\" style=\"max-width:100%;width:640px;margin:5px;\"><\/div><\/p>\n","protected":false},"excerpt":{"rendered":"<p>Art.-Nr. 490 &#8211; Funke Chinab\u00f6ller D [2023]Bekijk deze video op YouTube<\/p>\n","protected":false},"featured_media":20877,"template":"","meta":{"_acf_changed":false},"product_brand":[],"product_cat":[1643,1608],"product_tag":[],"class_list":{"0":"post-84906","1":"product","2":"type-product","3":"status-publish","4":"has-post-thumbnail","6":"product_cat-knalvuurwerk","7":"product_cat-nostalgisch-vuurwerk","8":"pa_brand-funke","9":"pa_nem-360gr","10":"pa_shots-80st","11":"pa_weight-256kg","13":"first","14":"instock","15":"taxable","16":"shipping-taxable","17":"product-type-simple"},"acf":[],"yoast_head":"<!-- This site is optimized with the Yoast SEO plugin v26.2 - https:\/\/yoast.com\/wordpress\/plugins\/seo\/ -->\n<title>Funke China-B\u00f6ller D 490 80st - Pyro Depot<\/title>\n<meta name=\"description\" content=\"Funke China-B\u00f6ller D 490 80st\" \/>\n<meta name=\"robots\" content=\"index, follow, max-snippet:-1, max-image-preview:large, max-video-preview:-1\" \/>\n<link rel=\"canonical\" href=\"https:\/\/pyro-depot.de\/nl\/product\/funke-china-boeller-d-4st\/\" \/>\n<meta property=\"og:locale\" content=\"nl_NL\" \/>\n<meta property=\"og:type\" content=\"article\" \/>\n<meta property=\"og:title\" content=\"Funke China-B\u00f6ller D 490 80st - Pyro Depot\" \/>\n<meta property=\"og:description\" content=\"Funke China-B\u00f6ller D 490 80st\" \/>\n<meta property=\"og:url\" content=\"https:\/\/pyro-depot.de\/nl\/product\/funke-china-boeller-d-4st\/\" \/>\n<meta property=\"og:site_name\" content=\"Pyro Depot\" \/>\n<meta property=\"article:modified_time\" content=\"2025-12-26T11:52:35+00:00\" \/>\n<meta property=\"og:image\" content=\"https:\/\/pyro-depot.de\/wp-content\/uploads\/2024\/10\/490-Funke-China-Boller-D-550x550-1.jpg\" \/>\n\t<meta property=\"og:image:width\" content=\"550\" \/>\n\t<meta property=\"og:image:height\" content=\"550\" \/>\n\t<meta property=\"og:image:type\" content=\"image\/jpeg\" \/>\n<meta name=\"twitter:card\" content=\"summary_large_image\" \/>\n<meta name=\"twitter:label1\" content=\"Geschatte leestijd\" \/>\n\t<meta name=\"twitter:data1\" content=\"1 minuut\" \/>\n<script type=\"application\/ld+json\" class=\"yoast-schema-graph\">{\"@context\":\"https:\/\/schema.org\",\"@graph\":[{\"@type\":\"WebPage\",\"@id\":\"https:\/\/pyro-depot.de\/nl\/product\/funke-china-boeller-d-4st\/\",\"url\":\"https:\/\/pyro-depot.de\/nl\/product\/funke-china-boeller-d-4st\/\",\"name\":\"Funke China-B\u00f6ller D 490 80st - Pyro Depot\",\"isPartOf\":{\"@id\":\"https:\/\/pyro-depot.de\/nl\/#website\"},\"primaryImageOfPage\":{\"@id\":\"https:\/\/pyro-depot.de\/nl\/product\/funke-china-boeller-d-4st\/#primaryimage\"},\"image\":{\"@id\":\"https:\/\/pyro-depot.de\/nl\/product\/funke-china-boeller-d-4st\/#primaryimage\"},\"thumbnailUrl\":\"https:\/\/pyro-depot.de\/wp-content\/uploads\/2024\/10\/490-Funke-China-Boller-D-550x550-1.jpg\",\"datePublished\":\"2024-10-21T14:40:27+00:00\",\"dateModified\":\"2025-12-26T11:52:35+00:00\",\"description\":\"Funke China-B\u00f6ller D 490 80st\",\"breadcrumb\":{\"@id\":\"https:\/\/pyro-depot.de\/nl\/product\/funke-china-boeller-d-4st\/#breadcrumb\"},\"inLanguage\":\"nl-NL\",\"potentialAction\":[{\"@type\":\"ReadAction\",\"target\":[\"https:\/\/pyro-depot.de\/nl\/product\/funke-china-boeller-d-4st\/\"]}]},{\"@type\":\"ImageObject\",\"inLanguage\":\"nl-NL\",\"@id\":\"https:\/\/pyro-depot.de\/nl\/product\/funke-china-boeller-d-4st\/#primaryimage\",\"url\":\"https:\/\/pyro-depot.de\/wp-content\/uploads\/2024\/10\/490-Funke-China-Boller-D-550x550-1.jpg\",\"contentUrl\":\"https:\/\/pyro-depot.de\/wp-content\/uploads\/2024\/10\/490-Funke-China-Boller-D-550x550-1.jpg\",\"width\":550,\"height\":550},{\"@type\":\"BreadcrumbList\",\"@id\":\"https:\/\/pyro-depot.de\/nl\/product\/funke-china-boeller-d-4st\/#breadcrumb\",\"itemListElement\":[{\"@type\":\"ListItem\",\"position\":1,\"name\":\"Home\",\"item\":\"https:\/\/pyro-depot.de\/nl\/\"},{\"@type\":\"ListItem\",\"position\":2,\"name\":\"Winkel\",\"item\":\"https:\/\/new.pyro-depot.de\/nl\/winkel\/\"},{\"@type\":\"ListItem\",\"position\":3,\"name\":\"Funke China-B\u00f6ller D 490 80st\"}]},{\"@type\":\"WebSite\",\"@id\":\"https:\/\/pyro-depot.de\/nl\/#website\",\"url\":\"https:\/\/pyro-depot.de\/nl\/\",\"name\":\"Pyro Depot\",\"description\":\"Feuerwerk vom Profi\",\"publisher\":{\"@id\":\"https:\/\/pyro-depot.de\/nl\/#organization\"},\"potentialAction\":[{\"@type\":\"SearchAction\",\"target\":{\"@type\":\"EntryPoint\",\"urlTemplate\":\"https:\/\/pyro-depot.de\/nl\/?s={search_term_string}\"},\"query-input\":{\"@type\":\"PropertyValueSpecification\",\"valueRequired\":true,\"valueName\":\"search_term_string\"}}],\"inLanguage\":\"nl-NL\"},{\"@type\":\"Organization\",\"@id\":\"https:\/\/pyro-depot.de\/nl\/#organization\",\"name\":\"Pyro Depot\",\"url\":\"https:\/\/pyro-depot.de\/nl\/\",\"logo\":{\"@type\":\"ImageObject\",\"inLanguage\":\"nl-NL\",\"@id\":\"https:\/\/pyro-depot.de\/nl\/#\/schema\/logo\/image\/\",\"url\":\"https:\/\/pyro-depot.de\/wp-content\/uploads\/2024\/10\/cropped-cropped-logo-pyro-elgato.png\",\"contentUrl\":\"https:\/\/pyro-depot.de\/wp-content\/uploads\/2024\/10\/cropped-cropped-logo-pyro-elgato.png\",\"width\":457,\"height\":292,\"caption\":\"Pyro Depot\"},\"image\":{\"@id\":\"https:\/\/pyro-depot.de\/nl\/#\/schema\/logo\/image\/\"}}]}<\/script>\n<!-- \/ Yoast SEO plugin. -->","yoast_head_json":{"title":"Funke China-B\u00f6ller D 490 80st - Pyro Depot","description":"Funke China-B\u00f6ller D 490 80st","robots":{"index":"index","follow":"follow","max-snippet":"max-snippet:-1","max-image-preview":"max-image-preview:large","max-video-preview":"max-video-preview:-1"},"canonical":"https:\/\/pyro-depot.de\/nl\/product\/funke-china-boeller-d-4st\/","og_locale":"nl_NL","og_type":"article","og_title":"Funke China-B\u00f6ller D 490 80st - Pyro Depot","og_description":"Funke China-B\u00f6ller D 490 80st","og_url":"https:\/\/pyro-depot.de\/nl\/product\/funke-china-boeller-d-4st\/","og_site_name":"Pyro Depot","article_modified_time":"2025-12-26T11:52:35+00:00","og_image":[{"width":550,"height":550,"url":"https:\/\/pyro-depot.de\/wp-content\/uploads\/2024\/10\/490-Funke-China-Boller-D-550x550-1.jpg","type":"image\/jpeg"}],"twitter_card":"summary_large_image","twitter_misc":{"Geschatte leestijd":"1 minuut"},"schema":{"@context":"https:\/\/schema.org","@graph":[{"@type":"WebPage","@id":"https:\/\/pyro-depot.de\/nl\/product\/funke-china-boeller-d-4st\/","url":"https:\/\/pyro-depot.de\/nl\/product\/funke-china-boeller-d-4st\/","name":"Funke China-B\u00f6ller D 490 80st - Pyro Depot","isPartOf":{"@id":"https:\/\/pyro-depot.de\/nl\/#website"},"primaryImageOfPage":{"@id":"https:\/\/pyro-depot.de\/nl\/product\/funke-china-boeller-d-4st\/#primaryimage"},"image":{"@id":"https:\/\/pyro-depot.de\/nl\/product\/funke-china-boeller-d-4st\/#primaryimage"},"thumbnailUrl":"https:\/\/pyro-depot.de\/wp-content\/uploads\/2024\/10\/490-Funke-China-Boller-D-550x550-1.jpg","datePublished":"2024-10-21T14:40:27+00:00","dateModified":"2025-12-26T11:52:35+00:00","description":"Funke China-B\u00f6ller D 490 80st","breadcrumb":{"@id":"https:\/\/pyro-depot.de\/nl\/product\/funke-china-boeller-d-4st\/#breadcrumb"},"inLanguage":"nl-NL","potentialAction":[{"@type":"ReadAction","target":["https:\/\/pyro-depot.de\/nl\/product\/funke-china-boeller-d-4st\/"]}]},{"@type":"ImageObject","inLanguage":"nl-NL","@id":"https:\/\/pyro-depot.de\/nl\/product\/funke-china-boeller-d-4st\/#primaryimage","url":"https:\/\/pyro-depot.de\/wp-content\/uploads\/2024\/10\/490-Funke-China-Boller-D-550x550-1.jpg","contentUrl":"https:\/\/pyro-depot.de\/wp-content\/uploads\/2024\/10\/490-Funke-China-Boller-D-550x550-1.jpg","width":550,"height":550},{"@type":"BreadcrumbList","@id":"https:\/\/pyro-depot.de\/nl\/product\/funke-china-boeller-d-4st\/#breadcrumb","itemListElement":[{"@type":"ListItem","position":1,"name":"Home","item":"https:\/\/pyro-depot.de\/nl\/"},{"@type":"ListItem","position":2,"name":"Winkel","item":"https:\/\/new.pyro-depot.de\/nl\/winkel\/"},{"@type":"ListItem","position":3,"name":"Funke China-B\u00f6ller D 490 80st"}]},{"@type":"WebSite","@id":"https:\/\/pyro-depot.de\/nl\/#website","url":"https:\/\/pyro-depot.de\/nl\/","name":"Pyro Depot","description":"Feuerwerk vom Profi","publisher":{"@id":"https:\/\/pyro-depot.de\/nl\/#organization"},"potentialAction":[{"@type":"SearchAction","target":{"@type":"EntryPoint","urlTemplate":"https:\/\/pyro-depot.de\/nl\/?s={search_term_string}"},"query-input":{"@type":"PropertyValueSpecification","valueRequired":true,"valueName":"search_term_string"}}],"inLanguage":"nl-NL"},{"@type":"Organization","@id":"https:\/\/pyro-depot.de\/nl\/#organization","name":"Pyro Depot","url":"https:\/\/pyro-depot.de\/nl\/","logo":{"@type":"ImageObject","inLanguage":"nl-NL","@id":"https:\/\/pyro-depot.de\/nl\/#\/schema\/logo\/image\/","url":"https:\/\/pyro-depot.de\/wp-content\/uploads\/2024\/10\/cropped-cropped-logo-pyro-elgato.png","contentUrl":"https:\/\/pyro-depot.de\/wp-content\/uploads\/2024\/10\/cropped-cropped-logo-pyro-elgato.png","width":457,"height":292,"caption":"Pyro Depot"},"image":{"@id":"https:\/\/pyro-depot.de\/nl\/#\/schema\/logo\/image\/"}}]}},"_links":{"self":[{"href":"https:\/\/pyro-depot.de\/nl\/wp-json\/wp\/v2\/product\/84906","targetHints":{"allow":["GET"]}}],"collection":[{"href":"https:\/\/pyro-depot.de\/nl\/wp-json\/wp\/v2\/product"}],"about":[{"href":"https:\/\/pyro-depot.de\/nl\/wp-json\/wp\/v2\/types\/product"}],"wp:featuredmedia":[{"embeddable":true,"href":"https:\/\/pyro-depot.de\/nl\/wp-json\/wp\/v2\/media\/20877"}],"wp:attachment":[{"href":"https:\/\/pyro-depot.de\/nl\/wp-json\/wp\/v2\/media?parent=84906"}],"wp:term":[{"taxonomy":"product_brand","embeddable":true,"href":"https:\/\/pyro-depot.de\/nl\/wp-json\/wp\/v2\/product_brand?post=84906"},{"taxonomy":"product_cat","embeddable":true,"href":"https:\/\/pyro-depot.de\/nl\/wp-json\/wp\/v2\/product_cat?post=84906"},{"taxonomy":"product_tag","embeddable":true,"href":"https:\/\/pyro-depot.de\/nl\/wp-json\/wp\/v2\/product_tag?post=84906"}],"curies":[{"name":"wp","href":"https:\/\/api.w.org\/{rel}","templated":true}]}}