	{"id":84998,"date":"2024-10-27T16:29:58","date_gmt":"2024-10-27T14:29:58","guid":{"rendered":"https:\/\/pyro-depot.de\/product\/aba-blitz-donner-raketensortiment\/"},"modified":"2025-10-30T19:59:07","modified_gmt":"2025-10-30T17:59:07","slug":"aba-blitz-donner-raketensortiment","status":"publish","type":"product","link":"https:\/\/pyro-depot.de\/nl\/product\/aba-blitz-donner-raketensortiment\/","title":{"rendered":"ABA BLITZ &amp; DONNER Raketensortiment"},"content":{"rendered":"<div class=\"lyte-wrapper\" title=\"Blitz &amp;amp; Donner Raketensortiment\" style=\"width:640px;max-width:100%;margin:5px;\"><div class=\"lyMe\" id=\"WYL_szOQAcYmqQU\" itemprop=\"video\" itemscope itemtype=\"https:\/\/schema.org\/VideoObject\"><div><meta itemprop=\"thumbnailUrl\" content=\"https:\/\/pyro-depot.de\/wp-content\/plugins\/wp-youtube-lyte\/lyteCache.php?origThumbUrl=https%3A%2F%2Fi.ytimg.com%2Fvi%2FszOQAcYmqQU%2Fhqdefault.jpg\" \/><meta itemprop=\"embedURL\" content=\"https:\/\/www.youtube.com\/embed\/szOQAcYmqQU\" \/><meta itemprop=\"duration\" content=\"PT3M31S\" \/><meta itemprop=\"uploadDate\" content=\"2021-10-18T18:04:26Z\" \/><\/div><div id=\"lyte_szOQAcYmqQU\" data-src=\"https:\/\/pyro-depot.de\/wp-content\/plugins\/wp-youtube-lyte\/lyteCache.php?origThumbUrl=https%3A%2F%2Fi.ytimg.com%2Fvi%2FszOQAcYmqQU%2Fhqdefault.jpg\" class=\"pL\"><div class=\"tC\"><div class=\"tT\" itemprop=\"name\">Blitz &amp; Donner Raketensortiment<\/div><\/div><div class=\"play\"><\/div><div class=\"ctrl\"><div class=\"Lctrl\"><\/div><div class=\"Rctrl\"><\/div><\/div><\/div><noscript><a href=\"https:\/\/youtu.be\/szOQAcYmqQU\" rel=\"nofollow\"><img decoding=\"async\" src=\"https:\/\/pyro-depot.de\/wp-content\/plugins\/wp-youtube-lyte\/lyteCache.php?origThumbUrl=https%3A%2F%2Fi.ytimg.com%2Fvi%2FszOQAcYmqQU%2F0.jpg\" alt=\"Blitz &amp;amp; Donner Raketensortiment\" width=\"640\" height=\"340\" \/><br \/>Bekijk deze video op YouTube<\/a><\/noscript><meta itemprop=\"description\" content=\"Salut-Raketenset aus eigener Herstellung, made in Germany. Mit vier verschiedenen z.T. neuartigen, langstehenden Aufstiegseffekten mit maximaler Menge Knallsatz. Jeder Effekt ist mehrfach dargestellt, damit man sich ein m\u00f6glichst gutes Bild machen kann. Die Massenstarts enthalten jeweils zehn gleiche Raketen. Inhalt (pro Set): 3x Silberfeder; Silberschweifaufstieg zu lautstarkem Titanblitzknall 3x Goldfeder; Titangoldschweif zu lautstarkem Titanblitzknall 2x Phoenix Flimmer; Goldflimmerschweif zu lautstarkem Blitzknall NEUHEIT! 2x Strobe Salut; Wei\u00dfer Blinkeraufstieg zu lautstarkem Titanblitzknall NEUHEIT! Da mir die detaillierten Beschreibungen unserer Kollegen von Funke sehr gut gefallen, werde ich dies in Zukunft auch bei unseren Artikeln einf\u00fchren. Ich denke diese Zusatzinfos werden von einigen ganz gerne gelesen. Manch einem sind bestimmt schon ein paar Parallelen im Design aufgefallen. An dieser Stelle muss ich mich bei der Firma Funke, insbesondere bei deren Designer Matthias, sowie bei Malte bedanken, dass sie uns kurzfristig mit dem tollen Design ausgeholfen haben. Dieses ist zum Gl\u00fcck rechtzeitig f\u00fcr die Produktion der Verpackungsbeutel, welche nicht aus Plastik, sondern Papier hergestellt sind, fertig geworden. Nach zwei Jahren Entwicklung ist es nun endlich soweit: Unsere ersten richtigen Treiber-Knallraketen sind in vier verschiedenen Varianten fertig geworden! Ziel in diesem Projekt war es, aus einer kleinen Rakete (Kaliber 15mm), m\u00f6glichst viel Effekt (Schweif) herauszuholen. Im Video ist ein Gr\u00f6\u00dfenvergleich mit einem Feuerzeug dargestellt. Unsere Produktion ist eigentlich nicht auf Raketen ausgelegt. Es war deshalb eine ziemliche Herausforderung eine Massenproduktion zu realisieren. Somit ging einiges an Entwicklungszeit f\u00fcr die Realisierung der Massenproduktion drauf. Eigentlich sollten die Raketen im letzten Jahr auf den Markt kommen. Es lagen uns jedoch viele verfahrenstechnische Probleme im Weg, weshalb wir z.T. die S\u00e4tze neu anpassen mussten, die D\u00fcsen verst\u00e4rken mussten, nachdem wir die Dosierung f\u00fcr den Startimpuls erh\u00f6ht hatten, das D\u00fcsendesign komplett \u00fcberarbeiten mussten, um ein paar der Probleme zu benennen. Letztendlich bin ich froh, dass wir die Raketen nun erst dieses Jahr herausgebracht haben. Alles in allem w\u00fcrde ich sagen, dass uns die erste Ausgabe des Blitz &amp; Donner Sortiments, bis auf den Flimmer Schweif, schon ganz gut gelungen ist. Besonders stolz sind wir auf den neuen Strobeaufstieg. Phoenix Flimmer: Hier ist noch Luft nach oben beim Schweif. Der Knall ist allerdings der lauteste aus dem Set. Flimmer S\u00e4tze sind recht empfindlich, was die Zusammensetzung und Partikelverteilung angeht. Sie m\u00fcssen je nach Qualit\u00e4t der Chemikalien oft justiert werden, damit es zum gew\u00fcnschten Aufblitzen kommt. Noch komplizierter wird das Ganze, wenn man einen Flimmerschweif durch eine D\u00fcse produzieren will. In der Musterfertigung waren schon deutlich bessere Exemplare dabei. Aber wie es halt so ist: Die Musterfertigung ist keine Massenfertigung! Wenn man mehrere Raketen auf einmal schie\u00dft, kommt der Effekt trotzdem schon ganz gut zur Geltung. F\u00fcr die n\u00e4chste Charge haben wir aber schon einige Ideen, wie wir den Effekt stabiler und besser gestalten k\u00f6nnen. Goldfeder: Die Goldfeder ist zusammen mit der Strobe Salut mein Favorit des Sets. Hier bin ich rundum zufrieden. Besonders die fl\u00fcsterleise Zehrphase nach dem Start und der sich langsam aufbauende Titanschweif wirkt f\u00fcr eine so kleine Rakete sehr imposant. Mehrfach auf Schlag geschossen erh\u00e4lt man ein sehr sch\u00f6nes Bild, was man eigentlich nur von den Schweifen gr\u00f6\u00dferer Raketen gewohnt ist. Silberfeder: Der Knall der Silberfeder ist der leiseste des Sortiments. Silbers\u00e4tze brennen grunds\u00e4tzlich etwas schneller und hei\u00dfer als Gold- oder Flimmers\u00e4tze. Wir wollten auf keinen Fall Abstriche beim Aufstieg machen, weshalb wir dem Silbersatz mehr Platz in der H\u00fclse einger\u00e4umt haben. Daf\u00fcr musste leider etwas weniger Blitzsatz als in den anderen drei Varianten verwendet werden. Wir haben hier extra grobes Titan verwendet, um den Schweif m\u00f6glichst dick und langstehend zu gestalten. Dadurch kann die Silberfeder auch locker mit der gr\u00f6\u00dfer kalibrigen Konkurenz aus China mithalten. Strobe Salut: Der Effekt der Strobe Salut ist den Vorbildern aus den USA nachempfunden. Wie es so oft in der Pyrotechnik ist, war dies ein Zufallsprodukt eines Tests, welchen wir eigentlich aus Jux probiert haben. Das Ganze stellte sich jedoch als so stabil heraus, dass wir es weiter verfolgt haben. Ziel war es das &quot;Ploppen&quot; so laut wie m\u00f6glich zu gestalten, da die Bauart unserer Varianten anders ist als die Vorbilder aus den USA. Ich denke, dies ist uns auch gut gelungen. Mit der ersten Ausgabe der Strobe Salut bin ich jedenfalls sehr zufrieden. Das &quot;Stroben&quot; ist deutlich h\u00f6rbar. Wahrscheinlich l\u00e4sst sich in gr\u00f6\u00dferen Kalibern die Lautst\u00e4rke noch etwas erh\u00f6hen. Wir haben da definitiv Lust auf mehr!\"><\/div><\/div><div class=\"lL\" style=\"max-width:100%;width:640px;margin:5px;\"><\/div><\/p>\n","protected":false},"excerpt":{"rendered":"<p>Blitz &amp; Donner RaketensortimentBekijk deze video op YouTube<\/p>\n","protected":false},"featured_media":20167,"template":"","meta":{"_acf_changed":false},"product_brand":[],"product_cat":[1644],"product_tag":[],"class_list":{"0":"post-84998","1":"product","2":"type-product","3":"status-publish","4":"has-post-thumbnail","6":"product_cat-vuurpijlen","7":"pa_brand-startrade","8":"pa_shots-10st","10":"first","11":"outofstock","12":"taxable","13":"shipping-taxable","14":"product-type-simple"},"acf":[],"yoast_head":"<!-- This site is optimized with the Yoast SEO plugin v26.2 - https:\/\/yoast.com\/wordpress\/plugins\/seo\/ -->\n<title>ABA BLITZ &amp; DONNER Raketensortiment - Pyro Depot<\/title>\n<meta name=\"description\" content=\"ABA BLITZ &amp; DONNER Raketensortiment\" \/>\n<meta name=\"robots\" content=\"index, follow, max-snippet:-1, max-image-preview:large, max-video-preview:-1\" \/>\n<link rel=\"canonical\" href=\"https:\/\/pyro-depot.de\/nl\/product\/aba-blitz-donner-raketensortiment\/\" \/>\n<meta property=\"og:locale\" content=\"nl_NL\" \/>\n<meta property=\"og:type\" content=\"article\" \/>\n<meta property=\"og:title\" content=\"ABA BLITZ &amp; DONNER Raketensortiment - Pyro Depot\" \/>\n<meta property=\"og:description\" content=\"ABA BLITZ &amp; DONNER Raketensortiment\" \/>\n<meta property=\"og:url\" content=\"https:\/\/pyro-depot.de\/nl\/product\/aba-blitz-donner-raketensortiment\/\" \/>\n<meta property=\"og:site_name\" content=\"Pyro Depot\" \/>\n<meta property=\"article:modified_time\" content=\"2025-10-30T17:59:07+00:00\" \/>\n<meta property=\"og:image\" content=\"https:\/\/pyro-depot.de\/wp-content\/uploads\/2021\/10\/2E20D759-01F8-4DBD-A1E2-86AAFA042720.png\" \/>\n\t<meta property=\"og:image:width\" content=\"320\" \/>\n\t<meta property=\"og:image:height\" content=\"320\" \/>\n\t<meta property=\"og:image:type\" content=\"image\/png\" \/>\n<meta name=\"twitter:card\" content=\"summary_large_image\" \/>\n<meta name=\"twitter:label1\" content=\"Geschatte leestijd\" \/>\n\t<meta name=\"twitter:data1\" content=\"1 minuut\" \/>\n<script type=\"application\/ld+json\" class=\"yoast-schema-graph\">{\"@context\":\"https:\/\/schema.org\",\"@graph\":[{\"@type\":\"WebPage\",\"@id\":\"https:\/\/pyro-depot.de\/nl\/product\/aba-blitz-donner-raketensortiment\/\",\"url\":\"https:\/\/pyro-depot.de\/nl\/product\/aba-blitz-donner-raketensortiment\/\",\"name\":\"ABA BLITZ &amp; DONNER Raketensortiment - Pyro Depot\",\"isPartOf\":{\"@id\":\"https:\/\/pyro-depot.de\/nl\/#website\"},\"primaryImageOfPage\":{\"@id\":\"https:\/\/pyro-depot.de\/nl\/product\/aba-blitz-donner-raketensortiment\/#primaryimage\"},\"image\":{\"@id\":\"https:\/\/pyro-depot.de\/nl\/product\/aba-blitz-donner-raketensortiment\/#primaryimage\"},\"thumbnailUrl\":\"https:\/\/pyro-depot.de\/wp-content\/uploads\/2021\/10\/2E20D759-01F8-4DBD-A1E2-86AAFA042720.png\",\"datePublished\":\"2024-10-27T14:29:58+00:00\",\"dateModified\":\"2025-10-30T17:59:07+00:00\",\"description\":\"ABA BLITZ &amp; DONNER Raketensortiment\",\"breadcrumb\":{\"@id\":\"https:\/\/pyro-depot.de\/nl\/product\/aba-blitz-donner-raketensortiment\/#breadcrumb\"},\"inLanguage\":\"nl-NL\",\"potentialAction\":[{\"@type\":\"ReadAction\",\"target\":[\"https:\/\/pyro-depot.de\/nl\/product\/aba-blitz-donner-raketensortiment\/\"]}]},{\"@type\":\"ImageObject\",\"inLanguage\":\"nl-NL\",\"@id\":\"https:\/\/pyro-depot.de\/nl\/product\/aba-blitz-donner-raketensortiment\/#primaryimage\",\"url\":\"https:\/\/pyro-depot.de\/wp-content\/uploads\/2021\/10\/2E20D759-01F8-4DBD-A1E2-86AAFA042720.png\",\"contentUrl\":\"https:\/\/pyro-depot.de\/wp-content\/uploads\/2021\/10\/2E20D759-01F8-4DBD-A1E2-86AAFA042720.png\",\"width\":320,\"height\":320},{\"@type\":\"BreadcrumbList\",\"@id\":\"https:\/\/pyro-depot.de\/nl\/product\/aba-blitz-donner-raketensortiment\/#breadcrumb\",\"itemListElement\":[{\"@type\":\"ListItem\",\"position\":1,\"name\":\"Home\",\"item\":\"https:\/\/pyro-depot.de\/nl\/\"},{\"@type\":\"ListItem\",\"position\":2,\"name\":\"Winkel\",\"item\":\"https:\/\/new.pyro-depot.de\/nl\/winkel\/\"},{\"@type\":\"ListItem\",\"position\":3,\"name\":\"ABA BLITZ &amp; DONNER Raketensortiment\"}]},{\"@type\":\"WebSite\",\"@id\":\"https:\/\/pyro-depot.de\/nl\/#website\",\"url\":\"https:\/\/pyro-depot.de\/nl\/\",\"name\":\"Pyro Depot\",\"description\":\"Feuerwerk vom Profi\",\"publisher\":{\"@id\":\"https:\/\/pyro-depot.de\/nl\/#organization\"},\"potentialAction\":[{\"@type\":\"SearchAction\",\"target\":{\"@type\":\"EntryPoint\",\"urlTemplate\":\"https:\/\/pyro-depot.de\/nl\/?s={search_term_string}\"},\"query-input\":{\"@type\":\"PropertyValueSpecification\",\"valueRequired\":true,\"valueName\":\"search_term_string\"}}],\"inLanguage\":\"nl-NL\"},{\"@type\":\"Organization\",\"@id\":\"https:\/\/pyro-depot.de\/nl\/#organization\",\"name\":\"Pyro Depot\",\"url\":\"https:\/\/pyro-depot.de\/nl\/\",\"logo\":{\"@type\":\"ImageObject\",\"inLanguage\":\"nl-NL\",\"@id\":\"https:\/\/pyro-depot.de\/nl\/#\/schema\/logo\/image\/\",\"url\":\"https:\/\/pyro-depot.de\/wp-content\/uploads\/2024\/10\/cropped-cropped-logo-pyro-elgato.png\",\"contentUrl\":\"https:\/\/pyro-depot.de\/wp-content\/uploads\/2024\/10\/cropped-cropped-logo-pyro-elgato.png\",\"width\":457,\"height\":292,\"caption\":\"Pyro Depot\"},\"image\":{\"@id\":\"https:\/\/pyro-depot.de\/nl\/#\/schema\/logo\/image\/\"}}]}<\/script>\n<!-- \/ Yoast SEO plugin. -->","yoast_head_json":{"title":"ABA BLITZ &amp; DONNER Raketensortiment - Pyro Depot","description":"ABA BLITZ &amp; DONNER Raketensortiment","robots":{"index":"index","follow":"follow","max-snippet":"max-snippet:-1","max-image-preview":"max-image-preview:large","max-video-preview":"max-video-preview:-1"},"canonical":"https:\/\/pyro-depot.de\/nl\/product\/aba-blitz-donner-raketensortiment\/","og_locale":"nl_NL","og_type":"article","og_title":"ABA BLITZ &amp; DONNER Raketensortiment - Pyro Depot","og_description":"ABA BLITZ &amp; DONNER Raketensortiment","og_url":"https:\/\/pyro-depot.de\/nl\/product\/aba-blitz-donner-raketensortiment\/","og_site_name":"Pyro Depot","article_modified_time":"2025-10-30T17:59:07+00:00","og_image":[{"width":320,"height":320,"url":"https:\/\/pyro-depot.de\/wp-content\/uploads\/2021\/10\/2E20D759-01F8-4DBD-A1E2-86AAFA042720.png","type":"image\/png"}],"twitter_card":"summary_large_image","twitter_misc":{"Geschatte leestijd":"1 minuut"},"schema":{"@context":"https:\/\/schema.org","@graph":[{"@type":"WebPage","@id":"https:\/\/pyro-depot.de\/nl\/product\/aba-blitz-donner-raketensortiment\/","url":"https:\/\/pyro-depot.de\/nl\/product\/aba-blitz-donner-raketensortiment\/","name":"ABA BLITZ &amp; DONNER Raketensortiment - Pyro Depot","isPartOf":{"@id":"https:\/\/pyro-depot.de\/nl\/#website"},"primaryImageOfPage":{"@id":"https:\/\/pyro-depot.de\/nl\/product\/aba-blitz-donner-raketensortiment\/#primaryimage"},"image":{"@id":"https:\/\/pyro-depot.de\/nl\/product\/aba-blitz-donner-raketensortiment\/#primaryimage"},"thumbnailUrl":"https:\/\/pyro-depot.de\/wp-content\/uploads\/2021\/10\/2E20D759-01F8-4DBD-A1E2-86AAFA042720.png","datePublished":"2024-10-27T14:29:58+00:00","dateModified":"2025-10-30T17:59:07+00:00","description":"ABA BLITZ &amp; DONNER Raketensortiment","breadcrumb":{"@id":"https:\/\/pyro-depot.de\/nl\/product\/aba-blitz-donner-raketensortiment\/#breadcrumb"},"inLanguage":"nl-NL","potentialAction":[{"@type":"ReadAction","target":["https:\/\/pyro-depot.de\/nl\/product\/aba-blitz-donner-raketensortiment\/"]}]},{"@type":"ImageObject","inLanguage":"nl-NL","@id":"https:\/\/pyro-depot.de\/nl\/product\/aba-blitz-donner-raketensortiment\/#primaryimage","url":"https:\/\/pyro-depot.de\/wp-content\/uploads\/2021\/10\/2E20D759-01F8-4DBD-A1E2-86AAFA042720.png","contentUrl":"https:\/\/pyro-depot.de\/wp-content\/uploads\/2021\/10\/2E20D759-01F8-4DBD-A1E2-86AAFA042720.png","width":320,"height":320},{"@type":"BreadcrumbList","@id":"https:\/\/pyro-depot.de\/nl\/product\/aba-blitz-donner-raketensortiment\/#breadcrumb","itemListElement":[{"@type":"ListItem","position":1,"name":"Home","item":"https:\/\/pyro-depot.de\/nl\/"},{"@type":"ListItem","position":2,"name":"Winkel","item":"https:\/\/new.pyro-depot.de\/nl\/winkel\/"},{"@type":"ListItem","position":3,"name":"ABA BLITZ &amp; DONNER Raketensortiment"}]},{"@type":"WebSite","@id":"https:\/\/pyro-depot.de\/nl\/#website","url":"https:\/\/pyro-depot.de\/nl\/","name":"Pyro Depot","description":"Feuerwerk vom Profi","publisher":{"@id":"https:\/\/pyro-depot.de\/nl\/#organization"},"potentialAction":[{"@type":"SearchAction","target":{"@type":"EntryPoint","urlTemplate":"https:\/\/pyro-depot.de\/nl\/?s={search_term_string}"},"query-input":{"@type":"PropertyValueSpecification","valueRequired":true,"valueName":"search_term_string"}}],"inLanguage":"nl-NL"},{"@type":"Organization","@id":"https:\/\/pyro-depot.de\/nl\/#organization","name":"Pyro Depot","url":"https:\/\/pyro-depot.de\/nl\/","logo":{"@type":"ImageObject","inLanguage":"nl-NL","@id":"https:\/\/pyro-depot.de\/nl\/#\/schema\/logo\/image\/","url":"https:\/\/pyro-depot.de\/wp-content\/uploads\/2024\/10\/cropped-cropped-logo-pyro-elgato.png","contentUrl":"https:\/\/pyro-depot.de\/wp-content\/uploads\/2024\/10\/cropped-cropped-logo-pyro-elgato.png","width":457,"height":292,"caption":"Pyro Depot"},"image":{"@id":"https:\/\/pyro-depot.de\/nl\/#\/schema\/logo\/image\/"}}]}},"_links":{"self":[{"href":"https:\/\/pyro-depot.de\/nl\/wp-json\/wp\/v2\/product\/84998","targetHints":{"allow":["GET"]}}],"collection":[{"href":"https:\/\/pyro-depot.de\/nl\/wp-json\/wp\/v2\/product"}],"about":[{"href":"https:\/\/pyro-depot.de\/nl\/wp-json\/wp\/v2\/types\/product"}],"wp:featuredmedia":[{"embeddable":true,"href":"https:\/\/pyro-depot.de\/nl\/wp-json\/wp\/v2\/media\/20167"}],"wp:attachment":[{"href":"https:\/\/pyro-depot.de\/nl\/wp-json\/wp\/v2\/media?parent=84998"}],"wp:term":[{"taxonomy":"product_brand","embeddable":true,"href":"https:\/\/pyro-depot.de\/nl\/wp-json\/wp\/v2\/product_brand?post=84998"},{"taxonomy":"product_cat","embeddable":true,"href":"https:\/\/pyro-depot.de\/nl\/wp-json\/wp\/v2\/product_cat?post=84998"},{"taxonomy":"product_tag","embeddable":true,"href":"https:\/\/pyro-depot.de\/nl\/wp-json\/wp\/v2\/product_tag?post=84998"}],"curies":[{"name":"wp","href":"https:\/\/api.w.org\/{rel}","templated":true}]}}