	{"id":85033,"date":"2021-01-09T15:21:28","date_gmt":"2021-01-09T13:21:28","guid":{"rendered":"https:\/\/pyro-depot.de\/product\/raptor-princess\/"},"modified":"2025-10-29T14:36:59","modified_gmt":"2025-10-29T12:36:59","slug":"raptor-princess","status":"publish","type":"product","link":"https:\/\/pyro-depot.de\/nl\/product\/raptor-princess\/","title":{"rendered":"Raptor Princess"},"content":{"rendered":"<div class=\"lyte-wrapper\" title=\"&amp;quot;Raptor Princess&amp;quot; - 100sh 25mm Compound by ALBERT [Batch 2022]\" style=\"width:640px;max-width:100%;margin:5px;\"><div class=\"lyMe\" id=\"WYL_y7yvDVZyL6Q\" itemprop=\"video\" itemscope itemtype=\"https:\/\/schema.org\/VideoObject\"><div><meta itemprop=\"thumbnailUrl\" content=\"https:\/\/pyro-depot.de\/wp-content\/plugins\/wp-youtube-lyte\/lyteCache.php?origThumbUrl=https%3A%2F%2Fi.ytimg.com%2Fvi%2Fy7yvDVZyL6Q%2Fhqdefault.jpg\" \/><meta itemprop=\"embedURL\" content=\"https:\/\/www.youtube.com\/embed\/y7yvDVZyL6Q\" \/><meta itemprop=\"duration\" content=\"PT2M5S\" \/><meta itemprop=\"uploadDate\" content=\"2022-11-18T15:15:03Z\" \/><\/div><div id=\"lyte_y7yvDVZyL6Q\" data-src=\"https:\/\/pyro-depot.de\/wp-content\/plugins\/wp-youtube-lyte\/lyteCache.php?origThumbUrl=https%3A%2F%2Fi.ytimg.com%2Fvi%2Fy7yvDVZyL6Q%2Fhqdefault.jpg\" class=\"pL\"><div class=\"tC\"><div class=\"tT\" itemprop=\"name\">&quot;Raptor Princess&quot; - 100sh 25mm Compound by ALBERT [Batch 2022]<\/div><\/div><div class=\"play\"><\/div><div class=\"ctrl\"><div class=\"Lctrl\"><\/div><div class=\"Rctrl\"><\/div><\/div><\/div><noscript><a href=\"https:\/\/youtu.be\/y7yvDVZyL6Q\" rel=\"nofollow\"><img decoding=\"async\" src=\"https:\/\/pyro-depot.de\/wp-content\/plugins\/wp-youtube-lyte\/lyteCache.php?origThumbUrl=https%3A%2F%2Fi.ytimg.com%2Fvi%2Fy7yvDVZyL6Q%2F0.jpg\" alt=\"&amp;quot;Raptor Princess&amp;quot; - 100sh 25mm Compound by ALBERT [Batch 2022]\" width=\"640\" height=\"340\" \/><br \/>Bekijk deze video op YouTube<\/a><\/noscript><meta itemprop=\"description\" content=\"DE: AC25-100-2 100 Schuss Verbundfeuerwerk &quot;Raptor Princess&quot;, Kal. 25mm, ca. 45 Sekunden, 1257,8g NEM, CE Kategorie F2 (2806 - F2 - 001539), ADR 1.4G Verbundfeuerwerk mit 100 Schuss im Kaliber 25mm, mit ca. 1260g Satzmenge und ca. 45 Sekunden Brenndauer. Effekte: 1.) Blauer Leuchtspur-Aufstieg zu blauer P\u00e4onie mit TItangoldweide und goldenen Blinkern 2.) Blauer Leuchtspur-Aufstieg zu blauer P\u00e4onie mit TItangoldweide und gr\u00fcnen Blinkern 3.) Blauer Leuchtspur-Aufstieg zu blauer P\u00e4onie mit TItangoldweide und roten Blinkern 4.) Blauer Leuchtspur-Aufstieg zu blauer P\u00e4onie mit Corollaweide und Blinkern in Gold und Gr\u00fcn 5.) Blauer Leuchtspur-Aufstieg zu blauer P\u00e4onie mit Corollaweide und Blinkern in Rot und Gr\u00fcn Jetzt zu kaufen \u00fcber unseren Onlineshop www.argento.de (nur f\u00fcr H\u00e4ndler \/ Pyrotechniker) sowie bei vielen Feuerwerks Onlineshops und Fachh\u00e4ndlern! EN: AC25-100-2 100 Shots compound fireworks &quot;Raptor Princess&quot;, Cal. 25mm, ca. 45 Seconds, 1257,8g NEC, CE Category F2 (2806 - F2 - 001539), ADR 1.4G Compound fireworks with 100 shots in caliber 25mm, with ca. 1260g powder weight and a duration of ca. 45 seconds. Effects: 1.) Blue tail to blue peony with gold titanium willow and gold strobe 2.) Blue tail to blue peony with gold titanium willow and green strobe 3.) Blue tail to blue peony with gold titanium willow and red strobe 4.) Blue tail to blue peony with Corolla and gold strobe and green strobe 5.) Blue tail to blue peony with Corolla and red strobe and green strobe Purchase now at our onlineshop www.argento.de (only for resellers \/ pyrotechnicians) or at many fireworks stores!\"><\/div><\/div><div class=\"lL\" style=\"max-width:100%;width:640px;margin:5px;\"><\/div><\/p>\n","protected":false},"excerpt":{"rendered":"<p>De nieuwe Funke lijn &#8221; Albert Feuerwerk&#8221; de zelfde top kwaliteit als de funke artikelen maar dan voor een zacht prijsje<\/p>\n","protected":false},"featured_media":20070,"template":"","meta":{"_acf_changed":false},"product_brand":[],"product_cat":[1637],"product_tag":[],"class_list":{"0":"post-85033","1":"product","2":"type-product","3":"status-publish","4":"has-post-thumbnail","6":"product_cat-compoundcakeboxen","7":"pa_adr-albert-feuerwerk","8":"pa_adr-funke","9":"pa_brand-albert-feuerwerk-nl","10":"pa_shots-100sh","12":"first","13":"outofstock","14":"taxable","15":"shipping-taxable","16":"product-type-simple"},"acf":[],"yoast_head":"<!-- This site is optimized with the Yoast SEO plugin v26.2 - https:\/\/yoast.com\/wordpress\/plugins\/seo\/ -->\n<title>Raptor Princess - Pyro Depot<\/title>\n<meta name=\"description\" content=\"Raptor Princess\" \/>\n<meta name=\"robots\" content=\"index, follow, max-snippet:-1, max-image-preview:large, max-video-preview:-1\" \/>\n<link rel=\"canonical\" href=\"https:\/\/pyro-depot.de\/nl\/product\/raptor-princess\/\" \/>\n<meta property=\"og:locale\" content=\"nl_NL\" \/>\n<meta property=\"og:type\" content=\"article\" \/>\n<meta property=\"og:title\" content=\"Raptor Princess - Pyro Depot\" \/>\n<meta property=\"og:description\" content=\"Raptor Princess\" \/>\n<meta property=\"og:url\" content=\"https:\/\/pyro-depot.de\/nl\/product\/raptor-princess\/\" \/>\n<meta property=\"og:site_name\" content=\"Pyro Depot\" \/>\n<meta property=\"article:modified_time\" content=\"2025-10-29T12:36:59+00:00\" \/>\n<meta property=\"og:image\" content=\"https:\/\/pyro-depot.de\/wp-content\/uploads\/2021\/01\/imageedit_1_7405680741.png\" \/>\n\t<meta property=\"og:image:width\" content=\"1000\" \/>\n\t<meta property=\"og:image:height\" content=\"1000\" \/>\n\t<meta property=\"og:image:type\" content=\"image\/png\" \/>\n<meta name=\"twitter:card\" content=\"summary_large_image\" \/>\n<meta name=\"twitter:label1\" content=\"Geschatte leestijd\" \/>\n\t<meta name=\"twitter:data1\" content=\"1 minuut\" \/>\n<script type=\"application\/ld+json\" class=\"yoast-schema-graph\">{\"@context\":\"https:\/\/schema.org\",\"@graph\":[{\"@type\":\"WebPage\",\"@id\":\"https:\/\/pyro-depot.de\/nl\/product\/raptor-princess\/\",\"url\":\"https:\/\/pyro-depot.de\/nl\/product\/raptor-princess\/\",\"name\":\"Raptor Princess - Pyro Depot\",\"isPartOf\":{\"@id\":\"https:\/\/pyro-depot.de\/nl\/#website\"},\"primaryImageOfPage\":{\"@id\":\"https:\/\/pyro-depot.de\/nl\/product\/raptor-princess\/#primaryimage\"},\"image\":{\"@id\":\"https:\/\/pyro-depot.de\/nl\/product\/raptor-princess\/#primaryimage\"},\"thumbnailUrl\":\"https:\/\/pyro-depot.de\/wp-content\/uploads\/2021\/01\/imageedit_1_7405680741.png\",\"datePublished\":\"2021-01-09T13:21:28+00:00\",\"dateModified\":\"2025-10-29T12:36:59+00:00\",\"description\":\"Raptor Princess\",\"breadcrumb\":{\"@id\":\"https:\/\/pyro-depot.de\/nl\/product\/raptor-princess\/#breadcrumb\"},\"inLanguage\":\"nl-NL\",\"potentialAction\":[{\"@type\":\"ReadAction\",\"target\":[\"https:\/\/pyro-depot.de\/nl\/product\/raptor-princess\/\"]}]},{\"@type\":\"ImageObject\",\"inLanguage\":\"nl-NL\",\"@id\":\"https:\/\/pyro-depot.de\/nl\/product\/raptor-princess\/#primaryimage\",\"url\":\"https:\/\/pyro-depot.de\/wp-content\/uploads\/2021\/01\/imageedit_1_7405680741.png\",\"contentUrl\":\"https:\/\/pyro-depot.de\/wp-content\/uploads\/2021\/01\/imageedit_1_7405680741.png\",\"width\":1000,\"height\":1000},{\"@type\":\"BreadcrumbList\",\"@id\":\"https:\/\/pyro-depot.de\/nl\/product\/raptor-princess\/#breadcrumb\",\"itemListElement\":[{\"@type\":\"ListItem\",\"position\":1,\"name\":\"Home\",\"item\":\"https:\/\/pyro-depot.de\/nl\/\"},{\"@type\":\"ListItem\",\"position\":2,\"name\":\"Winkel\",\"item\":\"https:\/\/new.pyro-depot.de\/nl\/winkel\/\"},{\"@type\":\"ListItem\",\"position\":3,\"name\":\"Raptor Princess\"}]},{\"@type\":\"WebSite\",\"@id\":\"https:\/\/pyro-depot.de\/nl\/#website\",\"url\":\"https:\/\/pyro-depot.de\/nl\/\",\"name\":\"Pyro Depot\",\"description\":\"Feuerwerk vom Profi\",\"publisher\":{\"@id\":\"https:\/\/pyro-depot.de\/nl\/#organization\"},\"potentialAction\":[{\"@type\":\"SearchAction\",\"target\":{\"@type\":\"EntryPoint\",\"urlTemplate\":\"https:\/\/pyro-depot.de\/nl\/?s={search_term_string}\"},\"query-input\":{\"@type\":\"PropertyValueSpecification\",\"valueRequired\":true,\"valueName\":\"search_term_string\"}}],\"inLanguage\":\"nl-NL\"},{\"@type\":\"Organization\",\"@id\":\"https:\/\/pyro-depot.de\/nl\/#organization\",\"name\":\"Pyro Depot\",\"url\":\"https:\/\/pyro-depot.de\/nl\/\",\"logo\":{\"@type\":\"ImageObject\",\"inLanguage\":\"nl-NL\",\"@id\":\"https:\/\/pyro-depot.de\/nl\/#\/schema\/logo\/image\/\",\"url\":\"https:\/\/pyro-depot.de\/wp-content\/uploads\/2024\/10\/cropped-cropped-logo-pyro-elgato.png\",\"contentUrl\":\"https:\/\/pyro-depot.de\/wp-content\/uploads\/2024\/10\/cropped-cropped-logo-pyro-elgato.png\",\"width\":457,\"height\":292,\"caption\":\"Pyro Depot\"},\"image\":{\"@id\":\"https:\/\/pyro-depot.de\/nl\/#\/schema\/logo\/image\/\"}}]}<\/script>\n<!-- \/ Yoast SEO plugin. -->","yoast_head_json":{"title":"Raptor Princess - Pyro Depot","description":"Raptor Princess","robots":{"index":"index","follow":"follow","max-snippet":"max-snippet:-1","max-image-preview":"max-image-preview:large","max-video-preview":"max-video-preview:-1"},"canonical":"https:\/\/pyro-depot.de\/nl\/product\/raptor-princess\/","og_locale":"nl_NL","og_type":"article","og_title":"Raptor Princess - Pyro Depot","og_description":"Raptor Princess","og_url":"https:\/\/pyro-depot.de\/nl\/product\/raptor-princess\/","og_site_name":"Pyro Depot","article_modified_time":"2025-10-29T12:36:59+00:00","og_image":[{"width":1000,"height":1000,"url":"https:\/\/pyro-depot.de\/wp-content\/uploads\/2021\/01\/imageedit_1_7405680741.png","type":"image\/png"}],"twitter_card":"summary_large_image","twitter_misc":{"Geschatte leestijd":"1 minuut"},"schema":{"@context":"https:\/\/schema.org","@graph":[{"@type":"WebPage","@id":"https:\/\/pyro-depot.de\/nl\/product\/raptor-princess\/","url":"https:\/\/pyro-depot.de\/nl\/product\/raptor-princess\/","name":"Raptor Princess - Pyro Depot","isPartOf":{"@id":"https:\/\/pyro-depot.de\/nl\/#website"},"primaryImageOfPage":{"@id":"https:\/\/pyro-depot.de\/nl\/product\/raptor-princess\/#primaryimage"},"image":{"@id":"https:\/\/pyro-depot.de\/nl\/product\/raptor-princess\/#primaryimage"},"thumbnailUrl":"https:\/\/pyro-depot.de\/wp-content\/uploads\/2021\/01\/imageedit_1_7405680741.png","datePublished":"2021-01-09T13:21:28+00:00","dateModified":"2025-10-29T12:36:59+00:00","description":"Raptor Princess","breadcrumb":{"@id":"https:\/\/pyro-depot.de\/nl\/product\/raptor-princess\/#breadcrumb"},"inLanguage":"nl-NL","potentialAction":[{"@type":"ReadAction","target":["https:\/\/pyro-depot.de\/nl\/product\/raptor-princess\/"]}]},{"@type":"ImageObject","inLanguage":"nl-NL","@id":"https:\/\/pyro-depot.de\/nl\/product\/raptor-princess\/#primaryimage","url":"https:\/\/pyro-depot.de\/wp-content\/uploads\/2021\/01\/imageedit_1_7405680741.png","contentUrl":"https:\/\/pyro-depot.de\/wp-content\/uploads\/2021\/01\/imageedit_1_7405680741.png","width":1000,"height":1000},{"@type":"BreadcrumbList","@id":"https:\/\/pyro-depot.de\/nl\/product\/raptor-princess\/#breadcrumb","itemListElement":[{"@type":"ListItem","position":1,"name":"Home","item":"https:\/\/pyro-depot.de\/nl\/"},{"@type":"ListItem","position":2,"name":"Winkel","item":"https:\/\/new.pyro-depot.de\/nl\/winkel\/"},{"@type":"ListItem","position":3,"name":"Raptor Princess"}]},{"@type":"WebSite","@id":"https:\/\/pyro-depot.de\/nl\/#website","url":"https:\/\/pyro-depot.de\/nl\/","name":"Pyro Depot","description":"Feuerwerk vom Profi","publisher":{"@id":"https:\/\/pyro-depot.de\/nl\/#organization"},"potentialAction":[{"@type":"SearchAction","target":{"@type":"EntryPoint","urlTemplate":"https:\/\/pyro-depot.de\/nl\/?s={search_term_string}"},"query-input":{"@type":"PropertyValueSpecification","valueRequired":true,"valueName":"search_term_string"}}],"inLanguage":"nl-NL"},{"@type":"Organization","@id":"https:\/\/pyro-depot.de\/nl\/#organization","name":"Pyro Depot","url":"https:\/\/pyro-depot.de\/nl\/","logo":{"@type":"ImageObject","inLanguage":"nl-NL","@id":"https:\/\/pyro-depot.de\/nl\/#\/schema\/logo\/image\/","url":"https:\/\/pyro-depot.de\/wp-content\/uploads\/2024\/10\/cropped-cropped-logo-pyro-elgato.png","contentUrl":"https:\/\/pyro-depot.de\/wp-content\/uploads\/2024\/10\/cropped-cropped-logo-pyro-elgato.png","width":457,"height":292,"caption":"Pyro Depot"},"image":{"@id":"https:\/\/pyro-depot.de\/nl\/#\/schema\/logo\/image\/"}}]}},"_links":{"self":[{"href":"https:\/\/pyro-depot.de\/nl\/wp-json\/wp\/v2\/product\/85033","targetHints":{"allow":["GET"]}}],"collection":[{"href":"https:\/\/pyro-depot.de\/nl\/wp-json\/wp\/v2\/product"}],"about":[{"href":"https:\/\/pyro-depot.de\/nl\/wp-json\/wp\/v2\/types\/product"}],"wp:featuredmedia":[{"embeddable":true,"href":"https:\/\/pyro-depot.de\/nl\/wp-json\/wp\/v2\/media\/20070"}],"wp:attachment":[{"href":"https:\/\/pyro-depot.de\/nl\/wp-json\/wp\/v2\/media?parent=85033"}],"wp:term":[{"taxonomy":"product_brand","embeddable":true,"href":"https:\/\/pyro-depot.de\/nl\/wp-json\/wp\/v2\/product_brand?post=85033"},{"taxonomy":"product_cat","embeddable":true,"href":"https:\/\/pyro-depot.de\/nl\/wp-json\/wp\/v2\/product_cat?post=85033"},{"taxonomy":"product_tag","embeddable":true,"href":"https:\/\/pyro-depot.de\/nl\/wp-json\/wp\/v2\/product_tag?post=85033"}],"curies":[{"name":"wp","href":"https:\/\/api.w.org\/{rel}","templated":true}]}}